{"id":46,"date":"2026-04-16T22:01:00","date_gmt":"2026-04-16T22:01:00","guid":{"rendered":"http:\/\/woo.apylaser.com\/?page_id=46"},"modified":"2026-04-16T22:02:32","modified_gmt":"2026-04-16T22:02:32","slug":"sur-mesure","status":"publish","type":"page","link":"https:\/\/woo.apylaser.com\/?page_id=46","title":{"rendered":"Sur mesure"},"content":{"rendered":"\t\t<div data-elementor-type=\"wp-page\" data-elementor-id=\"46\" class=\"elementor elementor-46\">\n\t\t\t\t<div class=\"elementor-element elementor-element-52dcac5 e-flex e-con-boxed e-con e-parent\" data-id=\"52dcac5\" data-element_type=\"container\" data-e-type=\"container\">\n\t\t\t\t\t<div class=\"e-con-inner\">\n\t\t\t\t<div class=\"elementor-element elementor-element-9caefe1 elementor-widget elementor-widget-heading\" data-id=\"9caefe1\" data-element_type=\"widget\" data-e-type=\"widget\" data-widget_type=\"heading.default\">\n\t\t\t\t\t<h2 class=\"elementor-heading-title elementor-size-default\">Professionnels, associations, particuliers, APY Laser fait \u00e9galement du sur-mesure<\/h2>\t\t\t\t<\/div>\n\t\t\t\t\t<\/div>\n\t\t\t\t<\/div>\n\t\t<div class=\"elementor-element elementor-element-16325d9 e-flex e-con-boxed e-con e-parent\" data-id=\"16325d9\" data-element_type=\"container\" data-e-type=\"container\">\n\t\t\t\t\t<div class=\"e-con-inner\">\n\t\t\t\t<div class=\"elementor-element elementor-element-bc81ff6 elementor-widget elementor-widget-text-editor\" data-id=\"bc81ff6\" data-element_type=\"widget\" data-e-type=\"widget\" data-widget_type=\"text-editor.default\">\n\t\t\t\t\t\t\t\t\t<p>Vous avez un projet bien pr\u00e9cis en t\u00eate ou vous souhaitez une quantit\u00e9 plus importante que celle en stock sur la boutique.<\/p>\t\t\t\t\t\t\t\t<\/div>\n\t\t\t\t\t<\/div>\n\t\t\t\t<\/div>\n\t\t<div class=\"elementor-element elementor-element-16898ae e-flex e-con-boxed e-con e-parent\" data-id=\"16898ae\" data-element_type=\"container\" data-e-type=\"container\">\n\t\t\t\t\t<div class=\"e-con-inner\">\n\t\t\t\t<div class=\"elementor-element elementor-element-79894a7 elementor-widget elementor-widget-heading\" data-id=\"79894a7\" data-element_type=\"widget\" data-e-type=\"widget\" data-widget_type=\"heading.default\">\n\t\t\t\t\t<h3 class=\"elementor-heading-title elementor-size-default\">Pour vous faire un devis le plus pr\u00e9cis possible<\/h3>\t\t\t\t<\/div>\n\t\t\t\t\t<\/div>\n\t\t\t\t<\/div>\n\t\t<div class=\"elementor-element elementor-element-8b762c2 e-flex e-con-boxed e-con e-parent\" data-id=\"8b762c2\" data-element_type=\"container\" data-e-type=\"container\">\n\t\t\t\t\t<div class=\"e-con-inner\">\n\t\t\t\t<div class=\"elementor-element elementor-element-60255e1 elementor-widget elementor-widget-text-editor\" data-id=\"60255e1\" data-element_type=\"widget\" data-e-type=\"widget\" data-widget_type=\"text-editor.default\">\n\t\t\t\t\t\t\t\t\t<div class=\"elementor-element elementor-element-jt0uspg elementor-widget elementor-widget-text-editor\" data-id=\"jt0uspg\" data-element_type=\"text-editor.default\"><div class=\"elementor-widget-container\"><div class=\"elementor-text-editor elementor-clearfix\"><p>Il faudra nous fournir :<\/p><p>\u2713 la quantit\u00e9 que vous souhaitez<\/p><p>\u2713 la mati\u00e8re et\/ou si l\u2019objet est d\u00e9j\u00e0 en vente sur la boutique pr\u00e9cisez le\u00a0<\/p><p>\u2713 les dimensions<\/p><p>\u2713 votre budget<\/p><p>\u2713 votre d\u00e9lai<\/p><p>Ce que vous d\u00e9sirez y inscrire texte, logo, image\u2026.(attention le fichier que vous d\u00e9sirez faire graver doit \u00eatre de bonne qualit\u00e9 jpeg, png, cdr, svg, pdf\u2026) vous pouvez fournir ce fichier en pi\u00e8ce jointe dans votre message.<\/p><\/div><\/div><\/div><div class=\"elementor-element elementor-element-lyl6idy elementor-widget elementor-widget-text-editor\" data-id=\"lyl6idy\" data-element_type=\"text-editor.default\"><div class=\"elementor-widget-container\"><div class=\"elementor-text-editor elementor-clearfix\"><p>Compl\u00e9tez le formulaire ci-dessous et nous reviendrons vers vous pour parler ensemble de la faisabilit\u00e9 de votre projet.<\/p><p>Un devis vous sera fourni, une fois celui-ci sign\u00e9, un lien vous sera envoy\u00e9 pour r\u00e9gler cette commande directement sur la boutique en ligne, celle-ci sera alors trait\u00e9e et r\u00e9alis\u00e9e et elle vous sera soit exp\u00e9di\u00e9e, soit vous pourrez venir la chercher directement \u00e0 l\u2019atelier.<\/p><p>Vous pourrez choisir au moment de la validation de la commande.<\/p><p>Une fois valid\u00e9e, il ne sera plus possible de faire de changement car votre commande sera r\u00e9alis\u00e9e.<\/p><p>S\u2019il y a quoi que ce soit une h\u00e9sitation ou un questionnement, n\u2019h\u00e9sitez pas \u00e0 nous contacter !<\/p><p>Attention : V\u00e9rifiez bien votre adresse email si je ne r\u00e9pond pas \u00e0 votre demande de devis c&rsquo;est que celle-ci a \u00e9t\u00e9 mal saisie, chaque demande re\u00e7oit une r\u00e9ponse<\/p><\/div><\/div><\/div>\t\t\t\t\t\t\t\t<\/div>\n\t\t\t\t\t<\/div>\n\t\t\t\t<\/div>\n\t\t<div class=\"elementor-element elementor-element-3fb51ba e-flex e-con-boxed e-con e-parent\" data-id=\"3fb51ba\" data-element_type=\"container\" data-e-type=\"container\">\n\t\t\t\t\t<div class=\"e-con-inner\">\n\t\t\t\t<div class=\"elementor-element elementor-element-9de9dba elementor-widget elementor-widget-html\" data-id=\"9de9dba\" data-element_type=\"widget\" data-e-type=\"widget\" data-widget_type=\"html.default\">\n\t\t\t\t\t<form id=\"devis-form\" method=\"post\" enctype=\"multipart\/form-data\" action=\"\">\r\n  <div style=\"display:grid; grid-template-columns:1fr 1fr; gap:20px;\">\r\n    <div>\r\n      <label>E-mail *<\/label>\r\n      <input type=\"email\" name=\"email\" required style=\"width:100%; padding:8px; border:1px solid #ccc; border-radius:4px; margin-top:5px;\">\r\n      \r\n      <label style=\"margin-top:15px; display:block;\">Quantit\u00e9<\/label>\r\n      <input type=\"text\" name=\"quantite\" style=\"width:100%; padding:8px; border:1px solid #ccc; border-radius:4px; margin-top:5px;\">\r\n      \r\n      <label style=\"margin-top:15px; display:block;\">Mati\u00e8re<\/label>\r\n      <input type=\"text\" name=\"matiere\" style=\"width:100%; padding:8px; border:1px solid #ccc; border-radius:4px; margin-top:5px;\">\r\n      \r\n      <label style=\"margin-top:15px; display:block;\">Dimensions<\/label>\r\n      <input type=\"text\" name=\"dimensions\" style=\"width:100%; padding:8px; border:1px solid #ccc; border-radius:4px; margin-top:5px;\">\r\n      \r\n      <label style=\"margin-top:15px; display:block;\">Votre budget<\/label>\r\n      <input type=\"text\" name=\"budget\" style=\"width:100%; padding:8px; border:1px solid #ccc; border-radius:4px; margin-top:5px;\">\r\n      \r\n      <label style=\"margin-top:15px; display:block;\">Votre d\u00e9lai<\/label>\r\n      <input type=\"text\" name=\"delai\" style=\"width:100%; padding:8px; border:1px solid #ccc; border-radius:4px; margin-top:5px;\">\r\n    <\/div>\r\n    \r\n    <div>\r\n      <label>Ce que vous d\u00e9sirez y inscrire texte, logo, image<\/label>\r\n      <textarea name=\"texte\" rows=\"8\" style=\"width:100%; padding:8px; border:1px solid #ccc; border-radius:4px; margin-top:5px;\"><\/textarea>\r\n      <p style=\"font-size:12px; color:#999; font-style:italic;\">Attention : le fichier que vous d\u00e9sirez faire graver doit \u00eatre de bonne qualit\u00e9 (.jpeg, .png, .cdr, .svg, .pdf...). Vous pouvez fournir ce fichier en pi\u00e8ce jointe dans votre message.<\/p>\r\n      \r\n      <label style=\"margin-top:15px; display:block;\">Votre fichier<\/label>\r\n      <input type=\"file\" name=\"fichier\" accept=\".jpg,.jpeg,.png,.pdf,.cdr,.svg\" style=\"width:100%; padding:8px; border:1px solid #ccc; border-radius:4px; margin-top:5px;\">\r\n    <\/div>\r\n  <\/div>\r\n  \r\n  <div style=\"text-align:center; margin-top:20px;\">\r\n    <?php wp_nonce_field('devis_form', 'devis_nonce'); ?>\r\n    <input type=\"submit\" name=\"devis_submit\" value=\"ENVOYER\" style=\"background:#69C1B6; color:#fff; border:none; padding:12px 40px; font-size:14px; font-weight:bold; cursor:pointer; border-radius:4px; letter-spacing:1px;\">\r\n  <\/div>\r\n<\/form>\r\n\r\n<?php if(isset($_GET['devis']) && $_GET['devis'] == 'ok'): ?>\r\n<p style=\"color:green; text-align:center;\">Votre message a bien \u00e9t\u00e9 envoy\u00e9 !<\/p>\r\n<?php elseif(isset($_GET['devis']) && $_GET['devis'] == 'error'): ?>\r\n<p style=\"color:red; text-align:center;\">Une erreur s'est produite, veuillez r\u00e9essayer.<\/p>\r\n<?php endif; ?>\t\t\t\t<\/div>\n\t\t\t\t\t<\/div>\n\t\t\t\t<\/div>\n\t\t\t\t<\/div>\n\t\t","protected":false},"excerpt":{"rendered":"<p>Professionnels, associations, particuliers, APY Laser fait \u00e9galement du sur-mesure Vous avez un projet bien pr\u00e9cis en t\u00eate ou vous souhaitez [&hellip;]<\/p>\n","protected":false},"author":1,"featured_media":0,"parent":0,"menu_order":0,"comment_status":"closed","ping_status":"closed","template":"","meta":{"site-sidebar-layout":"no-sidebar","site-content-layout":"","ast-site-content-layout":"full-width-container","site-content-style":"default","site-sidebar-style":"default","ast-global-header-display":"","ast-banner-title-visibility":"","ast-main-header-display":"","ast-hfb-above-header-display":"","ast-hfb-below-header-display":"","ast-hfb-mobile-header-display":"","site-post-title":"","ast-breadcrumbs-content":"","ast-featured-img":"disabled","footer-sml-layout":"","ast-disable-related-posts":"","theme-transparent-header-meta":"","adv-header-id-meta":"","stick-header-meta":"","header-above-stick-meta":"","header-main-stick-meta":"","header-below-stick-meta":"","astra-migrate-meta-layouts":"default","ast-page-background-enabled":"default","ast-page-background-meta":{"desktop":{"background-color":"var(--ast-global-color-5)","background-image":"","background-repeat":"repeat","background-position":"center center","background-size":"auto","background-attachment":"scroll","background-type":"","background-media":"","overlay-type":"","overlay-color":"","overlay-opacity":"","overlay-gradient":""},"tablet":{"background-color":"","background-image":"","background-repeat":"repeat","background-position":"center center","background-size":"auto","background-attachment":"scroll","background-type":"","background-media":"","overlay-type":"","overlay-color":"","overlay-opacity":"","overlay-gradient":""},"mobile":{"background-color":"","background-image":"","background-repeat":"repeat","background-position":"center center","background-size":"auto","background-attachment":"scroll","background-type":"","background-media":"","overlay-type":"","overlay-color":"","overlay-opacity":"","overlay-gradient":""}},"ast-content-background-meta":{"desktop":{"background-color":"var(--ast-global-color-4)","background-image":"","background-repeat":"repeat","background-position":"center center","background-size":"auto","background-attachment":"scroll","background-type":"","background-media":"","overlay-type":"","overlay-color":"","overlay-opacity":"","overlay-gradient":""},"tablet":{"background-color":"var(--ast-global-color-4)","background-image":"","background-repeat":"repeat","background-position":"center center","background-size":"auto","background-attachment":"scroll","background-type":"","background-media":"","overlay-type":"","overlay-color":"","overlay-opacity":"","overlay-gradient":""},"mobile":{"background-color":"var(--ast-global-color-4)","background-image":"","background-repeat":"repeat","background-position":"center center","background-size":"auto","background-attachment":"scroll","background-type":"","background-media":"","overlay-type":"","overlay-color":"","overlay-opacity":"","overlay-gradient":""}},"footnotes":""},"class_list":["post-46","page","type-page","status-publish","hentry"],"_links":{"self":[{"href":"https:\/\/woo.apylaser.com\/index.php?rest_route=\/wp\/v2\/pages\/46","targetHints":{"allow":["GET"]}}],"collection":[{"href":"https:\/\/woo.apylaser.com\/index.php?rest_route=\/wp\/v2\/pages"}],"about":[{"href":"https:\/\/woo.apylaser.com\/index.php?rest_route=\/wp\/v2\/types\/page"}],"author":[{"embeddable":true,"href":"https:\/\/woo.apylaser.com\/index.php?rest_route=\/wp\/v2\/users\/1"}],"replies":[{"embeddable":true,"href":"https:\/\/woo.apylaser.com\/index.php?rest_route=%2Fwp%2Fv2%2Fcomments&post=46"}],"version-history":[{"count":4,"href":"https:\/\/woo.apylaser.com\/index.php?rest_route=\/wp\/v2\/pages\/46\/revisions"}],"predecessor-version":[{"id":50,"href":"https:\/\/woo.apylaser.com\/index.php?rest_route=\/wp\/v2\/pages\/46\/revisions\/50"}],"wp:attachment":[{"href":"https:\/\/woo.apylaser.com\/index.php?rest_route=%2Fwp%2Fv2%2Fmedia&parent=46"}],"curies":[{"name":"wp","href":"https:\/\/api.w.org\/{rel}","templated":true}]}}