{"id":83,"date":"2026-04-16T22:29:11","date_gmt":"2026-04-16T22:29:11","guid":{"rendered":"http:\/\/woo.apylaser.com\/?page_id=83"},"modified":"2026-04-16T22:29:55","modified_gmt":"2026-04-16T22:29:55","slug":"a-propos","status":"publish","type":"page","link":"https:\/\/woo.apylaser.com\/?page_id=83","title":{"rendered":"A propos"},"content":{"rendered":"\t\t<div data-elementor-type=\"wp-page\" data-elementor-id=\"83\" class=\"elementor elementor-83\">\n\t\t\t\t<div class=\"elementor-element elementor-element-86bd1fa e-flex e-con-boxed e-con e-parent\" data-id=\"86bd1fa\" data-element_type=\"container\" data-e-type=\"container\">\n\t\t\t\t\t<div class=\"e-con-inner\">\n\t\t\t\t<div class=\"elementor-element elementor-element-2eb07ae elementor-widget elementor-widget-text-editor\" data-id=\"2eb07ae\" data-element_type=\"widget\" data-e-type=\"widget\" data-widget_type=\"text-editor.default\">\n\t\t\t\t\t\t\t\t\t<p>APY Laser est une soci\u00e9t\u00e9 sous forme juridique SASU.<\/p><p>C\u2019est un projet qui abouti apr\u00e8s quasiment 2 ans de r\u00e9flexion, le monde de la cr\u00e9ation a toujours \u00e9t\u00e9 \u00e0 l&rsquo;honneur dans ma vie et je suis ravie de partager et travailler avec vous sur ce nouvel aboutissement.<\/p><p>\u00a0<\/p><p>Pour celles et ceux qui me connaissant d\u00e9j\u00e0, je ne suis pas une petite nouvelle dans ce monde du e-commerce, j\u2019ai eu pendant 8 ans une boutique en ligne ELARA CREATIF et la vie \u00e0 fait que j\u2019ai d\u00e9cid\u00e9 de privil\u00e9gier ma famille.<\/p><p>\u00a0<\/p><p>Aujourd\u2019hui maman d\u2019une fille adolescente et toujours cette envie d\u2019entreprendre car oui elle ne vous quitte jamais quand vous l\u2019avez en vous.<\/p><p>\u00a0<\/p><p>Je retourne \u00e0 mes d\u00e9buts et repart sur une activit\u00e9 de cr\u00e9ations comme j\u2019aime tant. Et quoi de mieux que de r\u00e9aliser des projets avec vous en sachant que \u00e7a sera des produits personnalis\u00e9s pour vous mais aussi pour offrir \u00e0 vos proches qui je ne doute pas seront touch\u00e9s de cette attention.<\/p><p>Cette id\u00e9e me plaisait tant de savoir que les produits que vous allez commander vont apporter de la joie autour de vous.<\/p><p>\u00a0<\/p><p>Apy laser s\u2019adresse aux particuliers mais \u00e9galement aux professionnels.<\/p><p>\u00a0<\/p><p>Je vous remercie de votre confiance et de votre soutien.<\/p>\t\t\t\t\t\t\t\t<\/div>\n\t\t\t\t\t<\/div>\n\t\t\t\t<\/div>\n\t\t\t\t<\/div>\n\t\t","protected":false},"excerpt":{"rendered":"<p>APY Laser est une soci\u00e9t\u00e9 sous forme juridique SASU. C\u2019est un projet qui abouti apr\u00e8s quasiment 2 ans de r\u00e9flexion, [&hellip;]<\/p>\n","protected":false},"author":1,"featured_media":0,"parent":0,"menu_order":0,"comment_status":"closed","ping_status":"closed","template":"","meta":{"site-sidebar-layout":"no-sidebar","site-content-layout":"","ast-site-content-layout":"full-width-container","site-content-style":"default","site-sidebar-style":"default","ast-global-header-display":"","ast-banner-title-visibility":"","ast-main-header-display":"","ast-hfb-above-header-display":"","ast-hfb-below-header-display":"","ast-hfb-mobile-header-display":"","site-post-title":"","ast-breadcrumbs-content":"","ast-featured-img":"disabled","footer-sml-layout":"","ast-disable-related-posts":"","theme-transparent-header-meta":"","adv-header-id-meta":"","stick-header-meta":"","header-above-stick-meta":"","header-main-stick-meta":"","header-below-stick-meta":"","astra-migrate-meta-layouts":"default","ast-page-background-enabled":"default","ast-page-background-meta":{"desktop":{"background-color":"var(--ast-global-color-5)","background-image":"","background-repeat":"repeat","background-position":"center center","background-size":"auto","background-attachment":"scroll","background-type":"","background-media":"","overlay-type":"","overlay-color":"","overlay-opacity":"","overlay-gradient":""},"tablet":{"background-color":"","background-image":"","background-repeat":"repeat","background-position":"center center","background-size":"auto","background-attachment":"scroll","background-type":"","background-media":"","overlay-type":"","overlay-color":"","overlay-opacity":"","overlay-gradient":""},"mobile":{"background-color":"","background-image":"","background-repeat":"repeat","background-position":"center center","background-size":"auto","background-attachment":"scroll","background-type":"","background-media":"","overlay-type":"","overlay-color":"","overlay-opacity":"","overlay-gradient":""}},"ast-content-background-meta":{"desktop":{"background-color":"var(--ast-global-color-4)","background-image":"","background-repeat":"repeat","background-position":"center center","background-size":"auto","background-attachment":"scroll","background-type":"","background-media":"","overlay-type":"","overlay-color":"","overlay-opacity":"","overlay-gradient":""},"tablet":{"background-color":"var(--ast-global-color-4)","background-image":"","background-repeat":"repeat","background-position":"center center","background-size":"auto","background-attachment":"scroll","background-type":"","background-media":"","overlay-type":"","overlay-color":"","overlay-opacity":"","overlay-gradient":""},"mobile":{"background-color":"var(--ast-global-color-4)","background-image":"","background-repeat":"repeat","background-position":"center center","background-size":"auto","background-attachment":"scroll","background-type":"","background-media":"","overlay-type":"","overlay-color":"","overlay-opacity":"","overlay-gradient":""}},"footnotes":""},"class_list":["post-83","page","type-page","status-publish","hentry"],"_links":{"self":[{"href":"https:\/\/woo.apylaser.com\/index.php?rest_route=\/wp\/v2\/pages\/83","targetHints":{"allow":["GET"]}}],"collection":[{"href":"https:\/\/woo.apylaser.com\/index.php?rest_route=\/wp\/v2\/pages"}],"about":[{"href":"https:\/\/woo.apylaser.com\/index.php?rest_route=\/wp\/v2\/types\/page"}],"author":[{"embeddable":true,"href":"https:\/\/woo.apylaser.com\/index.php?rest_route=\/wp\/v2\/users\/1"}],"replies":[{"embeddable":true,"href":"https:\/\/woo.apylaser.com\/index.php?rest_route=%2Fwp%2Fv2%2Fcomments&post=83"}],"version-history":[{"count":4,"href":"https:\/\/woo.apylaser.com\/index.php?rest_route=\/wp\/v2\/pages\/83\/revisions"}],"predecessor-version":[{"id":87,"href":"https:\/\/woo.apylaser.com\/index.php?rest_route=\/wp\/v2\/pages\/83\/revisions\/87"}],"wp:attachment":[{"href":"https:\/\/woo.apylaser.com\/index.php?rest_route=%2Fwp%2Fv2%2Fmedia&parent=83"}],"curies":[{"name":"wp","href":"https:\/\/api.w.org\/{rel}","templated":true}]}}