{"id":7329,"date":"2026-04-20T16:13:31","date_gmt":"2026-04-20T16:13:31","guid":{"rendered":"http:\/\/woo.apylaser.com\/?post_type=product&#038;p=7329"},"modified":"2026-04-20T16:47:43","modified_gmt":"2026-04-20T16:47:43","slug":"stylo-bille-personnalise-divers-coloris","status":"publish","type":"product","link":"https:\/\/woo.apylaser.com\/?product=stylo-bille-personnalise-divers-coloris","title":{"rendered":"Stylo bille personnalis\u00e9 (divers coloris)"},"content":{"rendered":"<p>Ce stylo \u00e0 bouton poussoir sera grav\u00e9 au laser avec le pr\u00e9nom, mot ou phrase de votre choix<\/p>\n<p>A vous offrir ou \u00e0 votre moiti\u00e9, enfants, parents, famille, ami(e)s, employ\u00e9s, coll\u00e8gues&#8230;.<\/p>\n<p>Longueur : 14 cm<\/p>\n<p>Diam\u00e8tre : 1 cm<\/p>\n<p>Quantit\u00e9 : 1 pi\u00e8ce<\/p>\n<p>Mati\u00e8re : aluminium<\/p>\n<p>Zone de marquage laser maxi : 50-55 mm de longueur par 3 mm en hauteur<\/p>\n<p>Pensez \u00e0 bien v\u00e9rifier votre texte avant de valider votre commande car une fois parti en gravure il ne sera plus possible de le modifier<\/p>\n<p>Un bat vous sera envoy\u00e9 apr\u00e8s le r\u00e8glement de la commande avant la mise en gravure du stylo<\/p>\n<p>La gravure d&rsquo;un petit ic\u00f4ne est possible, n&rsquo;h\u00e9sitez pas \u00e0 nous envoyer un email \u00e0 contact@apylaser.com pour votre projet<\/p>\n","protected":false},"excerpt":{"rendered":"<p>Ce stylo sera grav\u00e9 au laser avec le pr\u00e9nom, mot ou phrase que vous souhaitez<\/p>\n<p>Attention pour une phrase elle doit \u00eatre courte sinon le lettrage sera trop petit en hauteur et ne mettez pas les ic\u00f4nes de vos smartphones ils ne pourront pas \u00eatre grav\u00e9 \u00e0 part le coeur<\/p>\n<p>Cliquez sur le bouton personnaliser pour commencer votre cr\u00e9ation<\/p>\n","protected":false},"featured_media":6590,"comment_status":"open","ping_status":"closed","template":"","meta":{"site-sidebar-layout":"default","site-content-layout":"","ast-site-content-layout":"default","site-content-style":"default","site-sidebar-style":"default","ast-global-header-display":"","ast-banner-title-visibility":"","ast-main-header-display":"","ast-hfb-above-header-display":"","ast-hfb-below-header-display":"","ast-hfb-mobile-header-display":"","site-post-title":"","ast-breadcrumbs-content":"","ast-featured-img":"","footer-sml-layout":"","ast-disable-related-posts":"","theme-transparent-header-meta":"","adv-header-id-meta":"","stick-header-meta":"","header-above-stick-meta":"","header-main-stick-meta":"","header-below-stick-meta":"","astra-migrate-meta-layouts":"default","ast-page-background-enabled":"default","ast-page-background-meta":{"desktop":{"background-color":"var(--ast-global-color-5)","background-image":"","background-repeat":"repeat","background-position":"center center","background-size":"auto","background-attachment":"scroll","background-type":"","background-media":"","overlay-type":"","overlay-color":"","overlay-opacity":"","overlay-gradient":""},"tablet":{"background-color":"","background-image":"","background-repeat":"repeat","background-position":"center center","background-size":"auto","background-attachment":"scroll","background-type":"","background-media":"","overlay-type":"","overlay-color":"","overlay-opacity":"","overlay-gradient":""},"mobile":{"background-color":"","background-image":"","background-repeat":"repeat","background-position":"center center","background-size":"auto","background-attachment":"scroll","background-type":"","background-media":"","overlay-type":"","overlay-color":"","overlay-opacity":"","overlay-gradient":""}},"ast-content-background-meta":{"desktop":{"background-color":"var(--ast-global-color-4)","background-image":"","background-repeat":"repeat","background-position":"center center","background-size":"auto","background-attachment":"scroll","background-type":"","background-media":"","overlay-type":"","overlay-color":"","overlay-opacity":"","overlay-gradient":""},"tablet":{"background-color":"var(--ast-global-color-4)","background-image":"","background-repeat":"repeat","background-position":"center center","background-size":"auto","background-attachment":"scroll","background-type":"","background-media":"","overlay-type":"","overlay-color":"","overlay-opacity":"","overlay-gradient":""},"mobile":{"background-color":"var(--ast-global-color-4)","background-image":"","background-repeat":"repeat","background-position":"center center","background-size":"auto","background-attachment":"scroll","background-type":"","background-media":"","overlay-type":"","overlay-color":"","overlay-opacity":"","overlay-gradient":""}}},"product_brand":[],"product_cat":[18,32,20,33],"product_tag":[],"class_list":{"0":"post-7329","1":"product","2":"type-product","3":"status-publish","4":"has-post-thumbnail","6":"product_cat-a-personnaliser-et-nos-creations","7":"product_cat-accessoires-de-bureau","8":"product_cat-professionnels","9":"product_cat-stylos","10":"desktop-align-left","11":"tablet-align-left","12":"mobile-align-left","14":"first","15":"outofstock","16":"shipping-taxable","17":"purchasable","18":"product-type-simple"},"_links":{"self":[{"href":"https:\/\/woo.apylaser.com\/index.php?rest_route=\/wp\/v2\/product\/7329","targetHints":{"allow":["GET"]}}],"collection":[{"href":"https:\/\/woo.apylaser.com\/index.php?rest_route=\/wp\/v2\/product"}],"about":[{"href":"https:\/\/woo.apylaser.com\/index.php?rest_route=\/wp\/v2\/types\/product"}],"replies":[{"embeddable":true,"href":"https:\/\/woo.apylaser.com\/index.php?rest_route=%2Fwp%2Fv2%2Fcomments&post=7329"}],"wp:featuredmedia":[{"embeddable":true,"href":"https:\/\/woo.apylaser.com\/index.php?rest_route=\/wp\/v2\/media\/6590"}],"wp:attachment":[{"href":"https:\/\/woo.apylaser.com\/index.php?rest_route=%2Fwp%2Fv2%2Fmedia&parent=7329"}],"wp:term":[{"taxonomy":"product_brand","embeddable":true,"href":"https:\/\/woo.apylaser.com\/index.php?rest_route=%2Fwp%2Fv2%2Fproduct_brand&post=7329"},{"taxonomy":"product_cat","embeddable":true,"href":"https:\/\/woo.apylaser.com\/index.php?rest_route=%2Fwp%2Fv2%2Fproduct_cat&post=7329"},{"taxonomy":"product_tag","embeddable":true,"href":"https:\/\/woo.apylaser.com\/index.php?rest_route=%2Fwp%2Fv2%2Fproduct_tag&post=7329"}],"curies":[{"name":"wp","href":"https:\/\/api.w.org\/{rel}","templated":true}]}}