{"id":7374,"date":"2026-04-20T16:14:21","date_gmt":"2026-04-20T16:14:21","guid":{"rendered":"http:\/\/woo.apylaser.com\/?post_type=product&#038;p=7374"},"modified":"2026-04-20T16:47:44","modified_gmt":"2026-04-20T16:47:44","slug":"lampe-led-tactile-paon-mandala","status":"publish","type":"product","link":"https:\/\/woo.apylaser.com\/?product=lampe-led-tactile-paon-mandala","title":{"rendered":"Lampe led tactile paon mandala"},"content":{"rendered":"<p>Cette lampe led tactile dispose \u00e9galement d&rsquo;une t\u00e9l\u00e9commande<\/p>\n<p>Vous pourrez changer les couleurs en touchant le socle sur le dessus ou laisser en al\u00e9atoire<\/p>\n<p>Elle dispose de 12 variations de couleurs<\/p>\n<p>Le socle fonctionne soit branch\u00e9 sur une prise USB soit sur piles<\/p>\n<p>Hauteur hors socle : 19 cm<\/p>\n<p>Largeur : 15 cm<\/p>\n<p>Mati\u00e8re : plexiglas pour la d\u00e9coration et plastique noir pour le socle<\/p>\n<p>Cet ensemble comprend le socle, la d\u00e9coration plexiglas, le cable <\/p>\n<p>Le socle est test\u00e9 avant l&rsquo;envoi, il n&rsquo;y aura pas de garantie sur ce produit<\/p><\/p>\n","protected":false},"excerpt":{"rendered":"<p>Cette lampe led tactile avec un motif de paon et mandala sera grav\u00e9e et d\u00e9coup\u00e9e au laser<\/p>\n<p>Pour la photo le socle a \u00e9t\u00e9 allum\u00e9 et laiss\u00e9 sur une couleur dans le noir, sans \u00eatre allum\u00e9 le plexiglas est transparent et le motif grav\u00e9 blanc<\/p>\n","protected":false},"featured_media":7444,"comment_status":"open","ping_status":"closed","template":"","meta":{"site-sidebar-layout":"default","site-content-layout":"","ast-site-content-layout":"default","site-content-style":"default","site-sidebar-style":"default","ast-global-header-display":"","ast-banner-title-visibility":"","ast-main-header-display":"","ast-hfb-above-header-display":"","ast-hfb-below-header-display":"","ast-hfb-mobile-header-display":"","site-post-title":"","ast-breadcrumbs-content":"","ast-featured-img":"","footer-sml-layout":"","ast-disable-related-posts":"","theme-transparent-header-meta":"","adv-header-id-meta":"","stick-header-meta":"","header-above-stick-meta":"","header-main-stick-meta":"","header-below-stick-meta":"","astra-migrate-meta-layouts":"default","ast-page-background-enabled":"default","ast-page-background-meta":{"desktop":{"background-color":"var(--ast-global-color-5)","background-image":"","background-repeat":"repeat","background-position":"center center","background-size":"auto","background-attachment":"scroll","background-type":"","background-media":"","overlay-type":"","overlay-color":"","overlay-opacity":"","overlay-gradient":""},"tablet":{"background-color":"","background-image":"","background-repeat":"repeat","background-position":"center center","background-size":"auto","background-attachment":"scroll","background-type":"","background-media":"","overlay-type":"","overlay-color":"","overlay-opacity":"","overlay-gradient":""},"mobile":{"background-color":"","background-image":"","background-repeat":"repeat","background-position":"center center","background-size":"auto","background-attachment":"scroll","background-type":"","background-media":"","overlay-type":"","overlay-color":"","overlay-opacity":"","overlay-gradient":""}},"ast-content-background-meta":{"desktop":{"background-color":"var(--ast-global-color-4)","background-image":"","background-repeat":"repeat","background-position":"center center","background-size":"auto","background-attachment":"scroll","background-type":"","background-media":"","overlay-type":"","overlay-color":"","overlay-opacity":"","overlay-gradient":""},"tablet":{"background-color":"var(--ast-global-color-4)","background-image":"","background-repeat":"repeat","background-position":"center center","background-size":"auto","background-attachment":"scroll","background-type":"","background-media":"","overlay-type":"","overlay-color":"","overlay-opacity":"","overlay-gradient":""},"mobile":{"background-color":"var(--ast-global-color-4)","background-image":"","background-repeat":"repeat","background-position":"center center","background-size":"auto","background-attachment":"scroll","background-type":"","background-media":"","overlay-type":"","overlay-color":"","overlay-opacity":"","overlay-gradient":""}}},"product_brand":[],"product_cat":[18,41],"product_tag":[],"class_list":{"0":"post-7374","1":"product","2":"type-product","3":"status-publish","4":"has-post-thumbnail","6":"product_cat-a-personnaliser-et-nos-creations","7":"product_cat-lampes-led-lumineuse","8":"desktop-align-left","9":"tablet-align-left","10":"mobile-align-left","12":"first","13":"instock","14":"shipping-taxable","15":"purchasable","16":"product-type-simple"},"_links":{"self":[{"href":"https:\/\/woo.apylaser.com\/index.php?rest_route=\/wp\/v2\/product\/7374","targetHints":{"allow":["GET"]}}],"collection":[{"href":"https:\/\/woo.apylaser.com\/index.php?rest_route=\/wp\/v2\/product"}],"about":[{"href":"https:\/\/woo.apylaser.com\/index.php?rest_route=\/wp\/v2\/types\/product"}],"replies":[{"embeddable":true,"href":"https:\/\/woo.apylaser.com\/index.php?rest_route=%2Fwp%2Fv2%2Fcomments&post=7374"}],"wp:featuredmedia":[{"embeddable":true,"href":"https:\/\/woo.apylaser.com\/index.php?rest_route=\/wp\/v2\/media\/7444"}],"wp:attachment":[{"href":"https:\/\/woo.apylaser.com\/index.php?rest_route=%2Fwp%2Fv2%2Fmedia&parent=7374"}],"wp:term":[{"taxonomy":"product_brand","embeddable":true,"href":"https:\/\/woo.apylaser.com\/index.php?rest_route=%2Fwp%2Fv2%2Fproduct_brand&post=7374"},{"taxonomy":"product_cat","embeddable":true,"href":"https:\/\/woo.apylaser.com\/index.php?rest_route=%2Fwp%2Fv2%2Fproduct_cat&post=7374"},{"taxonomy":"product_tag","embeddable":true,"href":"https:\/\/woo.apylaser.com\/index.php?rest_route=%2Fwp%2Fv2%2Fproduct_tag&post=7374"}],"curies":[{"name":"wp","href":"https:\/\/api.w.org\/{rel}","templated":true}]}}