{"id":7458,"date":"2026-04-20T16:16:07","date_gmt":"2026-04-20T16:16:07","guid":{"rendered":"http:\/\/woo.apylaser.com\/?post_type=product&#038;p=7458"},"modified":"2026-04-20T16:47:45","modified_gmt":"2026-04-20T16:47:45","slug":"medaille-animaux-ronde-avec-patte-plexiglas-20-mm","status":"publish","type":"product","link":"https:\/\/woo.apylaser.com\/?product=medaille-animaux-ronde-avec-patte-plexiglas-20-mm","title":{"rendered":"M\u00e9daille animaux ronde avec patte plexiglas 20 mm"},"content":{"rendered":"<p>Cette m\u00e9daille ronde sera parfaite pour mettre sur le collier de votre animal de compagnie avec son nom<\/p>\n<p>Elle sera grav\u00e9e au laser<\/p>\n<p>Diam\u00e8tre : 20 mm<\/p>\n<p>Mati\u00e8re : plexiglas transparent<\/p>\n<p>Un anneau sera mont\u00e9 sur la m\u00e9daille<\/p>\n<p>Le plexiglas est une mati\u00e8re l\u00e9g\u00e8re elle ne g\u00eanera pas votre animal de compagnie<\/p>\n<p>Cette taille en 20mm est adapt\u00e9e pour les petits chiens type chihuahua<\/p>\n<p>Pensez \u00e0 bien v\u00e9rifier votre texte avant de valider votre commande car apr\u00e8s la validation il sera trop tard pour modifier<\/p>\n<p>La personnalisation est un aper\u00e7u de ce que vous allez recevoir mais attention la taille de l&rsquo;\u00e9criture peut diff\u00e9r\u00e9 et \u00eatre adapt\u00e9e pour un meilleur rendu, les aper\u00e7us et images sont non contractuels<\/p>\n","protected":false},"excerpt":{"rendered":"<div id=\"product-description-short-10\" class=\"product-description-short\">\n<p>Cette m\u00e9daille ronde sera grav\u00e9e au laser avec le nom de votre animal de compagnie<\/p>\n<p>Cliquez sur le bouton personnaliser pour voir instantan\u00e9ment le rendu de la personnalisation que vous allez choisir<\/p>\n<\/p><\/div>\n","protected":false},"featured_media":7512,"comment_status":"open","ping_status":"closed","template":"","meta":{"site-sidebar-layout":"default","site-content-layout":"","ast-site-content-layout":"default","site-content-style":"default","site-sidebar-style":"default","ast-global-header-display":"","ast-banner-title-visibility":"","ast-main-header-display":"","ast-hfb-above-header-display":"","ast-hfb-below-header-display":"","ast-hfb-mobile-header-display":"","site-post-title":"","ast-breadcrumbs-content":"","ast-featured-img":"","footer-sml-layout":"","ast-disable-related-posts":"","theme-transparent-header-meta":"","adv-header-id-meta":"","stick-header-meta":"","header-above-stick-meta":"","header-main-stick-meta":"","header-below-stick-meta":"","astra-migrate-meta-layouts":"default","ast-page-background-enabled":"default","ast-page-background-meta":{"desktop":{"background-color":"var(--ast-global-color-5)","background-image":"","background-repeat":"repeat","background-position":"center center","background-size":"auto","background-attachment":"scroll","background-type":"","background-media":"","overlay-type":"","overlay-color":"","overlay-opacity":"","overlay-gradient":""},"tablet":{"background-color":"","background-image":"","background-repeat":"repeat","background-position":"center center","background-size":"auto","background-attachment":"scroll","background-type":"","background-media":"","overlay-type":"","overlay-color":"","overlay-opacity":"","overlay-gradient":""},"mobile":{"background-color":"","background-image":"","background-repeat":"repeat","background-position":"center center","background-size":"auto","background-attachment":"scroll","background-type":"","background-media":"","overlay-type":"","overlay-color":"","overlay-opacity":"","overlay-gradient":""}},"ast-content-background-meta":{"desktop":{"background-color":"var(--ast-global-color-4)","background-image":"","background-repeat":"repeat","background-position":"center center","background-size":"auto","background-attachment":"scroll","background-type":"","background-media":"","overlay-type":"","overlay-color":"","overlay-opacity":"","overlay-gradient":""},"tablet":{"background-color":"var(--ast-global-color-4)","background-image":"","background-repeat":"repeat","background-position":"center center","background-size":"auto","background-attachment":"scroll","background-type":"","background-media":"","overlay-type":"","overlay-color":"","overlay-opacity":"","overlay-gradient":""},"mobile":{"background-color":"var(--ast-global-color-4)","background-image":"","background-repeat":"repeat","background-position":"center center","background-size":"auto","background-attachment":"scroll","background-type":"","background-media":"","overlay-type":"","overlay-color":"","overlay-opacity":"","overlay-gradient":""}}},"product_brand":[],"product_cat":[18,27],"product_tag":[],"class_list":{"0":"post-7458","1":"product","2":"type-product","3":"status-publish","4":"has-post-thumbnail","6":"product_cat-a-personnaliser-et-nos-creations","7":"product_cat-medailles-et-plaques-animaux","8":"desktop-align-left","9":"tablet-align-left","10":"mobile-align-left","12":"first","13":"instock","14":"shipping-taxable","15":"purchasable","16":"product-type-simple"},"_links":{"self":[{"href":"https:\/\/woo.apylaser.com\/index.php?rest_route=\/wp\/v2\/product\/7458","targetHints":{"allow":["GET"]}}],"collection":[{"href":"https:\/\/woo.apylaser.com\/index.php?rest_route=\/wp\/v2\/product"}],"about":[{"href":"https:\/\/woo.apylaser.com\/index.php?rest_route=\/wp\/v2\/types\/product"}],"replies":[{"embeddable":true,"href":"https:\/\/woo.apylaser.com\/index.php?rest_route=%2Fwp%2Fv2%2Fcomments&post=7458"}],"wp:featuredmedia":[{"embeddable":true,"href":"https:\/\/woo.apylaser.com\/index.php?rest_route=\/wp\/v2\/media\/7512"}],"wp:attachment":[{"href":"https:\/\/woo.apylaser.com\/index.php?rest_route=%2Fwp%2Fv2%2Fmedia&parent=7458"}],"wp:term":[{"taxonomy":"product_brand","embeddable":true,"href":"https:\/\/woo.apylaser.com\/index.php?rest_route=%2Fwp%2Fv2%2Fproduct_brand&post=7458"},{"taxonomy":"product_cat","embeddable":true,"href":"https:\/\/woo.apylaser.com\/index.php?rest_route=%2Fwp%2Fv2%2Fproduct_cat&post=7458"},{"taxonomy":"product_tag","embeddable":true,"href":"https:\/\/woo.apylaser.com\/index.php?rest_route=%2Fwp%2Fv2%2Fproduct_tag&post=7458"}],"curies":[{"name":"wp","href":"https:\/\/api.w.org\/{rel}","templated":true}]}}