{"id":7501,"date":"2026-04-20T16:16:50","date_gmt":"2026-04-20T16:16:50","guid":{"rendered":"http:\/\/woo.apylaser.com\/?post_type=product&#038;p=7501"},"modified":"2026-04-20T16:47:46","modified_gmt":"2026-04-20T16:47:46","slug":"pendentif-coeur-plexiglas-je-suis-une-maman-qui-dechire-40mm","status":"publish","type":"product","link":"https:\/\/woo.apylaser.com\/?product=pendentif-coeur-plexiglas-je-suis-une-maman-qui-dechire-40mm","title":{"rendered":"Pendentif coeur plexiglas je suis une maman qui d\u00e9chire 40mm"},"content":{"rendered":"<p>Ce pendentif coeur sera grav\u00e9 au laser<\/p>\n<p>C&rsquo;est une cadeau id\u00e9al \u00e0 offrir \u00e0 votre maman qui appr\u00e9ciera d&rsquo;autant plus son cadeau avec ce joli texte grav\u00e9 sur ce pendentif je suis une maman qui d\u00e9chire<\/p>\n<p>Un pr\u00e9sent personnalis\u00e9 qui leur fera plaisir gr\u00e2ce \u00e0 cette attention toute particuli\u00e8re que vous aurez donn\u00e9 \u00e0 ce bijou<\/p>\n<p>Hauteur : 40 mm<\/p>\n<p>Largeur : 35 mm<\/p>\n<p>Quantit\u00e9 : 1 pi\u00e8ce<\/p>\n<p>Mati\u00e8re : plexiglas<\/p>\n<p>Un anneau en acier inoxydable sera mis sur le pendentif<\/p>\n<p>Attention le pendentif est vendu sans la chaine ou porte-cl\u00e9s, vous devez commander \u00e0 part dans la rubrique + de produits <a href=\"https:\/\/apylaser.com\/351-accessoires-bijoux\">en cliquant ici<\/a><\/p><\/p>\n","protected":false},"excerpt":{"rendered":"<div id=\"product-description-short-3\" class=\"product-description-short\">\n<div id=\"product-description-short-1\" class=\"product-description-short\">\n<div id=\"product-description-short-10\" class=\"product-description-short\">\n<p>Ce pendentif sera grav\u00e9 au laser<\/p>\n<\/p><\/div>\n<\/p><\/div>\n<\/p><\/div>\n","protected":false},"featured_media":7555,"comment_status":"open","ping_status":"closed","template":"","meta":{"site-sidebar-layout":"default","site-content-layout":"","ast-site-content-layout":"default","site-content-style":"default","site-sidebar-style":"default","ast-global-header-display":"","ast-banner-title-visibility":"","ast-main-header-display":"","ast-hfb-above-header-display":"","ast-hfb-below-header-display":"","ast-hfb-mobile-header-display":"","site-post-title":"","ast-breadcrumbs-content":"","ast-featured-img":"","footer-sml-layout":"","ast-disable-related-posts":"","theme-transparent-header-meta":"","adv-header-id-meta":"","stick-header-meta":"","header-above-stick-meta":"","header-main-stick-meta":"","header-below-stick-meta":"","astra-migrate-meta-layouts":"default","ast-page-background-enabled":"default","ast-page-background-meta":{"desktop":{"background-color":"var(--ast-global-color-5)","background-image":"","background-repeat":"repeat","background-position":"center center","background-size":"auto","background-attachment":"scroll","background-type":"","background-media":"","overlay-type":"","overlay-color":"","overlay-opacity":"","overlay-gradient":""},"tablet":{"background-color":"","background-image":"","background-repeat":"repeat","background-position":"center center","background-size":"auto","background-attachment":"scroll","background-type":"","background-media":"","overlay-type":"","overlay-color":"","overlay-opacity":"","overlay-gradient":""},"mobile":{"background-color":"","background-image":"","background-repeat":"repeat","background-position":"center center","background-size":"auto","background-attachment":"scroll","background-type":"","background-media":"","overlay-type":"","overlay-color":"","overlay-opacity":"","overlay-gradient":""}},"ast-content-background-meta":{"desktop":{"background-color":"var(--ast-global-color-4)","background-image":"","background-repeat":"repeat","background-position":"center center","background-size":"auto","background-attachment":"scroll","background-type":"","background-media":"","overlay-type":"","overlay-color":"","overlay-opacity":"","overlay-gradient":""},"tablet":{"background-color":"var(--ast-global-color-4)","background-image":"","background-repeat":"repeat","background-position":"center center","background-size":"auto","background-attachment":"scroll","background-type":"","background-media":"","overlay-type":"","overlay-color":"","overlay-opacity":"","overlay-gradient":""},"mobile":{"background-color":"var(--ast-global-color-4)","background-image":"","background-repeat":"repeat","background-position":"center center","background-size":"auto","background-attachment":"scroll","background-type":"","background-media":"","overlay-type":"","overlay-color":"","overlay-opacity":"","overlay-gradient":""}}},"product_brand":[],"product_cat":[18,46,44,45],"product_tag":[],"class_list":{"0":"post-7501","1":"product","2":"type-product","3":"status-publish","4":"has-post-thumbnail","6":"product_cat-a-personnaliser-et-nos-creations","7":"product_cat-accessoires","8":"product_cat-bijoux","9":"product_cat-porte-cles","10":"desktop-align-left","11":"tablet-align-left","12":"mobile-align-left","14":"first","15":"instock","16":"shipping-taxable","17":"purchasable","18":"product-type-simple"},"_links":{"self":[{"href":"https:\/\/woo.apylaser.com\/index.php?rest_route=\/wp\/v2\/product\/7501","targetHints":{"allow":["GET"]}}],"collection":[{"href":"https:\/\/woo.apylaser.com\/index.php?rest_route=\/wp\/v2\/product"}],"about":[{"href":"https:\/\/woo.apylaser.com\/index.php?rest_route=\/wp\/v2\/types\/product"}],"replies":[{"embeddable":true,"href":"https:\/\/woo.apylaser.com\/index.php?rest_route=%2Fwp%2Fv2%2Fcomments&post=7501"}],"wp:featuredmedia":[{"embeddable":true,"href":"https:\/\/woo.apylaser.com\/index.php?rest_route=\/wp\/v2\/media\/7555"}],"wp:attachment":[{"href":"https:\/\/woo.apylaser.com\/index.php?rest_route=%2Fwp%2Fv2%2Fmedia&parent=7501"}],"wp:term":[{"taxonomy":"product_brand","embeddable":true,"href":"https:\/\/woo.apylaser.com\/index.php?rest_route=%2Fwp%2Fv2%2Fproduct_brand&post=7501"},{"taxonomy":"product_cat","embeddable":true,"href":"https:\/\/woo.apylaser.com\/index.php?rest_route=%2Fwp%2Fv2%2Fproduct_cat&post=7501"},{"taxonomy":"product_tag","embeddable":true,"href":"https:\/\/woo.apylaser.com\/index.php?rest_route=%2Fwp%2Fv2%2Fproduct_tag&post=7501"}],"curies":[{"name":"wp","href":"https:\/\/api.w.org\/{rel}","templated":true}]}}