{"id":7565,"date":"2026-04-20T16:18:18","date_gmt":"2026-04-20T16:18:18","guid":{"rendered":"http:\/\/woo.apylaser.com\/?post_type=product&#038;p=7565"},"modified":"2026-04-20T16:47:47","modified_gmt":"2026-04-20T16:47:47","slug":"plaque-numero-de-maison-120mm-80mm-diverses-options","status":"publish","type":"product","link":"https:\/\/woo.apylaser.com\/?product=plaque-numero-de-maison-120mm-80mm-diverses-options","title":{"rendered":"Plaque num\u00e9ro de maison 120mm\/80mm (diverses options)"},"content":{"rendered":"<p>Cette plaque num\u00e9ro sera grav\u00e9e au laser<\/p>\n<p>Elle permettra de mieux identifier votre maison, votre porte d&rsquo;immeuble, votre entreprise&#8230;.<\/p>\n<p>Hauteur : 80 mm<\/p>\n<p>Largeur : 120 mm<\/p>\n<p>Epaisseur : 1,6 mm<\/p>\n<p>Mati\u00e8re : acrylique bi-couche rigide<\/p>\n<p>Couleur : gris m\u00e9tallis\u00e9 et noir<\/p>\n<p>Le texte sera grav\u00e9 en profondeur avec le laser pour laisser apparaitre la couleur du dessous<\/p>\n<p>Elles seront livr\u00e9es avec un scotch double face 3M coll\u00e9 \u00e0 l&rsquo;arri\u00e8re qui est tr\u00e8s r\u00e9sistant une fois mis en place, vous devez le coller sur un support propre, sec et lisse<\/p>\n<p>Vous pouvez \u00e9galement choisir cette plaque num\u00e9ro avec 2 trous pour la fixer sur votre fa\u00e7ade par exemple avec des entretoises qui sont en vente sur la boutique\u00a0<a href=\"https:\/\/apylaser.com\/accessoires-d-affichage\/239-entretoises-acier-inoxydable-interieur-exterieur-15mm15mm-2pieces.html\">cliquez ici<\/a> pour y acc\u00e9der<\/p>\n<p>si vous d\u00e9sirez la rigidifier plus vous pouvez coller ce support sur un morceau de plexiglas par exemple que vous pouvez choisir sur le module de personnalisation, vous avez un exemple dans les photos<\/p>\n<p>Ce support est r\u00e9sistant \u00e0 la lumi\u00e8re U.V, s&rsquo;utilise en int\u00e9rieur comme en ext\u00e9rieur<\/p><\/p>\n","protected":false},"excerpt":{"rendered":"<p>Cette plaque num\u00e9ro sera grav\u00e9e au laser<\/p>\n<p>Si vous d\u00e9sirez une autre couleur, une taille diff\u00e9rente n&rsquo;h\u00e9sitez pas \u00e0 nous contacter via la page contact <a href=\"https:\/\/apylaser.com\/nous-contacter\">en cliquant ici<\/a><\/p>\n<p>Pr\u00e9ciser sur votre commande dans les commentaires si vous d\u00e9sirez 2 trous de 3mm (poses avec vis) ou de 8mm (poses d&rsquo;entretoises)<\/p>\n<p>Faites d\u00e9filer les photos pour voir plus de mod\u00e8les en d\u00e9tails<\/p><\/p>\n","protected":false},"featured_media":7619,"comment_status":"open","ping_status":"closed","template":"","meta":{"site-sidebar-layout":"default","site-content-layout":"","ast-site-content-layout":"default","site-content-style":"default","site-sidebar-style":"default","ast-global-header-display":"","ast-banner-title-visibility":"","ast-main-header-display":"","ast-hfb-above-header-display":"","ast-hfb-below-header-display":"","ast-hfb-mobile-header-display":"","site-post-title":"","ast-breadcrumbs-content":"","ast-featured-img":"","footer-sml-layout":"","ast-disable-related-posts":"","theme-transparent-header-meta":"","adv-header-id-meta":"","stick-header-meta":"","header-above-stick-meta":"","header-main-stick-meta":"","header-below-stick-meta":"","astra-migrate-meta-layouts":"default","ast-page-background-enabled":"default","ast-page-background-meta":{"desktop":{"background-color":"var(--ast-global-color-5)","background-image":"","background-repeat":"repeat","background-position":"center center","background-size":"auto","background-attachment":"scroll","background-type":"","background-media":"","overlay-type":"","overlay-color":"","overlay-opacity":"","overlay-gradient":""},"tablet":{"background-color":"","background-image":"","background-repeat":"repeat","background-position":"center center","background-size":"auto","background-attachment":"scroll","background-type":"","background-media":"","overlay-type":"","overlay-color":"","overlay-opacity":"","overlay-gradient":""},"mobile":{"background-color":"","background-image":"","background-repeat":"repeat","background-position":"center center","background-size":"auto","background-attachment":"scroll","background-type":"","background-media":"","overlay-type":"","overlay-color":"","overlay-opacity":"","overlay-gradient":""}},"ast-content-background-meta":{"desktop":{"background-color":"var(--ast-global-color-4)","background-image":"","background-repeat":"repeat","background-position":"center center","background-size":"auto","background-attachment":"scroll","background-type":"","background-media":"","overlay-type":"","overlay-color":"","overlay-opacity":"","overlay-gradient":""},"tablet":{"background-color":"var(--ast-global-color-4)","background-image":"","background-repeat":"repeat","background-position":"center center","background-size":"auto","background-attachment":"scroll","background-type":"","background-media":"","overlay-type":"","overlay-color":"","overlay-opacity":"","overlay-gradient":""},"mobile":{"background-color":"var(--ast-global-color-4)","background-image":"","background-repeat":"repeat","background-position":"center center","background-size":"auto","background-attachment":"scroll","background-type":"","background-media":"","overlay-type":"","overlay-color":"","overlay-opacity":"","overlay-gradient":""}}},"product_brand":[],"product_cat":[18,37,38,36,20,39],"product_tag":[],"class_list":{"0":"post-7565","1":"product","2":"type-product","3":"status-publish","4":"has-post-thumbnail","6":"product_cat-a-personnaliser-et-nos-creations","7":"product_cat-de-portes","8":"product_cat-numeros","9":"product_cat-plaques-de-boites-aux-lettres","10":"product_cat-professionnels","11":"product_cat-signaletique","12":"desktop-align-left","13":"tablet-align-left","14":"mobile-align-left","16":"first","17":"instock","18":"shipping-taxable","19":"purchasable","20":"product-type-simple"},"_links":{"self":[{"href":"https:\/\/woo.apylaser.com\/index.php?rest_route=\/wp\/v2\/product\/7565","targetHints":{"allow":["GET"]}}],"collection":[{"href":"https:\/\/woo.apylaser.com\/index.php?rest_route=\/wp\/v2\/product"}],"about":[{"href":"https:\/\/woo.apylaser.com\/index.php?rest_route=\/wp\/v2\/types\/product"}],"replies":[{"embeddable":true,"href":"https:\/\/woo.apylaser.com\/index.php?rest_route=%2Fwp%2Fv2%2Fcomments&post=7565"}],"wp:featuredmedia":[{"embeddable":true,"href":"https:\/\/woo.apylaser.com\/index.php?rest_route=\/wp\/v2\/media\/7619"}],"wp:attachment":[{"href":"https:\/\/woo.apylaser.com\/index.php?rest_route=%2Fwp%2Fv2%2Fmedia&parent=7565"}],"wp:term":[{"taxonomy":"product_brand","embeddable":true,"href":"https:\/\/woo.apylaser.com\/index.php?rest_route=%2Fwp%2Fv2%2Fproduct_brand&post=7565"},{"taxonomy":"product_cat","embeddable":true,"href":"https:\/\/woo.apylaser.com\/index.php?rest_route=%2Fwp%2Fv2%2Fproduct_cat&post=7565"},{"taxonomy":"product_tag","embeddable":true,"href":"https:\/\/woo.apylaser.com\/index.php?rest_route=%2Fwp%2Fv2%2Fproduct_tag&post=7565"}],"curies":[{"name":"wp","href":"https:\/\/api.w.org\/{rel}","templated":true}]}}