{"id":7567,"date":"2026-04-20T16:18:18","date_gmt":"2026-04-20T16:18:18","guid":{"rendered":"http:\/\/woo.apylaser.com\/?post_type=product&#038;p=7567"},"modified":"2026-04-20T16:47:47","modified_gmt":"2026-04-20T16:47:47","slug":"numero-de-maison-60mm","status":"publish","type":"product","link":"https:\/\/woo.apylaser.com\/?product=numero-de-maison-60mm","title":{"rendered":"Num\u00e9ro de maison 60mm"},"content":{"rendered":"<p>Ces num\u00e9ros de maison seront d\u00e9coup\u00e9s au laser<\/p>\n<p>Ils permettront de mieux identifier votre maison, votre porte d&rsquo;immeuble, votre entreprise&#8230;.<\/p>\n<p>Hauteur : 60 mm<\/p>\n<p>Largeur : suivant les chiffres la largeur varie de 39 mm \u00e0 41 mm et le 1 fait 22 mm<\/p>\n<p>Epaisseur : 1,6 mm<\/p>\n<p>Mati\u00e8re : acrylique<\/p>\n<p>Couleur : noir<\/p>\n<p>Ces chiffres de maison seront livr\u00e9s avec un scotch double face 3M coll\u00e9 \u00e0 l&rsquo;arri\u00e8re qui est tr\u00e8s r\u00e9sistant une fois mis en place, vous devez le coller sur un support propre, sec et lisse<\/p>\n<p>Vous pouvez \u00e9galement choisir ces num\u00e9ros et les coller sur une petite plaque en plexiglas disponible sur la boutique et fixer avec des entretoises sur votre fa\u00e7ade par exemple qui sont en vente sur la boutique\u00a0<a href=\"https:\/\/apylaser.com\/accessoires-d-affichage\/239-entretoises-acier-inoxydable-interieur-exterieur-15mm15mm-2pieces.html\">cliquez ici<\/a> pour y acc\u00e9der<\/p>\n<p>Ce support est r\u00e9sistant \u00e0 la lumi\u00e8re U.V, s&rsquo;utilise en int\u00e9rieur comme en ext\u00e9rieur<\/p><\/p>\n","protected":false},"excerpt":{"rendered":"<p>Ces num\u00e9ros de maison seront d\u00e9coup\u00e9s au laser<\/p>\n<p>Si vous d\u00e9sirez une autre couleur, une taille diff\u00e9rente n&rsquo;h\u00e9sitez pas \u00e0 nous contacter via la page contact <a href=\"https:\/\/apylaser.com\/nous-contacter\">en cliquant ici<\/a><\/p><\/p>\n","protected":false},"featured_media":7632,"comment_status":"open","ping_status":"closed","template":"","meta":{"site-sidebar-layout":"default","site-content-layout":"","ast-site-content-layout":"default","site-content-style":"default","site-sidebar-style":"default","ast-global-header-display":"","ast-banner-title-visibility":"","ast-main-header-display":"","ast-hfb-above-header-display":"","ast-hfb-below-header-display":"","ast-hfb-mobile-header-display":"","site-post-title":"","ast-breadcrumbs-content":"","ast-featured-img":"","footer-sml-layout":"","ast-disable-related-posts":"","theme-transparent-header-meta":"","adv-header-id-meta":"","stick-header-meta":"","header-above-stick-meta":"","header-main-stick-meta":"","header-below-stick-meta":"","astra-migrate-meta-layouts":"default","ast-page-background-enabled":"default","ast-page-background-meta":{"desktop":{"background-color":"var(--ast-global-color-5)","background-image":"","background-repeat":"repeat","background-position":"center center","background-size":"auto","background-attachment":"scroll","background-type":"","background-media":"","overlay-type":"","overlay-color":"","overlay-opacity":"","overlay-gradient":""},"tablet":{"background-color":"","background-image":"","background-repeat":"repeat","background-position":"center center","background-size":"auto","background-attachment":"scroll","background-type":"","background-media":"","overlay-type":"","overlay-color":"","overlay-opacity":"","overlay-gradient":""},"mobile":{"background-color":"","background-image":"","background-repeat":"repeat","background-position":"center center","background-size":"auto","background-attachment":"scroll","background-type":"","background-media":"","overlay-type":"","overlay-color":"","overlay-opacity":"","overlay-gradient":""}},"ast-content-background-meta":{"desktop":{"background-color":"var(--ast-global-color-4)","background-image":"","background-repeat":"repeat","background-position":"center center","background-size":"auto","background-attachment":"scroll","background-type":"","background-media":"","overlay-type":"","overlay-color":"","overlay-opacity":"","overlay-gradient":""},"tablet":{"background-color":"var(--ast-global-color-4)","background-image":"","background-repeat":"repeat","background-position":"center center","background-size":"auto","background-attachment":"scroll","background-type":"","background-media":"","overlay-type":"","overlay-color":"","overlay-opacity":"","overlay-gradient":""},"mobile":{"background-color":"var(--ast-global-color-4)","background-image":"","background-repeat":"repeat","background-position":"center center","background-size":"auto","background-attachment":"scroll","background-type":"","background-media":"","overlay-type":"","overlay-color":"","overlay-opacity":"","overlay-gradient":""}}},"product_brand":[],"product_cat":[18,37,38,36,20,39],"product_tag":[],"class_list":{"0":"post-7567","1":"product","2":"type-product","3":"status-publish","4":"has-post-thumbnail","6":"product_cat-a-personnaliser-et-nos-creations","7":"product_cat-de-portes","8":"product_cat-numeros","9":"product_cat-plaques-de-boites-aux-lettres","10":"product_cat-professionnels","11":"product_cat-signaletique","12":"desktop-align-left","13":"tablet-align-left","14":"mobile-align-left","16":"first","17":"instock","18":"shipping-taxable","19":"purchasable","20":"product-type-simple"},"_links":{"self":[{"href":"https:\/\/woo.apylaser.com\/index.php?rest_route=\/wp\/v2\/product\/7567","targetHints":{"allow":["GET"]}}],"collection":[{"href":"https:\/\/woo.apylaser.com\/index.php?rest_route=\/wp\/v2\/product"}],"about":[{"href":"https:\/\/woo.apylaser.com\/index.php?rest_route=\/wp\/v2\/types\/product"}],"replies":[{"embeddable":true,"href":"https:\/\/woo.apylaser.com\/index.php?rest_route=%2Fwp%2Fv2%2Fcomments&post=7567"}],"wp:featuredmedia":[{"embeddable":true,"href":"https:\/\/woo.apylaser.com\/index.php?rest_route=\/wp\/v2\/media\/7632"}],"wp:attachment":[{"href":"https:\/\/woo.apylaser.com\/index.php?rest_route=%2Fwp%2Fv2%2Fmedia&parent=7567"}],"wp:term":[{"taxonomy":"product_brand","embeddable":true,"href":"https:\/\/woo.apylaser.com\/index.php?rest_route=%2Fwp%2Fv2%2Fproduct_brand&post=7567"},{"taxonomy":"product_cat","embeddable":true,"href":"https:\/\/woo.apylaser.com\/index.php?rest_route=%2Fwp%2Fv2%2Fproduct_cat&post=7567"},{"taxonomy":"product_tag","embeddable":true,"href":"https:\/\/woo.apylaser.com\/index.php?rest_route=%2Fwp%2Fv2%2Fproduct_tag&post=7567"}],"curies":[{"name":"wp","href":"https:\/\/api.w.org\/{rel}","templated":true}]}}