{"id":7730,"date":"2026-04-20T16:22:06","date_gmt":"2026-04-20T16:22:06","guid":{"rendered":"http:\/\/woo.apylaser.com\/?post_type=product&#038;p=7730"},"modified":"2026-04-20T16:47:49","modified_gmt":"2026-04-20T16:47:49","slug":"gabarit-de-presentoir-pour-colliers-vectoriel-cdr-ai-dxf-svg","status":"publish","type":"product","link":"https:\/\/woo.apylaser.com\/?product=gabarit-de-presentoir-pour-colliers-vectoriel-cdr-ai-dxf-svg","title":{"rendered":"Gabarit de pr\u00e9sentoir pour colliers vectoriel (cdr, ai, dxf, svg)"},"content":{"rendered":"<p>Ce gabarit de pr\u00e9sentoir pour colliers est un fichier vectoriel<\/p>\n<p>Il est sous format cdr, ai, dxf, svg<\/p>\n<p>Vous pouvez les utiliser sur coreldraw, illustrator, photofiltre, gimp, inskape &#8230;&#8230;<\/p>\n<p>Une fois votre commande valid\u00e9e et pay\u00e9e, un email automatique vous sera envoy\u00e9 avec un lien de t\u00e9l\u00e9chargement<\/p>\n<p>Le fichier sera sous format zipp\u00e9, il vous suffira de le d\u00e9zipper pour avoir le fichier sous ces 4 formats<\/p>\n<p>le fichier est en couleur rouge rgb pour la d\u00e9coupe laser<\/p>\n<p>Le gabarit mesure<\/p>\n<p>Largeur : 20 cm<\/p>\n<p>Hauteur : 25 cm<\/p>\n<p>Les tests ont \u00e9t\u00e9 r\u00e9alis\u00e9 avec du plexiglas de 3mm d&rsquo;\u00e9paisseur<\/p>\n<p>Les fichiers sont test\u00e9s en gravure et d\u00e9coupe aucunes modifications n&rsquo;est \u00e0 pr\u00e9voir sur la qualit\u00e9 du fichier<\/p>\n<p>Il ne vous reste plus qu&rsquo;\u00e0 le d\u00e9couper sur du bois, du plexiglas, du contre-plaqu\u00e9<\/p>\n<p>Veiller juste \u00e0 utiliser la m\u00eame \u00e9paisseur car l&rsquo;encoche pour y glisser le pied est pr\u00e9vu pour cette \u00e9paisseur si vous prenez un mat\u00e9riaux plus \u00e9pais ou plus fin pensez \u00e0 modifier l&rsquo;\u00e9paisseur du trou de l&rsquo;encoche<\/p>\n<p>Le filigrane APY Laser bien sur n&rsquo;est pas pr\u00e9sent sur les fichiers c&rsquo;est juste pour la pr\u00e9sentation des fichiers sur le site<\/p>\n<p>Tous les fichiers sont con\u00e7us et test\u00e9s sur machine laser chez APY Laser, merci de respecter mon travail et de ne pas partager ce fichier il vous est uniquement r\u00e9serv\u00e9<\/p><\/p>\n","protected":false},"excerpt":{"rendered":"<p>Fichier \u00e0 t\u00e9l\u00e9charger en format cdr, ai, dxf et svg<\/p>\n<p>Pour d\u00e9coupe laser, cnc&#8230;<\/p>\n<p>Fichier \u00e9labor\u00e9, con\u00e7u et test\u00e9 par apy laser<\/p>\n","protected":false},"featured_media":7792,"comment_status":"open","ping_status":"closed","template":"","meta":{"site-sidebar-layout":"default","site-content-layout":"","ast-site-content-layout":"default","site-content-style":"default","site-sidebar-style":"default","ast-global-header-display":"","ast-banner-title-visibility":"","ast-main-header-display":"","ast-hfb-above-header-display":"","ast-hfb-below-header-display":"","ast-hfb-mobile-header-display":"","site-post-title":"","ast-breadcrumbs-content":"","ast-featured-img":"","footer-sml-layout":"","ast-disable-related-posts":"","theme-transparent-header-meta":"","adv-header-id-meta":"","stick-header-meta":"","header-above-stick-meta":"","header-main-stick-meta":"","header-below-stick-meta":"","astra-migrate-meta-layouts":"default","ast-page-background-enabled":"default","ast-page-background-meta":{"desktop":{"background-color":"var(--ast-global-color-5)","background-image":"","background-repeat":"repeat","background-position":"center center","background-size":"auto","background-attachment":"scroll","background-type":"","background-media":"","overlay-type":"","overlay-color":"","overlay-opacity":"","overlay-gradient":""},"tablet":{"background-color":"","background-image":"","background-repeat":"repeat","background-position":"center center","background-size":"auto","background-attachment":"scroll","background-type":"","background-media":"","overlay-type":"","overlay-color":"","overlay-opacity":"","overlay-gradient":""},"mobile":{"background-color":"","background-image":"","background-repeat":"repeat","background-position":"center center","background-size":"auto","background-attachment":"scroll","background-type":"","background-media":"","overlay-type":"","overlay-color":"","overlay-opacity":"","overlay-gradient":""}},"ast-content-background-meta":{"desktop":{"background-color":"var(--ast-global-color-4)","background-image":"","background-repeat":"repeat","background-position":"center center","background-size":"auto","background-attachment":"scroll","background-type":"","background-media":"","overlay-type":"","overlay-color":"","overlay-opacity":"","overlay-gradient":""},"tablet":{"background-color":"var(--ast-global-color-4)","background-image":"","background-repeat":"repeat","background-position":"center center","background-size":"auto","background-attachment":"scroll","background-type":"","background-media":"","overlay-type":"","overlay-color":"","overlay-opacity":"","overlay-gradient":""},"mobile":{"background-color":"var(--ast-global-color-4)","background-image":"","background-repeat":"repeat","background-position":"center center","background-size":"auto","background-attachment":"scroll","background-type":"","background-media":"","overlay-type":"","overlay-color":"","overlay-opacity":"","overlay-gradient":""}}},"product_brand":[],"product_cat":[18,48,49],"product_tag":[],"class_list":{"0":"post-7730","1":"product","2":"type-product","3":"status-publish","4":"has-post-thumbnail","6":"product_cat-a-personnaliser-et-nos-creations","7":"product_cat-fichiers-a-telecharger-pour-laser","8":"product_cat-plotter-de-decoupe","9":"desktop-align-left","10":"tablet-align-left","11":"mobile-align-left","13":"first","14":"instock","15":"shipping-taxable","16":"purchasable","17":"product-type-simple"},"_links":{"self":[{"href":"https:\/\/woo.apylaser.com\/index.php?rest_route=\/wp\/v2\/product\/7730","targetHints":{"allow":["GET"]}}],"collection":[{"href":"https:\/\/woo.apylaser.com\/index.php?rest_route=\/wp\/v2\/product"}],"about":[{"href":"https:\/\/woo.apylaser.com\/index.php?rest_route=\/wp\/v2\/types\/product"}],"replies":[{"embeddable":true,"href":"https:\/\/woo.apylaser.com\/index.php?rest_route=%2Fwp%2Fv2%2Fcomments&post=7730"}],"wp:featuredmedia":[{"embeddable":true,"href":"https:\/\/woo.apylaser.com\/index.php?rest_route=\/wp\/v2\/media\/7792"}],"wp:attachment":[{"href":"https:\/\/woo.apylaser.com\/index.php?rest_route=%2Fwp%2Fv2%2Fmedia&parent=7730"}],"wp:term":[{"taxonomy":"product_brand","embeddable":true,"href":"https:\/\/woo.apylaser.com\/index.php?rest_route=%2Fwp%2Fv2%2Fproduct_brand&post=7730"},{"taxonomy":"product_cat","embeddable":true,"href":"https:\/\/woo.apylaser.com\/index.php?rest_route=%2Fwp%2Fv2%2Fproduct_cat&post=7730"},{"taxonomy":"product_tag","embeddable":true,"href":"https:\/\/woo.apylaser.com\/index.php?rest_route=%2Fwp%2Fv2%2Fproduct_tag&post=7730"}],"curies":[{"name":"wp","href":"https:\/\/api.w.org\/{rel}","templated":true}]}}