{"id":7799,"date":"2026-04-20T16:23:14","date_gmt":"2026-04-20T16:23:14","guid":{"rendered":"http:\/\/woo.apylaser.com\/?post_type=product&#038;p=7799"},"modified":"2026-04-20T16:47:50","modified_gmt":"2026-04-20T16:47:50","slug":"socle-base-lumineuse-avec-led-a-lunite","status":"publish","type":"product","link":"https:\/\/woo.apylaser.com\/?product=socle-base-lumineuse-avec-led-a-lunite","title":{"rendered":"Socle base lumineuse avec led \u00e0 l&rsquo;unit\u00e9"},"content":{"rendered":"<p>Ce socle de base lumineuse \u00e0 led s&rsquo;utilise avec du plexiglas<\/p>\n<p>L&rsquo;\u00e9clairage de la lampe led se refl\u00e8te dans tout ce qui sera grav\u00e9 au laser ou cnc (fraiseuse) sur le plexiglas<\/p>\n<p>Cette base lumineuse dispose \u00e9galement d&rsquo;une t\u00e9l\u00e9commande et du fil usb inclus<\/p>\n<p>Vous pourrez changer les couleurs soit en touchant le socle sur le dessus soit avec la t\u00e9l\u00e9commande ou laisser en al\u00e9atoire<\/p>\n<p>Elle dispose de 12 variations de couleurs<\/p>\n<p>Le socle fonctionne soit branch\u00e9 sur une prise USB (sur pc, console de jeux&#8230; comme sur secteur si vous rajout\u00e9 l&#8217;embout de la prise) soit sur piles<\/p>\n<p>Le socle mesure :<\/p>\n<p>hauteur : 3,8 cm<\/p>\n<p>Diam\u00e8tre : 8,5 cm<\/p>\n<p>Mati\u00e8re : plastique<\/p>\n<p>Couleur : noir<\/p>\n<p>La taille de l&rsquo;espace pour glisser votre plaque est de 4 mm par 7 cm de longueur<\/p>\n<p>Utilisez un plexiglas ou verre de 4 mm, le 3 mm passe en \u00e9paisseur mais la plaque \u00e0 tendance \u00e0 bouger devant derri\u00e8re<\/p>\n<p>Cet ensemble comprend le socle, le c\u00e2ble et la t\u00e9l\u00e9commande (piles non incluses dans le socle LR03 et dans la t\u00e9l\u00e9commandeCR2025-2032)<\/p>\n<p>Ce socle pour base lumineuse est id\u00e9al pour vos cr\u00e9ations en plexiglas, que vous graviez du texte ou des photos le r\u00e9sultat sera au del\u00e0 de vos attentes les couleurs sont lumineuses et sont du plus bel effet<\/p>\n<p>Vous pouvez cr\u00e9er des lampes, des plaques pour professionnels, supports de bijoux&#8230;<\/p>\n<p>A l&rsquo;atelier vous avons test\u00e9 sur plaque de plexiglas en taille standard mais aussi sur des plaques de 40cm sur 40 et la lumi\u00e8re se diffuse parfaitement<\/p>\n<p>Nous avons essay\u00e9 jusqu&rsquo;\u00e0 une hauteur de 60 cm la lumi\u00e8re va jusqu&rsquo;au dessus elle est moins intense en haut mais \u00e7a reste lumineux quand m\u00eame<\/p>\n<p>Vos client(e)s comme les personnes \u00e0 qui vous offrirez vos cr\u00e9ations avec ces socles lumineux seront plus que ravis<\/p>\n<p>Si vous souhaitez des lots plus important en quantit\u00e9s, n&rsquo;h\u00e9sitez pas \u00e0 nous envoyer un email \u00e0 contact@apylaser.com pour un devis<\/p>\n<p>Tous les socles sont test\u00e9s avant l&rsquo;envoi sur pile comme sur secteur, il n&rsquo;y aura pas de garantie sur ce produit<\/p><\/p>\n","protected":false},"excerpt":{"rendered":"<p>Socle base lumineuse avec led<\/p>\n<p>sur le nouvel arrivage le fil usb est noir<\/p><\/p>\n","protected":false},"featured_media":7850,"comment_status":"open","ping_status":"closed","template":"","meta":{"site-sidebar-layout":"default","site-content-layout":"","ast-site-content-layout":"default","site-content-style":"default","site-sidebar-style":"default","ast-global-header-display":"","ast-banner-title-visibility":"","ast-main-header-display":"","ast-hfb-above-header-display":"","ast-hfb-below-header-display":"","ast-hfb-mobile-header-display":"","site-post-title":"","ast-breadcrumbs-content":"","ast-featured-img":"","footer-sml-layout":"","ast-disable-related-posts":"","theme-transparent-header-meta":"","adv-header-id-meta":"","stick-header-meta":"","header-above-stick-meta":"","header-main-stick-meta":"","header-below-stick-meta":"","astra-migrate-meta-layouts":"default","ast-page-background-enabled":"default","ast-page-background-meta":{"desktop":{"background-color":"var(--ast-global-color-5)","background-image":"","background-repeat":"repeat","background-position":"center center","background-size":"auto","background-attachment":"scroll","background-type":"","background-media":"","overlay-type":"","overlay-color":"","overlay-opacity":"","overlay-gradient":""},"tablet":{"background-color":"","background-image":"","background-repeat":"repeat","background-position":"center center","background-size":"auto","background-attachment":"scroll","background-type":"","background-media":"","overlay-type":"","overlay-color":"","overlay-opacity":"","overlay-gradient":""},"mobile":{"background-color":"","background-image":"","background-repeat":"repeat","background-position":"center center","background-size":"auto","background-attachment":"scroll","background-type":"","background-media":"","overlay-type":"","overlay-color":"","overlay-opacity":"","overlay-gradient":""}},"ast-content-background-meta":{"desktop":{"background-color":"var(--ast-global-color-4)","background-image":"","background-repeat":"repeat","background-position":"center center","background-size":"auto","background-attachment":"scroll","background-type":"","background-media":"","overlay-type":"","overlay-color":"","overlay-opacity":"","overlay-gradient":""},"tablet":{"background-color":"var(--ast-global-color-4)","background-image":"","background-repeat":"repeat","background-position":"center center","background-size":"auto","background-attachment":"scroll","background-type":"","background-media":"","overlay-type":"","overlay-color":"","overlay-opacity":"","overlay-gradient":""},"mobile":{"background-color":"var(--ast-global-color-4)","background-image":"","background-repeat":"repeat","background-position":"center center","background-size":"auto","background-attachment":"scroll","background-type":"","background-media":"","overlay-type":"","overlay-color":"","overlay-opacity":"","overlay-gradient":""}}},"product_brand":[],"product_cat":[19,18,52,53,54],"product_tag":[],"class_list":{"0":"post-7799","1":"product","2":"type-product","3":"status-publish","4":"has-post-thumbnail","6":"product_cat-de-produits","7":"product_cat-a-personnaliser-et-nos-creations","8":"product_cat-divers","9":"product_cat-formes-plexiglas-support-lampe-led","10":"product_cat-support-a-personnaliser","11":"desktop-align-left","12":"tablet-align-left","13":"mobile-align-left","15":"first","16":"instock","17":"shipping-taxable","18":"purchasable","19":"product-type-simple"},"_links":{"self":[{"href":"https:\/\/woo.apylaser.com\/index.php?rest_route=\/wp\/v2\/product\/7799","targetHints":{"allow":["GET"]}}],"collection":[{"href":"https:\/\/woo.apylaser.com\/index.php?rest_route=\/wp\/v2\/product"}],"about":[{"href":"https:\/\/woo.apylaser.com\/index.php?rest_route=\/wp\/v2\/types\/product"}],"replies":[{"embeddable":true,"href":"https:\/\/woo.apylaser.com\/index.php?rest_route=%2Fwp%2Fv2%2Fcomments&post=7799"}],"wp:featuredmedia":[{"embeddable":true,"href":"https:\/\/woo.apylaser.com\/index.php?rest_route=\/wp\/v2\/media\/7850"}],"wp:attachment":[{"href":"https:\/\/woo.apylaser.com\/index.php?rest_route=%2Fwp%2Fv2%2Fmedia&parent=7799"}],"wp:term":[{"taxonomy":"product_brand","embeddable":true,"href":"https:\/\/woo.apylaser.com\/index.php?rest_route=%2Fwp%2Fv2%2Fproduct_brand&post=7799"},{"taxonomy":"product_cat","embeddable":true,"href":"https:\/\/woo.apylaser.com\/index.php?rest_route=%2Fwp%2Fv2%2Fproduct_cat&post=7799"},{"taxonomy":"product_tag","embeddable":true,"href":"https:\/\/woo.apylaser.com\/index.php?rest_route=%2Fwp%2Fv2%2Fproduct_tag&post=7799"}],"curies":[{"name":"wp","href":"https:\/\/api.w.org\/{rel}","templated":true}]}}