{"id":7802,"date":"2026-04-20T16:23:14","date_gmt":"2026-04-20T16:23:14","guid":{"rendered":"http:\/\/woo.apylaser.com\/?post_type=product&#038;p=7802"},"modified":"2026-04-20T16:47:50","modified_gmt":"2026-04-20T16:47:50","slug":"plaque-de-boite-aux-lettres-pas-de-publicite-60mm-20mm","status":"publish","type":"product","link":"https:\/\/woo.apylaser.com\/?product=plaque-de-boite-aux-lettres-pas-de-publicite-60mm-20mm","title":{"rendered":"Plaque de bo\u00eete aux lettres pas de publicit\u00e9 60mm\/20mm"},"content":{"rendered":"<p>Cette plaque de bo\u00eete aux lettres pas de publicit\u00e9s sera grav\u00e9e au laser<\/p>\n<p>Hauteur : 20 mm<\/p>\n<p>Largeur : 60 mm<\/p>\n<p>Epaisseur : 1,6 mm<\/p>\n<p>Mati\u00e8re : acrylique bi-couche rigide<\/p>\n<p>Le texte sera grav\u00e9 en profondeur avec le laser pour laisser apparaitre la couleur du dessous<\/p>\n<p>Elles seront livr\u00e9es avec un scotch double face 3M coll\u00e9 \u00e0 l&rsquo;arri\u00e8re qui est tr\u00e8s r\u00e9sistant une fois mis en place, vous devez le coller sur un support propre, sec et lisse<\/p>\n<p>Ce support est r\u00e9sistant \u00e0 la lumi\u00e8re U.V, s&rsquo;utilise en int\u00e9rieur comme en ext\u00e9rieur<\/p>\n<p>Dans le choix de votre couleur la 1 \u00e8re couleur est celle du dessus et la 2\u00e8me sera celle de l&rsquo;\u00e9criture<\/p>\n<p>Tout est dessiner, con\u00e7u, grav\u00e9 et d\u00e9coup\u00e9 chez APY Laser donc n&rsquo;h\u00e9sitez pas \u00e0 nous contacter si vous souhaitez un pictogramme bien pr\u00e9cis,une autre taille, coloris diff\u00e9rent&#8230;. et nous verrons ensemble pour r\u00e9aliser votre projet et vous fournir un devis adapt\u00e9<\/p>\n","protected":false},"excerpt":{"rendered":"<p>Cette plaque de bo\u00eete aux lettres pas de publicit\u00e9s sera grav\u00e9e au laser<\/p><\/p>\n","protected":false},"featured_media":7863,"comment_status":"open","ping_status":"closed","template":"","meta":{"site-sidebar-layout":"default","site-content-layout":"","ast-site-content-layout":"default","site-content-style":"default","site-sidebar-style":"default","ast-global-header-display":"","ast-banner-title-visibility":"","ast-main-header-display":"","ast-hfb-above-header-display":"","ast-hfb-below-header-display":"","ast-hfb-mobile-header-display":"","site-post-title":"","ast-breadcrumbs-content":"","ast-featured-img":"","footer-sml-layout":"","ast-disable-related-posts":"","theme-transparent-header-meta":"","adv-header-id-meta":"","stick-header-meta":"","header-above-stick-meta":"","header-main-stick-meta":"","header-below-stick-meta":"","astra-migrate-meta-layouts":"default","ast-page-background-enabled":"default","ast-page-background-meta":{"desktop":{"background-color":"var(--ast-global-color-5)","background-image":"","background-repeat":"repeat","background-position":"center center","background-size":"auto","background-attachment":"scroll","background-type":"","background-media":"","overlay-type":"","overlay-color":"","overlay-opacity":"","overlay-gradient":""},"tablet":{"background-color":"","background-image":"","background-repeat":"repeat","background-position":"center center","background-size":"auto","background-attachment":"scroll","background-type":"","background-media":"","overlay-type":"","overlay-color":"","overlay-opacity":"","overlay-gradient":""},"mobile":{"background-color":"","background-image":"","background-repeat":"repeat","background-position":"center center","background-size":"auto","background-attachment":"scroll","background-type":"","background-media":"","overlay-type":"","overlay-color":"","overlay-opacity":"","overlay-gradient":""}},"ast-content-background-meta":{"desktop":{"background-color":"var(--ast-global-color-4)","background-image":"","background-repeat":"repeat","background-position":"center center","background-size":"auto","background-attachment":"scroll","background-type":"","background-media":"","overlay-type":"","overlay-color":"","overlay-opacity":"","overlay-gradient":""},"tablet":{"background-color":"var(--ast-global-color-4)","background-image":"","background-repeat":"repeat","background-position":"center center","background-size":"auto","background-attachment":"scroll","background-type":"","background-media":"","overlay-type":"","overlay-color":"","overlay-opacity":"","overlay-gradient":""},"mobile":{"background-color":"var(--ast-global-color-4)","background-image":"","background-repeat":"repeat","background-position":"center center","background-size":"auto","background-attachment":"scroll","background-type":"","background-media":"","overlay-type":"","overlay-color":"","overlay-opacity":"","overlay-gradient":""}}},"product_brand":[],"product_cat":[18,37,38,36,20,39],"product_tag":[],"class_list":{"0":"post-7802","1":"product","2":"type-product","3":"status-publish","4":"has-post-thumbnail","6":"product_cat-a-personnaliser-et-nos-creations","7":"product_cat-de-portes","8":"product_cat-numeros","9":"product_cat-plaques-de-boites-aux-lettres","10":"product_cat-professionnels","11":"product_cat-signaletique","12":"desktop-align-left","13":"tablet-align-left","14":"mobile-align-left","16":"first","17":"instock","18":"shipping-taxable","19":"purchasable","20":"product-type-simple"},"_links":{"self":[{"href":"https:\/\/woo.apylaser.com\/index.php?rest_route=\/wp\/v2\/product\/7802","targetHints":{"allow":["GET"]}}],"collection":[{"href":"https:\/\/woo.apylaser.com\/index.php?rest_route=\/wp\/v2\/product"}],"about":[{"href":"https:\/\/woo.apylaser.com\/index.php?rest_route=\/wp\/v2\/types\/product"}],"replies":[{"embeddable":true,"href":"https:\/\/woo.apylaser.com\/index.php?rest_route=%2Fwp%2Fv2%2Fcomments&post=7802"}],"wp:featuredmedia":[{"embeddable":true,"href":"https:\/\/woo.apylaser.com\/index.php?rest_route=\/wp\/v2\/media\/7863"}],"wp:attachment":[{"href":"https:\/\/woo.apylaser.com\/index.php?rest_route=%2Fwp%2Fv2%2Fmedia&parent=7802"}],"wp:term":[{"taxonomy":"product_brand","embeddable":true,"href":"https:\/\/woo.apylaser.com\/index.php?rest_route=%2Fwp%2Fv2%2Fproduct_brand&post=7802"},{"taxonomy":"product_cat","embeddable":true,"href":"https:\/\/woo.apylaser.com\/index.php?rest_route=%2Fwp%2Fv2%2Fproduct_cat&post=7802"},{"taxonomy":"product_tag","embeddable":true,"href":"https:\/\/woo.apylaser.com\/index.php?rest_route=%2Fwp%2Fv2%2Fproduct_tag&post=7802"}],"curies":[{"name":"wp","href":"https:\/\/api.w.org\/{rel}","templated":true}]}}