{"id":7832,"date":"2026-04-20T16:23:34","date_gmt":"2026-04-20T16:23:34","guid":{"rendered":"http:\/\/woo.apylaser.com\/?post_type=product&#038;p=7832"},"modified":"2026-04-20T16:47:50","modified_gmt":"2026-04-20T16:47:50","slug":"cadre-coeur-avec-renard-diverses-tailles","status":"publish","type":"product","link":"https:\/\/woo.apylaser.com\/?product=cadre-coeur-avec-renard-diverses-tailles","title":{"rendered":"Cadre coeur avec renard (diverses tailles)"},"content":{"rendered":"<div class=\"tab-pane fade in active\" id=\"description\">\n<div class=\"product-description\">\n<p>Ce cadre coeur renard est \u00e0 personnaliser ou \u00e0 laisser brut<\/p>\n<p>3 tailles aux choix<\/p>\n<p>Largeur : 25 cm<\/p>\n<p>Hauteur : 22 cm<\/p>\n<p>en 30 cm : la hauteur est de 26 cm<\/p>\n<p>en 40 cm : la hauteur est de 35 cm<\/p>\n<p>Epaisseur du bois : 3 mm<\/p>\n<p>Mati\u00e8re : MDF<\/p>\n<p>Cette mati\u00e8re \u00e9tant tr\u00e8s l\u00e9g\u00e8re vous pouvez le coller \u00e0 votre mur avec du scotch double face mais aussi tout simplement avec de la p\u00e2te \u00e0 fixe qui tient tr\u00e8s bien<\/p>\n<p>Ce cadre coeur renard en bois MDF est \u00e0 peindre ou \u00e0 laisser brut, vous pouvez poncer un peu la surface avec de la laine d&rsquo;acier ou papier \u00e0 poncer le bois<\/p>\n<p>Pour le peindre appliquez 2 couches de vernis transparent mat de pr\u00e9f\u00e9rence puis votre peinture, les peintures en bombes vont tr\u00e8s bien pour ce style d&rsquo;application et le rendu est vraiment tr\u00e8s joli <\/p>\n<p>Un cadre renard \u00e0 offrir ou \u00e0 s&rsquo;offrir, un cadeau qui fera plaisir \u00e0 coup sur pour une entr\u00e9e, un salon, une chambre d&rsquo;enfant&#8230;<\/p>\n<p>Si vous souhaitez une taille n&rsquo;h\u00e9sitez pas \u00e0 nous envoyer un message<\/p>\n<\/p><\/div>\n<\/p><\/div>\n","protected":false},"excerpt":{"rendered":"<p>Cadre coeur avec renard d\u00e9coup\u00e9 au laser<\/p>\n","protected":false},"featured_media":7883,"comment_status":"open","ping_status":"closed","template":"","meta":{"site-sidebar-layout":"default","site-content-layout":"","ast-site-content-layout":"default","site-content-style":"default","site-sidebar-style":"default","ast-global-header-display":"","ast-banner-title-visibility":"","ast-main-header-display":"","ast-hfb-above-header-display":"","ast-hfb-below-header-display":"","ast-hfb-mobile-header-display":"","site-post-title":"","ast-breadcrumbs-content":"","ast-featured-img":"","footer-sml-layout":"","ast-disable-related-posts":"","theme-transparent-header-meta":"","adv-header-id-meta":"","stick-header-meta":"","header-above-stick-meta":"","header-main-stick-meta":"","header-below-stick-meta":"","astra-migrate-meta-layouts":"default","ast-page-background-enabled":"default","ast-page-background-meta":{"desktop":{"background-color":"var(--ast-global-color-5)","background-image":"","background-repeat":"repeat","background-position":"center center","background-size":"auto","background-attachment":"scroll","background-type":"","background-media":"","overlay-type":"","overlay-color":"","overlay-opacity":"","overlay-gradient":""},"tablet":{"background-color":"","background-image":"","background-repeat":"repeat","background-position":"center center","background-size":"auto","background-attachment":"scroll","background-type":"","background-media":"","overlay-type":"","overlay-color":"","overlay-opacity":"","overlay-gradient":""},"mobile":{"background-color":"","background-image":"","background-repeat":"repeat","background-position":"center center","background-size":"auto","background-attachment":"scroll","background-type":"","background-media":"","overlay-type":"","overlay-color":"","overlay-opacity":"","overlay-gradient":""}},"ast-content-background-meta":{"desktop":{"background-color":"var(--ast-global-color-4)","background-image":"","background-repeat":"repeat","background-position":"center center","background-size":"auto","background-attachment":"scroll","background-type":"","background-media":"","overlay-type":"","overlay-color":"","overlay-opacity":"","overlay-gradient":""},"tablet":{"background-color":"var(--ast-global-color-4)","background-image":"","background-repeat":"repeat","background-position":"center center","background-size":"auto","background-attachment":"scroll","background-type":"","background-media":"","overlay-type":"","overlay-color":"","overlay-opacity":"","overlay-gradient":""},"mobile":{"background-color":"var(--ast-global-color-4)","background-image":"","background-repeat":"repeat","background-position":"center center","background-size":"auto","background-attachment":"scroll","background-type":"","background-media":"","overlay-type":"","overlay-color":"","overlay-opacity":"","overlay-gradient":""}}},"product_brand":[],"product_cat":[18,35,34],"product_tag":[],"class_list":{"0":"post-7832","1":"product","2":"type-product","3":"status-publish","4":"has-post-thumbnail","6":"product_cat-a-personnaliser-et-nos-creations","7":"product_cat-cadres-et-decorations-murales","8":"product_cat-decoration-interieur","9":"desktop-align-left","10":"tablet-align-left","11":"mobile-align-left","13":"first","14":"instock","15":"shipping-taxable","16":"purchasable","17":"product-type-simple"},"_links":{"self":[{"href":"https:\/\/woo.apylaser.com\/index.php?rest_route=\/wp\/v2\/product\/7832","targetHints":{"allow":["GET"]}}],"collection":[{"href":"https:\/\/woo.apylaser.com\/index.php?rest_route=\/wp\/v2\/product"}],"about":[{"href":"https:\/\/woo.apylaser.com\/index.php?rest_route=\/wp\/v2\/types\/product"}],"replies":[{"embeddable":true,"href":"https:\/\/woo.apylaser.com\/index.php?rest_route=%2Fwp%2Fv2%2Fcomments&post=7832"}],"wp:featuredmedia":[{"embeddable":true,"href":"https:\/\/woo.apylaser.com\/index.php?rest_route=\/wp\/v2\/media\/7883"}],"wp:attachment":[{"href":"https:\/\/woo.apylaser.com\/index.php?rest_route=%2Fwp%2Fv2%2Fmedia&parent=7832"}],"wp:term":[{"taxonomy":"product_brand","embeddable":true,"href":"https:\/\/woo.apylaser.com\/index.php?rest_route=%2Fwp%2Fv2%2Fproduct_brand&post=7832"},{"taxonomy":"product_cat","embeddable":true,"href":"https:\/\/woo.apylaser.com\/index.php?rest_route=%2Fwp%2Fv2%2Fproduct_cat&post=7832"},{"taxonomy":"product_tag","embeddable":true,"href":"https:\/\/woo.apylaser.com\/index.php?rest_route=%2Fwp%2Fv2%2Fproduct_tag&post=7832"}],"curies":[{"name":"wp","href":"https:\/\/api.w.org\/{rel}","templated":true}]}}