{"id":7857,"date":"2026-04-20T16:23:56","date_gmt":"2026-04-20T16:23:56","guid":{"rendered":"http:\/\/woo.apylaser.com\/?post_type=product&#038;p=7857"},"modified":"2026-04-20T16:47:51","modified_gmt":"2026-04-20T16:47:51","slug":"tampon-trodat-printy-4612-ronde-12mm","status":"publish","type":"product","link":"https:\/\/woo.apylaser.com\/?product=tampon-trodat-printy-4612-ronde-12mm","title":{"rendered":"Tampon trodat  printy 4612 ronde 12mm"},"content":{"rendered":"<h2>Tampon encreur Trodat Printy 4612 : rond 12mm pour initiales et logo<\/h2>\n<p><span style=\"font-size:medium;\">Le\u00a0<\/span><strong>tampon Trodat Printy 4612<\/strong><span style=\"font-size:medium;\">\u00a0est un petit tampon rond de 12 mm de diam\u00e8tre. Il est appropri\u00e9 pour 1 ligne de texte, des initiales ou un petit logo simple. C\u2019est le format id\u00e9al pour marquer discr\u00e8tement vos cr\u00e9ations, courriers, les cartes de fid\u00e9lit\u00e9&#8230;<\/span><\/p>\n<h2>Caract\u00e9ristiques techniques du Printy 4612<\/h2>\n<ul>\n<li><strong>Empreinte (zone de marquage)<\/strong>\u00a0: Rond diam\u00e8tre 12 mm<\/li>\n<li><strong>Nombre de lignes<\/strong>\u00a0: 1 ligne de texte ou petit visuel<\/li>\n<li><strong>Couleur de l&rsquo;encre<\/strong>\u00a0: Noir inclus.\u00a0<\/li>\n<li><strong>Mati\u00e8re du boitier<\/strong>\u00a0: Plastique rigide noir<\/li>\n<li><strong>Gravure<\/strong>\u00a0: Plaque personnalis\u00e9e d\u00e9coup\u00e9e au laser dans notre atelier<\/li>\n<\/ul>\n<h2>Pourquoi choisir un tampon rond Trodat 4612 ?<\/h2>\n<p><span style=\"font-size:medium;\">Les tampons encreurs Trodat sont de tr\u00e8s bonne qualit\u00e9 et durent dans le temps. Le format 12mm est discret et passe-partout. Les cassettes se changent facilement et \u00e0 petit prix, sans contact avec l\u2019encre. Sur le dessus vous avez un couvercle o\u00f9 vous pourrez glisser une \u00e9tiquette avec la d\u00e9nomination. Elle est incluse dans la boite.<\/span><\/p>\n<h2>Pour quel usage choisir le 4612 ?<\/h2>\n<p><span style=\"font-size:medium;\">Le\u00a0<\/span><strong>Printy 4612 est parfait pour les cr\u00e9ateurs, carte de fid\u00e9lit\u00e9<\/strong><span style=\"font-size:medium;\">&#8230;. Utilisez-le pour signer vos cr\u00e9ations, apposer vos initiales sur vos courriers, carte de fid\u00e9lit\u00e9&#8230;<\/span><\/p>\n<p><span style=\"font-size:medium;\">Sa petite taille le rend tr\u00e8s pratique au quotidien.<\/span><\/p>\n<h2>Fabrication fran\u00e7aise et exp\u00e9dition rapide<\/h2>\n<p><span style=\"font-size:medium;\">Les empreintes sont\u00a0<\/span><strong>grav\u00e9es et d\u00e9coup\u00e9es au laser dans notre atelier \u00e0 Mandres la c\u00f4te\u00a0en Haute-Marne<\/strong><span style=\"font-size:medium;\">. Cela nous permet de fabriquer votre tampon personnalis\u00e9 et de vous l\u2019exp\u00e9dier rapidement.<\/span><\/p>\n<h3>Peut-on mettre un logo sur le 4612 ?<\/h3>\n<p><span style=\"font-size:medium;\">Oui, si votre logo est simple et \u00e9pur\u00e9. \u00c9vitez les textes trop petits. Pour valider votre fichier, envoyez-nous un email \u00e0 contact@apylaser.com avant commande.<\/span><\/p>\n<h3>Quelle encre pour recharger mon 4612 ?<\/h3>\n<p><span style=\"font-size:medium;\">Le Printy 4612 utilise les cassettes d\u2019encre Trodat 6\/4612.\u00a0<\/span><\/p>\n","protected":false},"excerpt":{"rendered":"<div id=\"product-description-short-387\" class=\"product-description-short\">\n<p>Trodat Printy 4612 rond 12mm personnalisable<\/p>\n<p>1 ligne : initiales, logo simple, marquage<\/p>\n<p>Gravure laser dans notre atelier en Haute-Marne<\/p>\n<p>Encre noire incluse \u2013 Exp\u00e9di\u00e9 48h<\/p>\n<p>Enregistrez votre texte avant d\u2019ajouter au panier<\/p>\n<p>Pour les logos contactez nous avant votre commande pour parler de votre projet comme nous sommes sur une petite dimension<\/p>\n<\/p><\/div>\n","protected":false},"featured_media":7301,"comment_status":"open","ping_status":"closed","template":"","meta":{"site-sidebar-layout":"default","site-content-layout":"","ast-site-content-layout":"default","site-content-style":"default","site-sidebar-style":"default","ast-global-header-display":"","ast-banner-title-visibility":"","ast-main-header-display":"","ast-hfb-above-header-display":"","ast-hfb-below-header-display":"","ast-hfb-mobile-header-display":"","site-post-title":"","ast-breadcrumbs-content":"","ast-featured-img":"","footer-sml-layout":"","ast-disable-related-posts":"","theme-transparent-header-meta":"","adv-header-id-meta":"","stick-header-meta":"","header-above-stick-meta":"","header-main-stick-meta":"","header-below-stick-meta":"","astra-migrate-meta-layouts":"default","ast-page-background-enabled":"default","ast-page-background-meta":{"desktop":{"background-color":"var(--ast-global-color-5)","background-image":"","background-repeat":"repeat","background-position":"center center","background-size":"auto","background-attachment":"scroll","background-type":"","background-media":"","overlay-type":"","overlay-color":"","overlay-opacity":"","overlay-gradient":""},"tablet":{"background-color":"","background-image":"","background-repeat":"repeat","background-position":"center center","background-size":"auto","background-attachment":"scroll","background-type":"","background-media":"","overlay-type":"","overlay-color":"","overlay-opacity":"","overlay-gradient":""},"mobile":{"background-color":"","background-image":"","background-repeat":"repeat","background-position":"center center","background-size":"auto","background-attachment":"scroll","background-type":"","background-media":"","overlay-type":"","overlay-color":"","overlay-opacity":"","overlay-gradient":""}},"ast-content-background-meta":{"desktop":{"background-color":"var(--ast-global-color-4)","background-image":"","background-repeat":"repeat","background-position":"center center","background-size":"auto","background-attachment":"scroll","background-type":"","background-media":"","overlay-type":"","overlay-color":"","overlay-opacity":"","overlay-gradient":""},"tablet":{"background-color":"var(--ast-global-color-4)","background-image":"","background-repeat":"repeat","background-position":"center center","background-size":"auto","background-attachment":"scroll","background-type":"","background-media":"","overlay-type":"","overlay-color":"","overlay-opacity":"","overlay-gradient":""},"mobile":{"background-color":"var(--ast-global-color-4)","background-image":"","background-repeat":"repeat","background-position":"center center","background-size":"auto","background-attachment":"scroll","background-type":"","background-media":"","overlay-type":"","overlay-color":"","overlay-opacity":"","overlay-gradient":""}}},"product_brand":[],"product_cat":[21,61],"product_tag":[],"class_list":{"0":"post-7857","1":"product","2":"type-product","3":"status-publish","4":"has-post-thumbnail","6":"product_cat-tampons","7":"product_cat-tampons-professionnels","8":"desktop-align-left","9":"tablet-align-left","10":"mobile-align-left","12":"first","13":"instock","14":"shipping-taxable","15":"purchasable","16":"product-type-simple"},"_links":{"self":[{"href":"https:\/\/woo.apylaser.com\/index.php?rest_route=\/wp\/v2\/product\/7857","targetHints":{"allow":["GET"]}}],"collection":[{"href":"https:\/\/woo.apylaser.com\/index.php?rest_route=\/wp\/v2\/product"}],"about":[{"href":"https:\/\/woo.apylaser.com\/index.php?rest_route=\/wp\/v2\/types\/product"}],"replies":[{"embeddable":true,"href":"https:\/\/woo.apylaser.com\/index.php?rest_route=%2Fwp%2Fv2%2Fcomments&post=7857"}],"wp:featuredmedia":[{"embeddable":true,"href":"https:\/\/woo.apylaser.com\/index.php?rest_route=\/wp\/v2\/media\/7301"}],"wp:attachment":[{"href":"https:\/\/woo.apylaser.com\/index.php?rest_route=%2Fwp%2Fv2%2Fmedia&parent=7857"}],"wp:term":[{"taxonomy":"product_brand","embeddable":true,"href":"https:\/\/woo.apylaser.com\/index.php?rest_route=%2Fwp%2Fv2%2Fproduct_brand&post=7857"},{"taxonomy":"product_cat","embeddable":true,"href":"https:\/\/woo.apylaser.com\/index.php?rest_route=%2Fwp%2Fv2%2Fproduct_cat&post=7857"},{"taxonomy":"product_tag","embeddable":true,"href":"https:\/\/woo.apylaser.com\/index.php?rest_route=%2Fwp%2Fv2%2Fproduct_tag&post=7857"}],"curies":[{"name":"wp","href":"https:\/\/api.w.org\/{rel}","templated":true}]}}