{"id":7891,"date":"2026-04-20T16:24:41","date_gmt":"2026-04-20T16:24:41","guid":{"rendered":"http:\/\/woo.apylaser.com\/?post_type=product&#038;p=7891"},"modified":"2026-04-20T16:47:51","modified_gmt":"2026-04-20T16:47:51","slug":"decoration-boule-de-noel-cerf-contreplaque-a-personnaliser","status":"publish","type":"product","link":"https:\/\/woo.apylaser.com\/?product=decoration-boule-de-noel-cerf-contreplaque-a-personnaliser","title":{"rendered":"D\u00e9coration Boule de no\u00ebl cerf contreplaqu\u00e9 \u00e0 personnaliser"},"content":{"rendered":"<p>Cette boule de no\u00ebl cerf est \u00e0 personnaliser ou \u00e0 laisser brut<\/p>\n<p>Largeur : 10.5 cm<\/p>\n<p>Hauteur : 11 cm<\/p>\n<p>Epaisseur du bois : 3 mm<\/p>\n<p>Mati\u00e8re : contreplaqu\u00e9 peuplier<\/p>\n<p>Cette boule de no\u00ebl \u00e0 personnaliser en bois est \u00e0 peindre, \u00e0 customiser avec du flex, du vinyle (mettez 1 \u00e0 2 couches de vernis si vous souhaitez mettre du vinyle avant de le coller)<\/p>\n<p>Pour le peindre les peintures en bombes vont tr\u00e8s bien pour ce style d&rsquo;application et le rendu est vraiment tr\u00e8s joli, vous pouvez \u00e9galement peindre aux pinceaux ou un petit rouleau avec des peintures acryliques<\/p>\n<p>Pr\u00e9parez vos paillettes, vos peintures paillet\u00e9es-m\u00e9tallis\u00e9es-nacr\u00e9e&#8230;.un support facile \u00e0 peindre et que vous pourrez agr\u00e9menter \u00e0 votre gout<\/p>\n<p>Vous pouvez m\u00eame y rajouter des strass autocollants, des n\u0153uds satins&#8230;..<\/p>\n<p>Cette boule de no\u00ebl fera partie de vos souvenirs \u00e0 garder pr\u00e9cieusement, un cadeau \u00e0 offrir ou \u00e0 s&rsquo;offrir pour mettre dans le sapin de no\u00ebl<\/p>\n<p>Si vous souhaitez une taille n&rsquo;h\u00e9sitez pas \u00e0 nous envoyer un message<\/p>\n","protected":false},"excerpt":{"rendered":"<p>Boule de no\u00ebl \u00e0 personnaliser d\u00e9coup\u00e9e au laser<\/p>\n<p>Les mod\u00e8les sont des exclusivit\u00e9s APY Laser puisque les fichiers sont con\u00e7us \u00e0 l&rsquo;atelier<\/p>\n","protected":false},"featured_media":7922,"comment_status":"open","ping_status":"closed","template":"","meta":{"site-sidebar-layout":"default","site-content-layout":"","ast-site-content-layout":"default","site-content-style":"default","site-sidebar-style":"default","ast-global-header-display":"","ast-banner-title-visibility":"","ast-main-header-display":"","ast-hfb-above-header-display":"","ast-hfb-below-header-display":"","ast-hfb-mobile-header-display":"","site-post-title":"","ast-breadcrumbs-content":"","ast-featured-img":"","footer-sml-layout":"","ast-disable-related-posts":"","theme-transparent-header-meta":"","adv-header-id-meta":"","stick-header-meta":"","header-above-stick-meta":"","header-main-stick-meta":"","header-below-stick-meta":"","astra-migrate-meta-layouts":"default","ast-page-background-enabled":"default","ast-page-background-meta":{"desktop":{"background-color":"var(--ast-global-color-5)","background-image":"","background-repeat":"repeat","background-position":"center center","background-size":"auto","background-attachment":"scroll","background-type":"","background-media":"","overlay-type":"","overlay-color":"","overlay-opacity":"","overlay-gradient":""},"tablet":{"background-color":"","background-image":"","background-repeat":"repeat","background-position":"center center","background-size":"auto","background-attachment":"scroll","background-type":"","background-media":"","overlay-type":"","overlay-color":"","overlay-opacity":"","overlay-gradient":""},"mobile":{"background-color":"","background-image":"","background-repeat":"repeat","background-position":"center center","background-size":"auto","background-attachment":"scroll","background-type":"","background-media":"","overlay-type":"","overlay-color":"","overlay-opacity":"","overlay-gradient":""}},"ast-content-background-meta":{"desktop":{"background-color":"var(--ast-global-color-4)","background-image":"","background-repeat":"repeat","background-position":"center center","background-size":"auto","background-attachment":"scroll","background-type":"","background-media":"","overlay-type":"","overlay-color":"","overlay-opacity":"","overlay-gradient":""},"tablet":{"background-color":"var(--ast-global-color-4)","background-image":"","background-repeat":"repeat","background-position":"center center","background-size":"auto","background-attachment":"scroll","background-type":"","background-media":"","overlay-type":"","overlay-color":"","overlay-opacity":"","overlay-gradient":""},"mobile":{"background-color":"var(--ast-global-color-4)","background-image":"","background-repeat":"repeat","background-position":"center center","background-size":"auto","background-attachment":"scroll","background-type":"","background-media":"","overlay-type":"","overlay-color":"","overlay-opacity":"","overlay-gradient":""}}},"product_brand":[],"product_cat":[56,62,63],"product_tag":[],"class_list":{"0":"post-7891","1":"product","2":"type-product","3":"status-publish","4":"has-post-thumbnail","6":"product_cat-formes-a-personnaliser","7":"product_cat-formes-fetes-boules-noel","8":"product_cat-paques","9":"desktop-align-left","10":"tablet-align-left","11":"mobile-align-left","13":"first","14":"instock","15":"shipping-taxable","16":"purchasable","17":"product-type-simple"},"_links":{"self":[{"href":"https:\/\/woo.apylaser.com\/index.php?rest_route=\/wp\/v2\/product\/7891","targetHints":{"allow":["GET"]}}],"collection":[{"href":"https:\/\/woo.apylaser.com\/index.php?rest_route=\/wp\/v2\/product"}],"about":[{"href":"https:\/\/woo.apylaser.com\/index.php?rest_route=\/wp\/v2\/types\/product"}],"replies":[{"embeddable":true,"href":"https:\/\/woo.apylaser.com\/index.php?rest_route=%2Fwp%2Fv2%2Fcomments&post=7891"}],"wp:featuredmedia":[{"embeddable":true,"href":"https:\/\/woo.apylaser.com\/index.php?rest_route=\/wp\/v2\/media\/7922"}],"wp:attachment":[{"href":"https:\/\/woo.apylaser.com\/index.php?rest_route=%2Fwp%2Fv2%2Fmedia&parent=7891"}],"wp:term":[{"taxonomy":"product_brand","embeddable":true,"href":"https:\/\/woo.apylaser.com\/index.php?rest_route=%2Fwp%2Fv2%2Fproduct_brand&post=7891"},{"taxonomy":"product_cat","embeddable":true,"href":"https:\/\/woo.apylaser.com\/index.php?rest_route=%2Fwp%2Fv2%2Fproduct_cat&post=7891"},{"taxonomy":"product_tag","embeddable":true,"href":"https:\/\/woo.apylaser.com\/index.php?rest_route=%2Fwp%2Fv2%2Fproduct_tag&post=7891"}],"curies":[{"name":"wp","href":"https:\/\/api.w.org\/{rel}","templated":true}]}}