{"id":7924,"date":"2026-04-20T16:25:04","date_gmt":"2026-04-20T16:25:04","guid":{"rendered":"http:\/\/woo.apylaser.com\/?post_type=product&#038;p=7924"},"modified":"2026-04-20T16:47:52","modified_gmt":"2026-04-20T16:47:52","slug":"decoration-murale-famille-avec-prenoms-30-cm","status":"publish","type":"product","link":"https:\/\/woo.apylaser.com\/?product=decoration-murale-famille-avec-prenoms-30-cm","title":{"rendered":"D\u00e9coration murale famille avec pr\u00e9noms 30 cm"},"content":{"rendered":"<p>D\u00e9coration murale famille avec 2 pr\u00e9noms<\/p>\n<p>Les pr\u00e9noms sont d\u00e9coup\u00e9s \u00e0 part et viennent se superposer sur le mot famille<\/p>\n<p>Longueur : 30 cm<\/p>\n<p>Hauteur : 6 cm<\/p>\n<p>Epaisseur : 3 mm<\/p>\n<p>Mati\u00e8re : bois MDF<\/p>\n<p>Les mots du dessus ne seront pas coll\u00e9s pour vous laisser le choix de les peindre si vous le souhaitez dans une couleur diff\u00e9rente du fond<\/p>\n<p>Il y aura du scotch double face au dos du petit lettrage pour le fixer sur le fond<\/p>\n<p>Cette d\u00e9coration murale famille avec pr\u00e9noms est \u00e0 peindre ou \u00e0 laisser brut, pour le peindre mettez 1 \u00e0 2 couches de vernis avant de peindre pour un meilleur rendu<\/p>\n<p>Laissez tel quel ou mettez en peinture que le mot famille ou les pr\u00e9noms pour donner du contraste<\/p>\n<p>Sur la 2\u00e8me photo vous avez un exemple de personnalisation que vous pouvez faire avec les pr\u00e9noms peints en noir et le mot famille vernis avec un vernis transparent paillet\u00e9 or<\/p>\n<p>Si vous souhaitez une taille, mati\u00e8re diff\u00e9rente n&rsquo;h\u00e9sitez pas \u00e0 nous envoyer un message<\/p><\/p>\n","protected":false},"excerpt":{"rendered":"<p>D\u00e9coration murale famille avec pr\u00e9noms d\u00e9coup\u00e9e au laser<\/p>\n<p>R\u00e9alisation pour 2 pr\u00e9noms<\/p>\n<p>Disponible en 3 et 4 pr\u00e9noms sur la boutique <a href=\"https:\/\/apylaser.com\/decoration-interieur\/470-decoration-murale-famille-avec-prenom.html\">en cliquant ici<\/a><\/p>\n","protected":false},"featured_media":7970,"comment_status":"open","ping_status":"closed","template":"","meta":{"site-sidebar-layout":"default","site-content-layout":"","ast-site-content-layout":"default","site-content-style":"default","site-sidebar-style":"default","ast-global-header-display":"","ast-banner-title-visibility":"","ast-main-header-display":"","ast-hfb-above-header-display":"","ast-hfb-below-header-display":"","ast-hfb-mobile-header-display":"","site-post-title":"","ast-breadcrumbs-content":"","ast-featured-img":"","footer-sml-layout":"","ast-disable-related-posts":"","theme-transparent-header-meta":"","adv-header-id-meta":"","stick-header-meta":"","header-above-stick-meta":"","header-main-stick-meta":"","header-below-stick-meta":"","astra-migrate-meta-layouts":"default","ast-page-background-enabled":"default","ast-page-background-meta":{"desktop":{"background-color":"var(--ast-global-color-5)","background-image":"","background-repeat":"repeat","background-position":"center center","background-size":"auto","background-attachment":"scroll","background-type":"","background-media":"","overlay-type":"","overlay-color":"","overlay-opacity":"","overlay-gradient":""},"tablet":{"background-color":"","background-image":"","background-repeat":"repeat","background-position":"center center","background-size":"auto","background-attachment":"scroll","background-type":"","background-media":"","overlay-type":"","overlay-color":"","overlay-opacity":"","overlay-gradient":""},"mobile":{"background-color":"","background-image":"","background-repeat":"repeat","background-position":"center center","background-size":"auto","background-attachment":"scroll","background-type":"","background-media":"","overlay-type":"","overlay-color":"","overlay-opacity":"","overlay-gradient":""}},"ast-content-background-meta":{"desktop":{"background-color":"var(--ast-global-color-4)","background-image":"","background-repeat":"repeat","background-position":"center center","background-size":"auto","background-attachment":"scroll","background-type":"","background-media":"","overlay-type":"","overlay-color":"","overlay-opacity":"","overlay-gradient":""},"tablet":{"background-color":"var(--ast-global-color-4)","background-image":"","background-repeat":"repeat","background-position":"center center","background-size":"auto","background-attachment":"scroll","background-type":"","background-media":"","overlay-type":"","overlay-color":"","overlay-opacity":"","overlay-gradient":""},"mobile":{"background-color":"var(--ast-global-color-4)","background-image":"","background-repeat":"repeat","background-position":"center center","background-size":"auto","background-attachment":"scroll","background-type":"","background-media":"","overlay-type":"","overlay-color":"","overlay-opacity":"","overlay-gradient":""}}},"product_brand":[],"product_cat":[18,35,34],"product_tag":[],"class_list":{"0":"post-7924","1":"product","2":"type-product","3":"status-publish","4":"has-post-thumbnail","6":"product_cat-a-personnaliser-et-nos-creations","7":"product_cat-cadres-et-decorations-murales","8":"product_cat-decoration-interieur","9":"desktop-align-left","10":"tablet-align-left","11":"mobile-align-left","13":"first","14":"instock","15":"shipping-taxable","16":"purchasable","17":"product-type-simple"},"_links":{"self":[{"href":"https:\/\/woo.apylaser.com\/index.php?rest_route=\/wp\/v2\/product\/7924","targetHints":{"allow":["GET"]}}],"collection":[{"href":"https:\/\/woo.apylaser.com\/index.php?rest_route=\/wp\/v2\/product"}],"about":[{"href":"https:\/\/woo.apylaser.com\/index.php?rest_route=\/wp\/v2\/types\/product"}],"replies":[{"embeddable":true,"href":"https:\/\/woo.apylaser.com\/index.php?rest_route=%2Fwp%2Fv2%2Fcomments&post=7924"}],"wp:featuredmedia":[{"embeddable":true,"href":"https:\/\/woo.apylaser.com\/index.php?rest_route=\/wp\/v2\/media\/7970"}],"wp:attachment":[{"href":"https:\/\/woo.apylaser.com\/index.php?rest_route=%2Fwp%2Fv2%2Fmedia&parent=7924"}],"wp:term":[{"taxonomy":"product_brand","embeddable":true,"href":"https:\/\/woo.apylaser.com\/index.php?rest_route=%2Fwp%2Fv2%2Fproduct_brand&post=7924"},{"taxonomy":"product_cat","embeddable":true,"href":"https:\/\/woo.apylaser.com\/index.php?rest_route=%2Fwp%2Fv2%2Fproduct_cat&post=7924"},{"taxonomy":"product_tag","embeddable":true,"href":"https:\/\/woo.apylaser.com\/index.php?rest_route=%2Fwp%2Fv2%2Fproduct_tag&post=7924"}],"curies":[{"name":"wp","href":"https:\/\/api.w.org\/{rel}","templated":true}]}}