{"id":7989,"date":"2026-04-20T16:26:32","date_gmt":"2026-04-20T16:26:32","guid":{"rendered":"http:\/\/woo.apylaser.com\/?post_type=product&#038;p=7989"},"modified":"2026-04-20T16:47:53","modified_gmt":"2026-04-20T16:47:53","slug":"decoration-murale-coiffure-avec-mot-personnalisable","status":"publish","type":"product","link":"https:\/\/woo.apylaser.com\/?product=decoration-murale-coiffure-avec-mot-personnalisable","title":{"rendered":"D\u00e9coration murale coiffure avec mot personnalisable"},"content":{"rendered":"<p>D\u00e9coration murale coiffure<\/p>\n<p>A personnaliser avec le nom de votre entreprise, le pr\u00e9nom ou mot de votre choix<\/p>\n<p>Largeur : 43 cm<\/p>\n<p>Hauteur : 41 cm (hauteur approximative suivant les mots)<\/p>\n<p>Hauteur du lettrage environ 6.5 cm mais cela d\u00e9pend de la police d&rsquo;\u00e9criture qui sera utilis\u00e9e c&rsquo;est \u00e0 titre d&rsquo;exemple<\/p>\n<p>Epaisseur : 3 mm<\/p>\n<p>Mati\u00e8re : bois MDF<\/p>\n<p>Cette d\u00e9coration murale coiffure est \u00e0 peindre ou \u00e0 laisser brut, pour le peindre mettez 1 \u00e0 2 couches de vernis avant de peindre pour un meilleur rendu<\/p>\n<p>Le mdf se peint facilement mais est aussi tr\u00e8s joli en version brut<\/p>\n<p>Si vous souhaitez une taille, mati\u00e8re diff\u00e9rentes n&rsquo;h\u00e9sitez pas \u00e0 nous envoyer un message<\/p>\n<p>Attention v\u00e9rifiez bien l&rsquo;orthographe avant la validation de votre commande<\/p>\n<p>Si vous souhaitez une taille ou police d&rsquo;\u00e9criture diff\u00e9rente n\u2019h\u00e9sitez pas \u00e0 nous envoyer un message \u00e0 contact@apylaser.com pour un devis<\/p><\/p>\n","protected":false},"excerpt":{"rendered":"<p>D\u00e9coration murale coiffure d\u00e9coup\u00e9e au laser<\/p>\n<p>La police d&rsquo;\u00e9criture sera adapt\u00e9e suivant votre texte, celle mise sur la photo est \u00e0 titre d&rsquo;exemple<\/p>\n<p>Indiquez le pr\u00e9nom, nom d&rsquo;entreprise ou pr\u00e9nom dans le champ ci-dessous<\/p>\n","protected":false},"featured_media":8038,"comment_status":"open","ping_status":"closed","template":"","meta":{"site-sidebar-layout":"default","site-content-layout":"","ast-site-content-layout":"default","site-content-style":"default","site-sidebar-style":"default","ast-global-header-display":"","ast-banner-title-visibility":"","ast-main-header-display":"","ast-hfb-above-header-display":"","ast-hfb-below-header-display":"","ast-hfb-mobile-header-display":"","site-post-title":"","ast-breadcrumbs-content":"","ast-featured-img":"","footer-sml-layout":"","ast-disable-related-posts":"","theme-transparent-header-meta":"","adv-header-id-meta":"","stick-header-meta":"","header-above-stick-meta":"","header-main-stick-meta":"","header-below-stick-meta":"","astra-migrate-meta-layouts":"default","ast-page-background-enabled":"default","ast-page-background-meta":{"desktop":{"background-color":"var(--ast-global-color-5)","background-image":"","background-repeat":"repeat","background-position":"center center","background-size":"auto","background-attachment":"scroll","background-type":"","background-media":"","overlay-type":"","overlay-color":"","overlay-opacity":"","overlay-gradient":""},"tablet":{"background-color":"","background-image":"","background-repeat":"repeat","background-position":"center center","background-size":"auto","background-attachment":"scroll","background-type":"","background-media":"","overlay-type":"","overlay-color":"","overlay-opacity":"","overlay-gradient":""},"mobile":{"background-color":"","background-image":"","background-repeat":"repeat","background-position":"center center","background-size":"auto","background-attachment":"scroll","background-type":"","background-media":"","overlay-type":"","overlay-color":"","overlay-opacity":"","overlay-gradient":""}},"ast-content-background-meta":{"desktop":{"background-color":"var(--ast-global-color-4)","background-image":"","background-repeat":"repeat","background-position":"center center","background-size":"auto","background-attachment":"scroll","background-type":"","background-media":"","overlay-type":"","overlay-color":"","overlay-opacity":"","overlay-gradient":""},"tablet":{"background-color":"var(--ast-global-color-4)","background-image":"","background-repeat":"repeat","background-position":"center center","background-size":"auto","background-attachment":"scroll","background-type":"","background-media":"","overlay-type":"","overlay-color":"","overlay-opacity":"","overlay-gradient":""},"mobile":{"background-color":"var(--ast-global-color-4)","background-image":"","background-repeat":"repeat","background-position":"center center","background-size":"auto","background-attachment":"scroll","background-type":"","background-media":"","overlay-type":"","overlay-color":"","overlay-opacity":"","overlay-gradient":""}}},"product_brand":[],"product_cat":[18,35,34],"product_tag":[],"class_list":{"0":"post-7989","1":"product","2":"type-product","3":"status-publish","4":"has-post-thumbnail","6":"product_cat-a-personnaliser-et-nos-creations","7":"product_cat-cadres-et-decorations-murales","8":"product_cat-decoration-interieur","9":"desktop-align-left","10":"tablet-align-left","11":"mobile-align-left","13":"first","14":"instock","15":"shipping-taxable","16":"purchasable","17":"product-type-simple"},"_links":{"self":[{"href":"https:\/\/woo.apylaser.com\/index.php?rest_route=\/wp\/v2\/product\/7989","targetHints":{"allow":["GET"]}}],"collection":[{"href":"https:\/\/woo.apylaser.com\/index.php?rest_route=\/wp\/v2\/product"}],"about":[{"href":"https:\/\/woo.apylaser.com\/index.php?rest_route=\/wp\/v2\/types\/product"}],"replies":[{"embeddable":true,"href":"https:\/\/woo.apylaser.com\/index.php?rest_route=%2Fwp%2Fv2%2Fcomments&post=7989"}],"wp:featuredmedia":[{"embeddable":true,"href":"https:\/\/woo.apylaser.com\/index.php?rest_route=\/wp\/v2\/media\/8038"}],"wp:attachment":[{"href":"https:\/\/woo.apylaser.com\/index.php?rest_route=%2Fwp%2Fv2%2Fmedia&parent=7989"}],"wp:term":[{"taxonomy":"product_brand","embeddable":true,"href":"https:\/\/woo.apylaser.com\/index.php?rest_route=%2Fwp%2Fv2%2Fproduct_brand&post=7989"},{"taxonomy":"product_cat","embeddable":true,"href":"https:\/\/woo.apylaser.com\/index.php?rest_route=%2Fwp%2Fv2%2Fproduct_cat&post=7989"},{"taxonomy":"product_tag","embeddable":true,"href":"https:\/\/woo.apylaser.com\/index.php?rest_route=%2Fwp%2Fv2%2Fproduct_tag&post=7989"}],"curies":[{"name":"wp","href":"https:\/\/api.w.org\/{rel}","templated":true}]}}