{"id":8007,"date":"2026-04-20T16:26:54","date_gmt":"2026-04-20T16:26:54","guid":{"rendered":"http:\/\/woo.apylaser.com\/?post_type=product&#038;p=8007"},"modified":"2026-04-20T16:47:53","modified_gmt":"2026-04-20T16:47:53","slug":"topper-gateau-hexagonale-plexiglas","status":"publish","type":"product","link":"https:\/\/woo.apylaser.com\/?product=topper-gateau-hexagonale-plexiglas","title":{"rendered":"Topper g\u00e2teau hexagonale plexiglas"},"content":{"rendered":"<p>Topper plexiglas \u00e0 personnaliser<\/p>\n<p>Hauteur : 11 cm<\/p>\n<p>Largeur : 13 cm<\/p>\n<p>Hauteur de la tige : 9 cm<\/p>\n<p>Largeur tige : 1 cm<\/p>\n<p>Hauteur totale : 20 cm<\/p>\n<p>Epaisseur : 2 mm<\/p>\n<p>Quantit\u00e9 : 1 pi\u00e8ce<\/p>\n<p>Ces topper en plexiglas sont \u00e0 personnaliser avec du vinyle, de la peinture, des paillettes, de la r\u00e9sine&#8230;.<\/p>\n<p>Une fois customis\u00e9 vous pourrez le mettre sur un g\u00e2teau<\/p>\n<p>Le plexiglas est une mati\u00e8re qui est agr\u00e9able \u00e0 travailler et donne de tr\u00e8s jolis r\u00e9sultats<\/p>\n<p>Si vous souhaitez une taille, une forme diff\u00e9rente n&rsquo;h\u00e9sitez pas \u00e0 nous envoyer un message pour un devis<\/p>\n","protected":false},"excerpt":{"rendered":"<p>Topper \u00e0 personnaliser avec du vinyle, de la peinture, des paillettes&#8230;<\/p>\n","protected":false},"featured_media":8078,"comment_status":"open","ping_status":"closed","template":"","meta":{"site-sidebar-layout":"default","site-content-layout":"","ast-site-content-layout":"default","site-content-style":"default","site-sidebar-style":"default","ast-global-header-display":"","ast-banner-title-visibility":"","ast-main-header-display":"","ast-hfb-above-header-display":"","ast-hfb-below-header-display":"","ast-hfb-mobile-header-display":"","site-post-title":"","ast-breadcrumbs-content":"","ast-featured-img":"","footer-sml-layout":"","ast-disable-related-posts":"","theme-transparent-header-meta":"","adv-header-id-meta":"","stick-header-meta":"","header-above-stick-meta":"","header-main-stick-meta":"","header-below-stick-meta":"","astra-migrate-meta-layouts":"default","ast-page-background-enabled":"default","ast-page-background-meta":{"desktop":{"background-color":"var(--ast-global-color-5)","background-image":"","background-repeat":"repeat","background-position":"center center","background-size":"auto","background-attachment":"scroll","background-type":"","background-media":"","overlay-type":"","overlay-color":"","overlay-opacity":"","overlay-gradient":""},"tablet":{"background-color":"","background-image":"","background-repeat":"repeat","background-position":"center center","background-size":"auto","background-attachment":"scroll","background-type":"","background-media":"","overlay-type":"","overlay-color":"","overlay-opacity":"","overlay-gradient":""},"mobile":{"background-color":"","background-image":"","background-repeat":"repeat","background-position":"center center","background-size":"auto","background-attachment":"scroll","background-type":"","background-media":"","overlay-type":"","overlay-color":"","overlay-opacity":"","overlay-gradient":""}},"ast-content-background-meta":{"desktop":{"background-color":"var(--ast-global-color-4)","background-image":"","background-repeat":"repeat","background-position":"center center","background-size":"auto","background-attachment":"scroll","background-type":"","background-media":"","overlay-type":"","overlay-color":"","overlay-opacity":"","overlay-gradient":""},"tablet":{"background-color":"var(--ast-global-color-4)","background-image":"","background-repeat":"repeat","background-position":"center center","background-size":"auto","background-attachment":"scroll","background-type":"","background-media":"","overlay-type":"","overlay-color":"","overlay-opacity":"","overlay-gradient":""},"mobile":{"background-color":"var(--ast-global-color-4)","background-image":"","background-repeat":"repeat","background-position":"center center","background-size":"auto","background-attachment":"scroll","background-type":"","background-media":"","overlay-type":"","overlay-color":"","overlay-opacity":"","overlay-gradient":""}}},"product_brand":[],"product_cat":[18,65,54,66],"product_tag":[],"class_list":{"0":"post-8007","1":"product","2":"type-product","3":"status-publish","4":"has-post-thumbnail","6":"product_cat-a-personnaliser-et-nos-creations","7":"product_cat-arts-de-la-table-et-toppers-gateaux","8":"product_cat-support-a-personnaliser","9":"product_cat-topper-gateaux","10":"desktop-align-left","11":"tablet-align-left","12":"mobile-align-left","14":"first","15":"instock","16":"shipping-taxable","17":"purchasable","18":"product-type-simple"},"_links":{"self":[{"href":"https:\/\/woo.apylaser.com\/index.php?rest_route=\/wp\/v2\/product\/8007","targetHints":{"allow":["GET"]}}],"collection":[{"href":"https:\/\/woo.apylaser.com\/index.php?rest_route=\/wp\/v2\/product"}],"about":[{"href":"https:\/\/woo.apylaser.com\/index.php?rest_route=\/wp\/v2\/types\/product"}],"replies":[{"embeddable":true,"href":"https:\/\/woo.apylaser.com\/index.php?rest_route=%2Fwp%2Fv2%2Fcomments&post=8007"}],"wp:featuredmedia":[{"embeddable":true,"href":"https:\/\/woo.apylaser.com\/index.php?rest_route=\/wp\/v2\/media\/8078"}],"wp:attachment":[{"href":"https:\/\/woo.apylaser.com\/index.php?rest_route=%2Fwp%2Fv2%2Fmedia&parent=8007"}],"wp:term":[{"taxonomy":"product_brand","embeddable":true,"href":"https:\/\/woo.apylaser.com\/index.php?rest_route=%2Fwp%2Fv2%2Fproduct_brand&post=8007"},{"taxonomy":"product_cat","embeddable":true,"href":"https:\/\/woo.apylaser.com\/index.php?rest_route=%2Fwp%2Fv2%2Fproduct_cat&post=8007"},{"taxonomy":"product_tag","embeddable":true,"href":"https:\/\/woo.apylaser.com\/index.php?rest_route=%2Fwp%2Fv2%2Fproduct_tag&post=8007"}],"curies":[{"name":"wp","href":"https:\/\/api.w.org\/{rel}","templated":true}]}}