{"id":8044,"date":"2026-04-20T16:27:42","date_gmt":"2026-04-20T16:27:42","guid":{"rendered":"http:\/\/woo.apylaser.com\/?post_type=product&#038;p=8044"},"modified":"2026-04-20T16:47:55","modified_gmt":"2026-04-20T16:47:55","slug":"cadre-arbre-de-vie-avec-6-prenoms-maximum","status":"publish","type":"product","link":"https:\/\/woo.apylaser.com\/?product=cadre-arbre-de-vie-avec-6-prenoms-maximum","title":{"rendered":"Cadre arbre de vie avec 6 pr\u00e9noms maximum"},"content":{"rendered":"<p>Cet arbre de vie agr\u00e9mentera vos murs avec une touche chaleureuse et personnalis\u00e9e<\/p>\n<p>Epaisseur : 3 mm<\/p>\n<p>Mati\u00e8re : MDF<\/p>\n<p>Mettez les pr\u00e9noms de votre choix dans la case de personnalisation (maximum 6) pour plus de pr\u00e9noms nous contacter pour un devis<\/p>\n<p><strong>Attention si vous mettez plus de pr\u00e9noms que le nombre autoris\u00e9 les suppl\u00e9mentaires ne seront pas mis<\/strong><\/p>\n","protected":false},"excerpt":{"rendered":"<p>Cadre arbre de vie est d\u00e9coup\u00e9 au laser<\/p>\n<p>Mettez les pr\u00e9noms de votre choix dans la case de personnalisation (<strong>maximum 6<\/strong>)<\/p>\n<p>La place des pr\u00e9noms peut varier car suivant la longueur de ceux ci et le nombre ils seront mis de fa\u00e7on \u00e0 ce que l&rsquo;ensemble soit harmonieux<\/p>\n<p>Les accents ne sont pas toujours possible \u00e0 mettre suivant l&#8217;emplacement<\/p>\n<p><span style=\"text-decoration:underline;\">Attention avec cette taille ne choisissez pas en locker mondial relay le carton ne passera pas choisissiez avec mondial relay un relais classique<\/span><\/p>\n","protected":false},"featured_media":6299,"comment_status":"open","ping_status":"closed","template":"","meta":{"site-sidebar-layout":"default","site-content-layout":"","ast-site-content-layout":"default","site-content-style":"default","site-sidebar-style":"default","ast-global-header-display":"","ast-banner-title-visibility":"","ast-main-header-display":"","ast-hfb-above-header-display":"","ast-hfb-below-header-display":"","ast-hfb-mobile-header-display":"","site-post-title":"","ast-breadcrumbs-content":"","ast-featured-img":"","footer-sml-layout":"","ast-disable-related-posts":"","theme-transparent-header-meta":"","adv-header-id-meta":"","stick-header-meta":"","header-above-stick-meta":"","header-main-stick-meta":"","header-below-stick-meta":"","astra-migrate-meta-layouts":"default","ast-page-background-enabled":"default","ast-page-background-meta":{"desktop":{"background-color":"var(--ast-global-color-5)","background-image":"","background-repeat":"repeat","background-position":"center center","background-size":"auto","background-attachment":"scroll","background-type":"","background-media":"","overlay-type":"","overlay-color":"","overlay-opacity":"","overlay-gradient":""},"tablet":{"background-color":"","background-image":"","background-repeat":"repeat","background-position":"center center","background-size":"auto","background-attachment":"scroll","background-type":"","background-media":"","overlay-type":"","overlay-color":"","overlay-opacity":"","overlay-gradient":""},"mobile":{"background-color":"","background-image":"","background-repeat":"repeat","background-position":"center center","background-size":"auto","background-attachment":"scroll","background-type":"","background-media":"","overlay-type":"","overlay-color":"","overlay-opacity":"","overlay-gradient":""}},"ast-content-background-meta":{"desktop":{"background-color":"var(--ast-global-color-4)","background-image":"","background-repeat":"repeat","background-position":"center center","background-size":"auto","background-attachment":"scroll","background-type":"","background-media":"","overlay-type":"","overlay-color":"","overlay-opacity":"","overlay-gradient":""},"tablet":{"background-color":"var(--ast-global-color-4)","background-image":"","background-repeat":"repeat","background-position":"center center","background-size":"auto","background-attachment":"scroll","background-type":"","background-media":"","overlay-type":"","overlay-color":"","overlay-opacity":"","overlay-gradient":""},"mobile":{"background-color":"var(--ast-global-color-4)","background-image":"","background-repeat":"repeat","background-position":"center center","background-size":"auto","background-attachment":"scroll","background-type":"","background-media":"","overlay-type":"","overlay-color":"","overlay-opacity":"","overlay-gradient":""}}},"product_brand":[],"product_cat":[18,35,34],"product_tag":[],"class_list":{"0":"post-8044","1":"product","2":"type-product","3":"status-publish","4":"has-post-thumbnail","6":"product_cat-a-personnaliser-et-nos-creations","7":"product_cat-cadres-et-decorations-murales","8":"product_cat-decoration-interieur","9":"desktop-align-left","10":"tablet-align-left","11":"mobile-align-left","13":"first","14":"instock","15":"shipping-taxable","16":"purchasable","17":"product-type-simple"},"_links":{"self":[{"href":"https:\/\/woo.apylaser.com\/index.php?rest_route=\/wp\/v2\/product\/8044","targetHints":{"allow":["GET"]}}],"collection":[{"href":"https:\/\/woo.apylaser.com\/index.php?rest_route=\/wp\/v2\/product"}],"about":[{"href":"https:\/\/woo.apylaser.com\/index.php?rest_route=\/wp\/v2\/types\/product"}],"replies":[{"embeddable":true,"href":"https:\/\/woo.apylaser.com\/index.php?rest_route=%2Fwp%2Fv2%2Fcomments&post=8044"}],"wp:featuredmedia":[{"embeddable":true,"href":"https:\/\/woo.apylaser.com\/index.php?rest_route=\/wp\/v2\/media\/6299"}],"wp:attachment":[{"href":"https:\/\/woo.apylaser.com\/index.php?rest_route=%2Fwp%2Fv2%2Fmedia&parent=8044"}],"wp:term":[{"taxonomy":"product_brand","embeddable":true,"href":"https:\/\/woo.apylaser.com\/index.php?rest_route=%2Fwp%2Fv2%2Fproduct_brand&post=8044"},{"taxonomy":"product_cat","embeddable":true,"href":"https:\/\/woo.apylaser.com\/index.php?rest_route=%2Fwp%2Fv2%2Fproduct_cat&post=8044"},{"taxonomy":"product_tag","embeddable":true,"href":"https:\/\/woo.apylaser.com\/index.php?rest_route=%2Fwp%2Fv2%2Fproduct_tag&post=8044"}],"curies":[{"name":"wp","href":"https:\/\/api.w.org\/{rel}","templated":true}]}}