{"id":8162,"date":"2026-04-20T16:30:44","date_gmt":"2026-04-20T16:30:44","guid":{"rendered":"http:\/\/woo.apylaser.com\/?post_type=product&#038;p=8162"},"modified":"2026-04-20T16:47:56","modified_gmt":"2026-04-20T16:47:56","slug":"tampon-trodat-pocket-printy-9512-empreinte-47x18mm","status":"publish","type":"product","link":"https:\/\/woo.apylaser.com\/?product=tampon-trodat-pocket-printy-9512-empreinte-47x18mm","title":{"rendered":"Tampon trodat pocket printy 9512 empreinte 47x18mm"},"content":{"rendered":"<p>Tampon encreur trodat pocket printy 9512<\/p>\n<p>Ce tampon est appropri\u00e9 pour 4 lignes<\/p>\n<p>Empreinte (zone de marquage) :<\/p>\n<p>Longueur : 47 mm<\/p>\n<p>Hauteur : 18 mm<\/p>\n<p>Couleur de l&rsquo;encre : noir<\/p>\n<p>Mati\u00e8re : plastique rigide<\/p>\n<p>Couleur du tampon : noir<\/p>\n<p>L&#8217;empreinte est grav\u00e9e et d\u00e9coup\u00e9e au laser dans notre atelier<\/p>\n<p>Livr\u00e9 avec la cassette encreur ce tampon trodat 9512 sera pr\u00eat \u00e0 l&#8217;emploi aussit\u00f4t re\u00e7u<\/p>\n<p>Les tampons encreurs trodat sont de tr\u00e8s bonne qualit\u00e9 et durent dans le temps<\/p>\n<p>Les cassettes se changent facilement et \u00e0 petits prix pour des consommables qui vont vous durer un bon moment avant de les changer<\/p>\n<p>Vous pourrez les changer sans \u00eatre en contact avec l&rsquo;encre<\/p>\n<p>Ce tampon trodat pocket printy 9512 est id\u00e9al pour son petit format, s&rsquo;accroche \u00e0 vos cl\u00e9s si besoin ou se glisse facilement une poche, une trousse<\/p>\n<p>Il est id\u00e9al pour les infirmi\u00e8res, aides soignantes, commerciaux, il se glisse facilement une poche, une trousse..<\/p>\n<p>Les empreintes sont grav\u00e9es et d\u00e9coup\u00e9e au laser dans notre atelier ce qui nous permet de pouvoir vous les fabriquer et les exp\u00e9dier rapidement<\/p>\n<p>Un bat vous sera envoy\u00e9 avant la mise en gravure de l&#8217;empreinte<\/p>\n<p>Pour des demandes personnalis\u00e9es, n&rsquo;h\u00e9sitez pas \u00e0 nous envoyer un email \u00e0 contact@apylaser.com<\/p><\/p>\n","protected":false},"excerpt":{"rendered":"<p>Tampon trodat pocket printy 9512<\/p>\n<p>Empreinte 47x18mm<\/p>\n<p>4 lignes maximum<\/p>\n<p>L&#8217;empreinte est grav\u00e9e et d\u00e9coup\u00e9e au laser dans notre atelier<\/p>\n<p>N&rsquo;oubliez pas d&rsquo;enregistrer votre personnalisation avant d&rsquo;ajouter au panier<\/p>\n<p>Voir description en dessous<\/p>\n","protected":false},"featured_media":6151,"comment_status":"open","ping_status":"closed","template":"","meta":{"site-sidebar-layout":"default","site-content-layout":"","ast-site-content-layout":"default","site-content-style":"default","site-sidebar-style":"default","ast-global-header-display":"","ast-banner-title-visibility":"","ast-main-header-display":"","ast-hfb-above-header-display":"","ast-hfb-below-header-display":"","ast-hfb-mobile-header-display":"","site-post-title":"","ast-breadcrumbs-content":"","ast-featured-img":"","footer-sml-layout":"","ast-disable-related-posts":"","theme-transparent-header-meta":"","adv-header-id-meta":"","stick-header-meta":"","header-above-stick-meta":"","header-main-stick-meta":"","header-below-stick-meta":"","astra-migrate-meta-layouts":"default","ast-page-background-enabled":"default","ast-page-background-meta":{"desktop":{"background-color":"var(--ast-global-color-5)","background-image":"","background-repeat":"repeat","background-position":"center center","background-size":"auto","background-attachment":"scroll","background-type":"","background-media":"","overlay-type":"","overlay-color":"","overlay-opacity":"","overlay-gradient":""},"tablet":{"background-color":"","background-image":"","background-repeat":"repeat","background-position":"center center","background-size":"auto","background-attachment":"scroll","background-type":"","background-media":"","overlay-type":"","overlay-color":"","overlay-opacity":"","overlay-gradient":""},"mobile":{"background-color":"","background-image":"","background-repeat":"repeat","background-position":"center center","background-size":"auto","background-attachment":"scroll","background-type":"","background-media":"","overlay-type":"","overlay-color":"","overlay-opacity":"","overlay-gradient":""}},"ast-content-background-meta":{"desktop":{"background-color":"var(--ast-global-color-4)","background-image":"","background-repeat":"repeat","background-position":"center center","background-size":"auto","background-attachment":"scroll","background-type":"","background-media":"","overlay-type":"","overlay-color":"","overlay-opacity":"","overlay-gradient":""},"tablet":{"background-color":"var(--ast-global-color-4)","background-image":"","background-repeat":"repeat","background-position":"center center","background-size":"auto","background-attachment":"scroll","background-type":"","background-media":"","overlay-type":"","overlay-color":"","overlay-opacity":"","overlay-gradient":""},"mobile":{"background-color":"var(--ast-global-color-4)","background-image":"","background-repeat":"repeat","background-position":"center center","background-size":"auto","background-attachment":"scroll","background-type":"","background-media":"","overlay-type":"","overlay-color":"","overlay-opacity":"","overlay-gradient":""}}},"product_brand":[],"product_cat":[21,61],"product_tag":[],"class_list":{"0":"post-8162","1":"product","2":"type-product","3":"status-publish","4":"has-post-thumbnail","6":"product_cat-tampons","7":"product_cat-tampons-professionnels","8":"desktop-align-left","9":"tablet-align-left","10":"mobile-align-left","12":"first","13":"instock","14":"shipping-taxable","15":"purchasable","16":"product-type-simple"},"_links":{"self":[{"href":"https:\/\/woo.apylaser.com\/index.php?rest_route=\/wp\/v2\/product\/8162","targetHints":{"allow":["GET"]}}],"collection":[{"href":"https:\/\/woo.apylaser.com\/index.php?rest_route=\/wp\/v2\/product"}],"about":[{"href":"https:\/\/woo.apylaser.com\/index.php?rest_route=\/wp\/v2\/types\/product"}],"replies":[{"embeddable":true,"href":"https:\/\/woo.apylaser.com\/index.php?rest_route=%2Fwp%2Fv2%2Fcomments&post=8162"}],"wp:featuredmedia":[{"embeddable":true,"href":"https:\/\/woo.apylaser.com\/index.php?rest_route=\/wp\/v2\/media\/6151"}],"wp:attachment":[{"href":"https:\/\/woo.apylaser.com\/index.php?rest_route=%2Fwp%2Fv2%2Fmedia&parent=8162"}],"wp:term":[{"taxonomy":"product_brand","embeddable":true,"href":"https:\/\/woo.apylaser.com\/index.php?rest_route=%2Fwp%2Fv2%2Fproduct_brand&post=8162"},{"taxonomy":"product_cat","embeddable":true,"href":"https:\/\/woo.apylaser.com\/index.php?rest_route=%2Fwp%2Fv2%2Fproduct_cat&post=8162"},{"taxonomy":"product_tag","embeddable":true,"href":"https:\/\/woo.apylaser.com\/index.php?rest_route=%2Fwp%2Fv2%2Fproduct_tag&post=8162"}],"curies":[{"name":"wp","href":"https:\/\/api.w.org\/{rel}","templated":true}]}}