{"id":8177,"date":"2026-04-20T16:31:07","date_gmt":"2026-04-20T16:31:07","guid":{"rendered":"http:\/\/woo.apylaser.com\/?post_type=product&#038;p=8177"},"modified":"2026-04-20T16:47:56","modified_gmt":"2026-04-20T16:47:56","slug":"empreinte-pour-tampon-trodat-printy-4913-58x22mm","status":"publish","type":"product","link":"https:\/\/woo.apylaser.com\/?product=empreinte-pour-tampon-trodat-printy-4913-58x22mm","title":{"rendered":"Empreinte pour tampon trodat printy 4913 58x22mm"},"content":{"rendered":"<p>Empreinte pour tampon trodat printy 4913<\/p>\n<p>Livr\u00e9 sans le bloc le tampon entier est disponible sur la boutique<\/p>\n<p>Longueur : 58mm<\/p>\n<p>Hauteur : 22 mm<\/p>\n<p>Epaisseur\u00a0 : 2,3 mm<\/p>\n<p>Mati\u00e8re : caoutchouc<\/p>\n<p>Double face 3m au dos inclus<\/p>\n<p>Les empreintes sont fabriqu\u00e9es dans notre atelier \u00e0 l&rsquo;aide d&rsquo;une machine laser professionnelle<\/p>\n<p><strong>Conseils lors du changement de l&#8217;empreinte :<\/strong><\/p>\n<p>Bloquez votre tampon en position base \u00e0 l&rsquo;aide du bouton sur votre tampon<\/p>\n<p>Retirez l&rsquo;ancienne empreinte, veillez \u00e0 bien retirer tout le double face ou la moindre irr\u00e9gularit\u00e9 sur la surface<\/p>\n<p>Faites bien attention au sens de votre ancienne empreinte pour mettre la nouvelle \u00e0 l&rsquo;identique<\/p>\n<p>Retirez le double face, collez votre empreinte et ensuite appuyer bien sur un support pour bien faire adh\u00e9rer<\/p>\n<p>Seulement apr\u00e8s ces \u00e9tapes d\u00e9bloquer votre tampon pour le remettre en position haute<\/p>\n<p>Votre tampon encreur est pr\u00eat \u00e0 \u00eatre utilis\u00e9<\/p>\n<p><strong>Attention<\/strong> toute fois si la cassette d&rsquo;encre \u00e0 la marque de l&rsquo;ancienne empreinte vous devrez remplacer celle-ci car la nouvelle empreinte ne pourra pas bien prendre l&rsquo;encre<\/p>\n<p>Il est pr\u00e9f\u00e9rable quand vous changez votre empreinte de changer \u00e9galement votre cassette d&rsquo;encre<\/p>\n<p>Si vous souhaitez une empreinte avec logo, de taille diff\u00e9rente ou d&rsquo;autres marques n&rsquo;h\u00e9sitez pas \u00e0 nous contacter par email \u00e0 contact@apylaser.com pour adapter au mieux votre projet<\/p><\/p>\n","protected":false},"excerpt":{"rendered":"<p>Empreinte pour tampon trodat printy 4913<\/p>\n<p>Empreinte 58x22mm<\/p>\n<p>5 lignes maximum<\/p>\n<p>Grav\u00e9 et d\u00e9coup\u00e9 au laser dans notre atelier<\/p>\n<p>N&rsquo;oubliez pas d&rsquo;enregistrer votre personnalisation avant d&rsquo;ajouter au panier<\/p>\n<p>Voir description en dessous<\/p>\n","protected":false},"featured_media":8222,"comment_status":"open","ping_status":"closed","template":"","meta":{"site-sidebar-layout":"default","site-content-layout":"","ast-site-content-layout":"default","site-content-style":"default","site-sidebar-style":"default","ast-global-header-display":"","ast-banner-title-visibility":"","ast-main-header-display":"","ast-hfb-above-header-display":"","ast-hfb-below-header-display":"","ast-hfb-mobile-header-display":"","site-post-title":"","ast-breadcrumbs-content":"","ast-featured-img":"","footer-sml-layout":"","ast-disable-related-posts":"","theme-transparent-header-meta":"","adv-header-id-meta":"","stick-header-meta":"","header-above-stick-meta":"","header-main-stick-meta":"","header-below-stick-meta":"","astra-migrate-meta-layouts":"default","ast-page-background-enabled":"default","ast-page-background-meta":{"desktop":{"background-color":"var(--ast-global-color-5)","background-image":"","background-repeat":"repeat","background-position":"center center","background-size":"auto","background-attachment":"scroll","background-type":"","background-media":"","overlay-type":"","overlay-color":"","overlay-opacity":"","overlay-gradient":""},"tablet":{"background-color":"","background-image":"","background-repeat":"repeat","background-position":"center center","background-size":"auto","background-attachment":"scroll","background-type":"","background-media":"","overlay-type":"","overlay-color":"","overlay-opacity":"","overlay-gradient":""},"mobile":{"background-color":"","background-image":"","background-repeat":"repeat","background-position":"center center","background-size":"auto","background-attachment":"scroll","background-type":"","background-media":"","overlay-type":"","overlay-color":"","overlay-opacity":"","overlay-gradient":""}},"ast-content-background-meta":{"desktop":{"background-color":"var(--ast-global-color-4)","background-image":"","background-repeat":"repeat","background-position":"center center","background-size":"auto","background-attachment":"scroll","background-type":"","background-media":"","overlay-type":"","overlay-color":"","overlay-opacity":"","overlay-gradient":""},"tablet":{"background-color":"var(--ast-global-color-4)","background-image":"","background-repeat":"repeat","background-position":"center center","background-size":"auto","background-attachment":"scroll","background-type":"","background-media":"","overlay-type":"","overlay-color":"","overlay-opacity":"","overlay-gradient":""},"mobile":{"background-color":"var(--ast-global-color-4)","background-image":"","background-repeat":"repeat","background-position":"center center","background-size":"auto","background-attachment":"scroll","background-type":"","background-media":"","overlay-type":"","overlay-color":"","overlay-opacity":"","overlay-gradient":""}}},"product_brand":[],"product_cat":[73,21],"product_tag":[],"class_list":{"0":"post-8177","1":"product","2":"type-product","3":"status-publish","4":"has-post-thumbnail","6":"product_cat-empreintes-tampons","7":"product_cat-tampons","8":"desktop-align-left","9":"tablet-align-left","10":"mobile-align-left","12":"first","13":"instock","14":"shipping-taxable","15":"purchasable","16":"product-type-simple"},"_links":{"self":[{"href":"https:\/\/woo.apylaser.com\/index.php?rest_route=\/wp\/v2\/product\/8177","targetHints":{"allow":["GET"]}}],"collection":[{"href":"https:\/\/woo.apylaser.com\/index.php?rest_route=\/wp\/v2\/product"}],"about":[{"href":"https:\/\/woo.apylaser.com\/index.php?rest_route=\/wp\/v2\/types\/product"}],"replies":[{"embeddable":true,"href":"https:\/\/woo.apylaser.com\/index.php?rest_route=%2Fwp%2Fv2%2Fcomments&post=8177"}],"wp:featuredmedia":[{"embeddable":true,"href":"https:\/\/woo.apylaser.com\/index.php?rest_route=\/wp\/v2\/media\/8222"}],"wp:attachment":[{"href":"https:\/\/woo.apylaser.com\/index.php?rest_route=%2Fwp%2Fv2%2Fmedia&parent=8177"}],"wp:term":[{"taxonomy":"product_brand","embeddable":true,"href":"https:\/\/woo.apylaser.com\/index.php?rest_route=%2Fwp%2Fv2%2Fproduct_brand&post=8177"},{"taxonomy":"product_cat","embeddable":true,"href":"https:\/\/woo.apylaser.com\/index.php?rest_route=%2Fwp%2Fv2%2Fproduct_cat&post=8177"},{"taxonomy":"product_tag","embeddable":true,"href":"https:\/\/woo.apylaser.com\/index.php?rest_route=%2Fwp%2Fv2%2Fproduct_tag&post=8177"}],"curies":[{"name":"wp","href":"https:\/\/api.w.org\/{rel}","templated":true}]}}