{"id":8179,"date":"2026-04-20T16:31:07","date_gmt":"2026-04-20T16:31:07","guid":{"rendered":"http:\/\/woo.apylaser.com\/?post_type=product&#038;p=8179"},"modified":"2026-04-20T16:47:57","modified_gmt":"2026-04-20T16:47:57","slug":"marques-places-prenoms-mdf-50pieces","status":"publish","type":"product","link":"https:\/\/woo.apylaser.com\/?product=marques-places-prenoms-mdf-50pieces","title":{"rendered":"Marques places pr\u00e9noms MDF (50pi\u00e8ces)"},"content":{"rendered":"<p>Lot de pr\u00e9noms ou mots de votre choix<\/p>\n<p>Longueur : 6 cm<\/p>\n<p>Hauteur : 2-3 cm<\/p>\n<p>La hauteur et largeur peuvent varier d&rsquo;un pr\u00e9nom \u00e0 un autre suivant le nombre de lettres<\/p>\n<p>Attention un pr\u00e9nom double compte pour 2 pr\u00e9noms exemple : Anne-Charlotte<\/p>\n<p>Mati\u00e8re : bois MDF<\/p>\n<p>Pr\u00e9noms ou mots \u00e0 peindre ou \u00e0 laisser brut<\/p>\n<p>Pour une quantit\u00e9 diff\u00e9rente, contactez nous par email \u00e0 contact@apylaser.com<\/p>\n<p>Ajoutez une touche \u00e9l\u00e9gante et personnalis\u00e9e \u00e0 votre table avec ces pr\u00e9noms en bois MDF d\u00e9coup\u00e9s sur mesure.<\/p>\n<p>Parfaits comme marque-places pour vos mariages, anniversaires, bapt\u00eames ou tout autre \u00e9v\u00e9nement, ces pr\u00e9noms apportent charme et originalit\u00e9 \u00e0 chaque assiette.<\/p>\n<p>Fabriqu\u00e9s avec soin dans un MDF de qualit\u00e9, ils sont l\u00e9gers, durables et peuvent \u00eatre laiss\u00e9s naturels pour un effet rustique ou peints\/d\u00e9cor\u00e9s selon votre th\u00e8me.<\/p>\n<p>Si vous souhaitez les peindre privil\u00e9giez une peinture en bombe plus facile \u00e0 appliquer<\/p>\n<p>Chaque pr\u00e9nom est d\u00e9coup\u00e9 avec pr\u00e9cision pour un rendu fin et soign\u00e9.<\/p>\n<hr \/>\n","protected":false},"excerpt":{"rendered":"<p>Une fois la commande valid\u00e9e envoyez nous la liste des pr\u00e9noms ou mots<\/p>\n<p>Ils seront d\u00e9coup\u00e9s au laser<\/p>\n<p>Id\u00e9al pour les mariages, bapt\u00eames, anniversaire<\/p><\/p>\n","protected":false},"featured_media":8224,"comment_status":"open","ping_status":"closed","template":"","meta":{"site-sidebar-layout":"default","site-content-layout":"","ast-site-content-layout":"default","site-content-style":"default","site-sidebar-style":"default","ast-global-header-display":"","ast-banner-title-visibility":"","ast-main-header-display":"","ast-hfb-above-header-display":"","ast-hfb-below-header-display":"","ast-hfb-mobile-header-display":"","site-post-title":"","ast-breadcrumbs-content":"","ast-featured-img":"","footer-sml-layout":"","ast-disable-related-posts":"","theme-transparent-header-meta":"","adv-header-id-meta":"","stick-header-meta":"","header-above-stick-meta":"","header-main-stick-meta":"","header-below-stick-meta":"","astra-migrate-meta-layouts":"default","ast-page-background-enabled":"default","ast-page-background-meta":{"desktop":{"background-color":"var(--ast-global-color-5)","background-image":"","background-repeat":"repeat","background-position":"center center","background-size":"auto","background-attachment":"scroll","background-type":"","background-media":"","overlay-type":"","overlay-color":"","overlay-opacity":"","overlay-gradient":""},"tablet":{"background-color":"","background-image":"","background-repeat":"repeat","background-position":"center center","background-size":"auto","background-attachment":"scroll","background-type":"","background-media":"","overlay-type":"","overlay-color":"","overlay-opacity":"","overlay-gradient":""},"mobile":{"background-color":"","background-image":"","background-repeat":"repeat","background-position":"center center","background-size":"auto","background-attachment":"scroll","background-type":"","background-media":"","overlay-type":"","overlay-color":"","overlay-opacity":"","overlay-gradient":""}},"ast-content-background-meta":{"desktop":{"background-color":"var(--ast-global-color-4)","background-image":"","background-repeat":"repeat","background-position":"center center","background-size":"auto","background-attachment":"scroll","background-type":"","background-media":"","overlay-type":"","overlay-color":"","overlay-opacity":"","overlay-gradient":""},"tablet":{"background-color":"var(--ast-global-color-4)","background-image":"","background-repeat":"repeat","background-position":"center center","background-size":"auto","background-attachment":"scroll","background-type":"","background-media":"","overlay-type":"","overlay-color":"","overlay-opacity":"","overlay-gradient":""},"mobile":{"background-color":"var(--ast-global-color-4)","background-image":"","background-repeat":"repeat","background-position":"center center","background-size":"auto","background-attachment":"scroll","background-type":"","background-media":"","overlay-type":"","overlay-color":"","overlay-opacity":"","overlay-gradient":""}}},"product_brand":[],"product_cat":[18,31,28,30,29],"product_tag":[],"class_list":{"0":"post-8179","1":"product","2":"type-product","3":"status-publish","4":"has-post-thumbnail","6":"product_cat-a-personnaliser-et-nos-creations","7":"product_cat-chiffres","8":"product_cat-mots","9":"product_cat-phrases","10":"product_cat-prenoms","11":"desktop-align-left","12":"tablet-align-left","13":"mobile-align-left","15":"first","16":"instock","17":"shipping-taxable","18":"purchasable","19":"product-type-simple"},"_links":{"self":[{"href":"https:\/\/woo.apylaser.com\/index.php?rest_route=\/wp\/v2\/product\/8179","targetHints":{"allow":["GET"]}}],"collection":[{"href":"https:\/\/woo.apylaser.com\/index.php?rest_route=\/wp\/v2\/product"}],"about":[{"href":"https:\/\/woo.apylaser.com\/index.php?rest_route=\/wp\/v2\/types\/product"}],"replies":[{"embeddable":true,"href":"https:\/\/woo.apylaser.com\/index.php?rest_route=%2Fwp%2Fv2%2Fcomments&post=8179"}],"wp:featuredmedia":[{"embeddable":true,"href":"https:\/\/woo.apylaser.com\/index.php?rest_route=\/wp\/v2\/media\/8224"}],"wp:attachment":[{"href":"https:\/\/woo.apylaser.com\/index.php?rest_route=%2Fwp%2Fv2%2Fmedia&parent=8179"}],"wp:term":[{"taxonomy":"product_brand","embeddable":true,"href":"https:\/\/woo.apylaser.com\/index.php?rest_route=%2Fwp%2Fv2%2Fproduct_brand&post=8179"},{"taxonomy":"product_cat","embeddable":true,"href":"https:\/\/woo.apylaser.com\/index.php?rest_route=%2Fwp%2Fv2%2Fproduct_cat&post=8179"},{"taxonomy":"product_tag","embeddable":true,"href":"https:\/\/woo.apylaser.com\/index.php?rest_route=%2Fwp%2Fv2%2Fproduct_tag&post=8179"}],"curies":[{"name":"wp","href":"https:\/\/api.w.org\/{rel}","templated":true}]}}