{"id":8198,"date":"2026-04-20T16:31:29","date_gmt":"2026-04-20T16:31:29","guid":{"rendered":"http:\/\/woo.apylaser.com\/?post_type=product&#038;p=8198"},"modified":"2026-04-20T16:47:57","modified_gmt":"2026-04-20T16:47:57","slug":"decoration-murale-coeur-avec-prenoms-40cm","status":"publish","type":"product","link":"https:\/\/woo.apylaser.com\/?product=decoration-murale-coeur-avec-prenoms-40cm","title":{"rendered":"D\u00e9coration murale coeur avec pr\u00e9noms 40cm"},"content":{"rendered":"<p>D\u00e9coration murale coeur avec pr\u00e9noms<\/p>\n<p>Minimum 2 pr\u00e9noms mais vous pouvez aller jusqu\u2019\u00e0 maximum 6 pr\u00e9noms<\/p>\n<p>Largeur : 40cm<\/p>\n<p>Hauteur : 35 cm<\/p>\n<p>Epaisseur : 3 mm<\/p>\n<p>Mati\u00e8re : bois MDF<\/p>\n<p>Cette d\u00e9coration murale coeur avec pr\u00e9noms est \u00e0 peindre ou \u00e0 laisser brut, pour le peindre mettez 1 \u00e0 2 couches de vernis avant de peindre pour un meilleur rendu<\/p>\n<p>Le mdf se peint facilement mais est aussi tr\u00e8s joli en version brut<\/p>\n<p>Si vous souhaitez une taille, mati\u00e8re diff\u00e9rentes n&rsquo;h\u00e9sitez pas \u00e0 nous envoyer un message<\/p>\n<p>La version en photo est \u00e0 titre indicative car suivant les pr\u00e9noms, les lettres, la longueur le coeur infini peu etre plac\u00e9 \u00e0 un autre endroit, tout est fait pour que le r\u00e9sultat soit harmonieux<\/p>\n<p>Attention v\u00e9rifiez bien l&rsquo;orthographe et l&rsquo;ordre des pr\u00e9noms avant la validation de votre commande<\/p><\/p>\n","protected":false},"excerpt":{"rendered":"<p>D\u00e9coration murale coeur avec pr\u00e9noms d\u00e9coup\u00e9e au laser<\/p>\n<p>Minimum 2 pr\u00e9noms mais vous pouvez aller maxi 5\/6 pr\u00e9noms<\/p>\n<p>Pour plus de pr\u00e9noms, contactez nous pour un devis<\/p>\n<p><span style=\"text-decoration:underline;\">Attention avec cette taille ne choisissez pas en locker mondial relay le carton ne passera pas choisissiez avec mondial relay un relais classique<\/span><\/p>\n","protected":false},"featured_media":6190,"comment_status":"open","ping_status":"closed","template":"","meta":{"site-sidebar-layout":"default","site-content-layout":"","ast-site-content-layout":"default","site-content-style":"default","site-sidebar-style":"default","ast-global-header-display":"","ast-banner-title-visibility":"","ast-main-header-display":"","ast-hfb-above-header-display":"","ast-hfb-below-header-display":"","ast-hfb-mobile-header-display":"","site-post-title":"","ast-breadcrumbs-content":"","ast-featured-img":"","footer-sml-layout":"","ast-disable-related-posts":"","theme-transparent-header-meta":"","adv-header-id-meta":"","stick-header-meta":"","header-above-stick-meta":"","header-main-stick-meta":"","header-below-stick-meta":"","astra-migrate-meta-layouts":"default","ast-page-background-enabled":"default","ast-page-background-meta":{"desktop":{"background-color":"var(--ast-global-color-5)","background-image":"","background-repeat":"repeat","background-position":"center center","background-size":"auto","background-attachment":"scroll","background-type":"","background-media":"","overlay-type":"","overlay-color":"","overlay-opacity":"","overlay-gradient":""},"tablet":{"background-color":"","background-image":"","background-repeat":"repeat","background-position":"center center","background-size":"auto","background-attachment":"scroll","background-type":"","background-media":"","overlay-type":"","overlay-color":"","overlay-opacity":"","overlay-gradient":""},"mobile":{"background-color":"","background-image":"","background-repeat":"repeat","background-position":"center center","background-size":"auto","background-attachment":"scroll","background-type":"","background-media":"","overlay-type":"","overlay-color":"","overlay-opacity":"","overlay-gradient":""}},"ast-content-background-meta":{"desktop":{"background-color":"var(--ast-global-color-4)","background-image":"","background-repeat":"repeat","background-position":"center center","background-size":"auto","background-attachment":"scroll","background-type":"","background-media":"","overlay-type":"","overlay-color":"","overlay-opacity":"","overlay-gradient":""},"tablet":{"background-color":"var(--ast-global-color-4)","background-image":"","background-repeat":"repeat","background-position":"center center","background-size":"auto","background-attachment":"scroll","background-type":"","background-media":"","overlay-type":"","overlay-color":"","overlay-opacity":"","overlay-gradient":""},"mobile":{"background-color":"var(--ast-global-color-4)","background-image":"","background-repeat":"repeat","background-position":"center center","background-size":"auto","background-attachment":"scroll","background-type":"","background-media":"","overlay-type":"","overlay-color":"","overlay-opacity":"","overlay-gradient":""}}},"product_brand":[],"product_cat":[18,35,34],"product_tag":[],"class_list":{"0":"post-8198","1":"product","2":"type-product","3":"status-publish","4":"has-post-thumbnail","6":"product_cat-a-personnaliser-et-nos-creations","7":"product_cat-cadres-et-decorations-murales","8":"product_cat-decoration-interieur","9":"desktop-align-left","10":"tablet-align-left","11":"mobile-align-left","13":"first","14":"instock","15":"shipping-taxable","16":"purchasable","17":"product-type-simple"},"_links":{"self":[{"href":"https:\/\/woo.apylaser.com\/index.php?rest_route=\/wp\/v2\/product\/8198","targetHints":{"allow":["GET"]}}],"collection":[{"href":"https:\/\/woo.apylaser.com\/index.php?rest_route=\/wp\/v2\/product"}],"about":[{"href":"https:\/\/woo.apylaser.com\/index.php?rest_route=\/wp\/v2\/types\/product"}],"replies":[{"embeddable":true,"href":"https:\/\/woo.apylaser.com\/index.php?rest_route=%2Fwp%2Fv2%2Fcomments&post=8198"}],"wp:featuredmedia":[{"embeddable":true,"href":"https:\/\/woo.apylaser.com\/index.php?rest_route=\/wp\/v2\/media\/6190"}],"wp:attachment":[{"href":"https:\/\/woo.apylaser.com\/index.php?rest_route=%2Fwp%2Fv2%2Fmedia&parent=8198"}],"wp:term":[{"taxonomy":"product_brand","embeddable":true,"href":"https:\/\/woo.apylaser.com\/index.php?rest_route=%2Fwp%2Fv2%2Fproduct_brand&post=8198"},{"taxonomy":"product_cat","embeddable":true,"href":"https:\/\/woo.apylaser.com\/index.php?rest_route=%2Fwp%2Fv2%2Fproduct_cat&post=8198"},{"taxonomy":"product_tag","embeddable":true,"href":"https:\/\/woo.apylaser.com\/index.php?rest_route=%2Fwp%2Fv2%2Fproduct_tag&post=8198"}],"curies":[{"name":"wp","href":"https:\/\/api.w.org\/{rel}","templated":true}]}}