{"id":8199,"date":"2026-04-20T16:31:29","date_gmt":"2026-04-20T16:31:29","guid":{"rendered":"http:\/\/woo.apylaser.com\/?post_type=product&#038;p=8199"},"modified":"2026-04-20T16:47:57","modified_gmt":"2026-04-20T16:47:57","slug":"cadre-ecriture-love-4-photos-10cmx15cm","status":"publish","type":"product","link":"https:\/\/woo.apylaser.com\/?product=cadre-ecriture-love-4-photos-10cmx15cm","title":{"rendered":"Cadre \u00e9criture love 4 photos 10cmx15cm"},"content":{"rendered":"<p>Cette d\u00e9coration cadre photo<\/p>\n<p>Largeur : 45,6 cm<\/p>\n<p>Hauteur : 42 cm<\/p>\n<p>Epaisseur : 3 mm<\/p>\n<p>Mati\u00e8re : MDF<\/p>\n<p>Pour 4 photos en taille 10cmx15cm, le cadre int\u00e9rieur fait 9cmx14cm vous aurez 5mm tout autour pour coller votre photo<\/p>\n<p>Les contours pour les photos font 15mm de largeur<\/p>\n<p>Cet d\u00e9coration cadre photo est \u00e0 peindre ou \u00e0 laisser brut, vous pouvez poncer un peu la surface avec de la laine d&rsquo;acier avant la peinture ou pour laisser tel quel mais ce n&rsquo;est pas obligatoire<\/p>\n<p>Si vous souhaitez peindre mettez une peinture de sous couche et ensuite votre peinture, l&rsquo;id\u00e9al c&rsquo;est la peinture bombe pratique pas salissante et facile \u00e0 appliquer mais vous pouvez tr\u00e8s bien le peindre au petit rouleau ou au pinceau<\/p>\n<p>Vous trouverez la peinture dans la rubrique +de produits<\/p>\n<p>Si vous souhaitez une mati\u00e8re, une taille, un mot&#8230;. diff\u00e9rent n&rsquo;h\u00e9sitez pas \u00e0 nous contacter via la boutique ou par email \u00e0 contact@apylaser.com<\/p>\n","protected":false},"excerpt":{"rendered":"<p>D\u00e9coration int\u00e9rieur cadre 4 photos 10cmx15cm<\/p>\n<p>D\u00e9coup\u00e9 au laser<\/p>\n<p>L&rsquo;image est \u00e0 titre indicatif vous pouvez voir la finition de ce cadre\u00a0<a href=\"https:\/\/apylaser.com\/decoration-interieur\/601-cadre-ecriture-noel-4-photos-10cmx15cm.html\">en cliquant ici<\/a> juste le mot d\u00e9coup\u00e9 diff\u00e8re<\/p>\n","protected":false},"featured_media":6198,"comment_status":"open","ping_status":"closed","template":"","meta":{"site-sidebar-layout":"default","site-content-layout":"","ast-site-content-layout":"default","site-content-style":"default","site-sidebar-style":"default","ast-global-header-display":"","ast-banner-title-visibility":"","ast-main-header-display":"","ast-hfb-above-header-display":"","ast-hfb-below-header-display":"","ast-hfb-mobile-header-display":"","site-post-title":"","ast-breadcrumbs-content":"","ast-featured-img":"","footer-sml-layout":"","ast-disable-related-posts":"","theme-transparent-header-meta":"","adv-header-id-meta":"","stick-header-meta":"","header-above-stick-meta":"","header-main-stick-meta":"","header-below-stick-meta":"","astra-migrate-meta-layouts":"default","ast-page-background-enabled":"default","ast-page-background-meta":{"desktop":{"background-color":"var(--ast-global-color-5)","background-image":"","background-repeat":"repeat","background-position":"center center","background-size":"auto","background-attachment":"scroll","background-type":"","background-media":"","overlay-type":"","overlay-color":"","overlay-opacity":"","overlay-gradient":""},"tablet":{"background-color":"","background-image":"","background-repeat":"repeat","background-position":"center center","background-size":"auto","background-attachment":"scroll","background-type":"","background-media":"","overlay-type":"","overlay-color":"","overlay-opacity":"","overlay-gradient":""},"mobile":{"background-color":"","background-image":"","background-repeat":"repeat","background-position":"center center","background-size":"auto","background-attachment":"scroll","background-type":"","background-media":"","overlay-type":"","overlay-color":"","overlay-opacity":"","overlay-gradient":""}},"ast-content-background-meta":{"desktop":{"background-color":"var(--ast-global-color-4)","background-image":"","background-repeat":"repeat","background-position":"center center","background-size":"auto","background-attachment":"scroll","background-type":"","background-media":"","overlay-type":"","overlay-color":"","overlay-opacity":"","overlay-gradient":""},"tablet":{"background-color":"var(--ast-global-color-4)","background-image":"","background-repeat":"repeat","background-position":"center center","background-size":"auto","background-attachment":"scroll","background-type":"","background-media":"","overlay-type":"","overlay-color":"","overlay-opacity":"","overlay-gradient":""},"mobile":{"background-color":"var(--ast-global-color-4)","background-image":"","background-repeat":"repeat","background-position":"center center","background-size":"auto","background-attachment":"scroll","background-type":"","background-media":"","overlay-type":"","overlay-color":"","overlay-opacity":"","overlay-gradient":""}}},"product_brand":[],"product_cat":[18,35,34],"product_tag":[],"class_list":{"0":"post-8199","1":"product","2":"type-product","3":"status-publish","4":"has-post-thumbnail","6":"product_cat-a-personnaliser-et-nos-creations","7":"product_cat-cadres-et-decorations-murales","8":"product_cat-decoration-interieur","9":"desktop-align-left","10":"tablet-align-left","11":"mobile-align-left","13":"first","14":"instock","15":"shipping-taxable","16":"purchasable","17":"product-type-simple"},"_links":{"self":[{"href":"https:\/\/woo.apylaser.com\/index.php?rest_route=\/wp\/v2\/product\/8199","targetHints":{"allow":["GET"]}}],"collection":[{"href":"https:\/\/woo.apylaser.com\/index.php?rest_route=\/wp\/v2\/product"}],"about":[{"href":"https:\/\/woo.apylaser.com\/index.php?rest_route=\/wp\/v2\/types\/product"}],"replies":[{"embeddable":true,"href":"https:\/\/woo.apylaser.com\/index.php?rest_route=%2Fwp%2Fv2%2Fcomments&post=8199"}],"wp:featuredmedia":[{"embeddable":true,"href":"https:\/\/woo.apylaser.com\/index.php?rest_route=\/wp\/v2\/media\/6198"}],"wp:attachment":[{"href":"https:\/\/woo.apylaser.com\/index.php?rest_route=%2Fwp%2Fv2%2Fmedia&parent=8199"}],"wp:term":[{"taxonomy":"product_brand","embeddable":true,"href":"https:\/\/woo.apylaser.com\/index.php?rest_route=%2Fwp%2Fv2%2Fproduct_brand&post=8199"},{"taxonomy":"product_cat","embeddable":true,"href":"https:\/\/woo.apylaser.com\/index.php?rest_route=%2Fwp%2Fv2%2Fproduct_cat&post=8199"},{"taxonomy":"product_tag","embeddable":true,"href":"https:\/\/woo.apylaser.com\/index.php?rest_route=%2Fwp%2Fv2%2Fproduct_tag&post=8199"}],"curies":[{"name":"wp","href":"https:\/\/api.w.org\/{rel}","templated":true}]}}