{"id":8257,"date":"2026-04-20T16:32:50","date_gmt":"2026-04-20T16:32:50","guid":{"rendered":"http:\/\/woo.apylaser.com\/?post_type=product&#038;p=8257"},"modified":"2026-04-20T16:47:58","modified_gmt":"2026-04-20T16:47:58","slug":"decoration-femme-assise-sur-livres","status":"publish","type":"product","link":"https:\/\/woo.apylaser.com\/?product=decoration-femme-assise-sur-livres","title":{"rendered":"D\u00e9coration femme assise sur livres"},"content":{"rendered":"<div class=\"tab-pane fade in active\" id=\"description\">\n<div class=\"product-description\">\n<p>D\u00e9coration femme assise sur livres sera d\u00e9coup\u00e9e au laser<\/p>\n<p>Hauteur : 30 cm<\/p>\n<p>Largeur : 19 cm<\/p>\n<p>Epaisseur : 3 mm<\/p>\n<p>Mati\u00e8re : bois ou plexiglas<\/p>\n<p>Ces mati\u00e8res \u00e9tant tr\u00e8s l\u00e9g\u00e8re vous pouvez les coller \u00e0 votre mur avec du scotch double face mais aussi tout simplement avec de la p\u00e2te \u00e0 fixe qui tient tr\u00e8s bien<\/p>\n<p>Cette d\u00e9coration de livres avec une femme assise sera du plus bel effet sur votre mur ou un cadeau parfait \u00e0 offrir \u00e0 une personne qui aime lire<\/p>\n<p>Possibilit\u00e9 de mettre un pr\u00e9nom, mot ou de changer la phrase avec un suppl\u00e9ment, contactez nous avant pour que l&rsquo;on parle de votre projet<\/p>\n<p>Si vous souhaitez une taille, une couleur&#8230; diff\u00e9rente n&rsquo;h\u00e9sitez pas \u00e0 nous envoyer un message<\/p>\n<\/p><\/div>\n<\/p><\/div>\n","protected":false},"excerpt":{"rendered":"<p>D\u00e9coration femme assise sur livres sera d\u00e9coup\u00e9e au laser<\/p><\/p>\n","protected":false},"featured_media":6225,"comment_status":"open","ping_status":"closed","template":"","meta":{"site-sidebar-layout":"default","site-content-layout":"","ast-site-content-layout":"default","site-content-style":"default","site-sidebar-style":"default","ast-global-header-display":"","ast-banner-title-visibility":"","ast-main-header-display":"","ast-hfb-above-header-display":"","ast-hfb-below-header-display":"","ast-hfb-mobile-header-display":"","site-post-title":"","ast-breadcrumbs-content":"","ast-featured-img":"","footer-sml-layout":"","ast-disable-related-posts":"","theme-transparent-header-meta":"","adv-header-id-meta":"","stick-header-meta":"","header-above-stick-meta":"","header-main-stick-meta":"","header-below-stick-meta":"","astra-migrate-meta-layouts":"default","ast-page-background-enabled":"default","ast-page-background-meta":{"desktop":{"background-color":"var(--ast-global-color-5)","background-image":"","background-repeat":"repeat","background-position":"center center","background-size":"auto","background-attachment":"scroll","background-type":"","background-media":"","overlay-type":"","overlay-color":"","overlay-opacity":"","overlay-gradient":""},"tablet":{"background-color":"","background-image":"","background-repeat":"repeat","background-position":"center center","background-size":"auto","background-attachment":"scroll","background-type":"","background-media":"","overlay-type":"","overlay-color":"","overlay-opacity":"","overlay-gradient":""},"mobile":{"background-color":"","background-image":"","background-repeat":"repeat","background-position":"center center","background-size":"auto","background-attachment":"scroll","background-type":"","background-media":"","overlay-type":"","overlay-color":"","overlay-opacity":"","overlay-gradient":""}},"ast-content-background-meta":{"desktop":{"background-color":"var(--ast-global-color-4)","background-image":"","background-repeat":"repeat","background-position":"center center","background-size":"auto","background-attachment":"scroll","background-type":"","background-media":"","overlay-type":"","overlay-color":"","overlay-opacity":"","overlay-gradient":""},"tablet":{"background-color":"var(--ast-global-color-4)","background-image":"","background-repeat":"repeat","background-position":"center center","background-size":"auto","background-attachment":"scroll","background-type":"","background-media":"","overlay-type":"","overlay-color":"","overlay-opacity":"","overlay-gradient":""},"mobile":{"background-color":"var(--ast-global-color-4)","background-image":"","background-repeat":"repeat","background-position":"center center","background-size":"auto","background-attachment":"scroll","background-type":"","background-media":"","overlay-type":"","overlay-color":"","overlay-opacity":"","overlay-gradient":""}}},"product_brand":[],"product_cat":[18,35,34],"product_tag":[],"class_list":{"0":"post-8257","1":"product","2":"type-product","3":"status-publish","4":"has-post-thumbnail","6":"product_cat-a-personnaliser-et-nos-creations","7":"product_cat-cadres-et-decorations-murales","8":"product_cat-decoration-interieur","9":"desktop-align-left","10":"tablet-align-left","11":"mobile-align-left","13":"first","14":"instock","15":"shipping-taxable","16":"purchasable","17":"product-type-simple"},"_links":{"self":[{"href":"https:\/\/woo.apylaser.com\/index.php?rest_route=\/wp\/v2\/product\/8257","targetHints":{"allow":["GET"]}}],"collection":[{"href":"https:\/\/woo.apylaser.com\/index.php?rest_route=\/wp\/v2\/product"}],"about":[{"href":"https:\/\/woo.apylaser.com\/index.php?rest_route=\/wp\/v2\/types\/product"}],"replies":[{"embeddable":true,"href":"https:\/\/woo.apylaser.com\/index.php?rest_route=%2Fwp%2Fv2%2Fcomments&post=8257"}],"wp:featuredmedia":[{"embeddable":true,"href":"https:\/\/woo.apylaser.com\/index.php?rest_route=\/wp\/v2\/media\/6225"}],"wp:attachment":[{"href":"https:\/\/woo.apylaser.com\/index.php?rest_route=%2Fwp%2Fv2%2Fmedia&parent=8257"}],"wp:term":[{"taxonomy":"product_brand","embeddable":true,"href":"https:\/\/woo.apylaser.com\/index.php?rest_route=%2Fwp%2Fv2%2Fproduct_brand&post=8257"},{"taxonomy":"product_cat","embeddable":true,"href":"https:\/\/woo.apylaser.com\/index.php?rest_route=%2Fwp%2Fv2%2Fproduct_cat&post=8257"},{"taxonomy":"product_tag","embeddable":true,"href":"https:\/\/woo.apylaser.com\/index.php?rest_route=%2Fwp%2Fv2%2Fproduct_tag&post=8257"}],"curies":[{"name":"wp","href":"https:\/\/api.w.org\/{rel}","templated":true}]}}