{"id":8269,"date":"2026-04-20T16:32:50","date_gmt":"2026-04-20T16:32:50","guid":{"rendered":"http:\/\/woo.apylaser.com\/?post_type=product&#038;p=8269"},"modified":"2026-04-20T16:47:58","modified_gmt":"2026-04-20T16:47:58","slug":"cadre-4-photos-10cmx15cm-avec-guitare","status":"publish","type":"product","link":"https:\/\/woo.apylaser.com\/?product=cadre-4-photos-10cmx15cm-avec-guitare","title":{"rendered":"Cadre 4 photos 10cmx15cm avec guitare"},"content":{"rendered":"<p>Cadre 4 photos 10cmx15cm avec guitare d\u00e9coup\u00e9 au laser<\/p>\n<p>Attention ce cadre est personnalisable avec uniquement 1 mot ou 1 pr\u00e9nom<\/p>\n<p>Largeur : 39,5 cm<\/p>\n<p>Hauteur : 35 cm<\/p>\n<p>Epaisseur : 3 mm<\/p>\n<p>Mati\u00e8re : bois mdf<\/p>\n<p>Ce cadre sera un cadeau id\u00e9al pour une personne qui \u00e0 la passion de la musique<\/p>\n<p>Attention v\u00e9rifiez bien l&rsquo;orthographe du mot ou pr\u00e9nom avant la validation de votre commande<\/p>\n<p>Si vous souhaitez une taille, un autre instrument, les photos dans un sens ou mati\u00e8res diff\u00e9rentes&#8230; n&rsquo;h\u00e9sitez pas \u00e0 nous envoyer un message<\/p><\/p>\n","protected":false},"excerpt":{"rendered":"<p>Cadre 4 photos 10cmx15cm avec guitare d\u00e9coup\u00e9 au laser<\/p>\n<p>Attention ce cadre est personnalisable avec uniquement 1 mot ou 1 pr\u00e9nom<\/p>\n<p>Pour la tenue le mod\u00e8le peut avoir une variante avec un coeur, des notes de musiques pr\u00e8s du cadre sous la cl\u00e9 de sol, la police d&rsquo;\u00e9criture aussi peu \u00eatre diff\u00e9rente du mod\u00e8le en photo car suivant le lettage se sera adapt\u00e9 pour un rendu harmonieux<\/p>\n<p>Pour plus de texte, contactez nous pour un devis<\/p>\n","protected":false},"featured_media":6257,"comment_status":"open","ping_status":"closed","template":"","meta":{"site-sidebar-layout":"default","site-content-layout":"","ast-site-content-layout":"default","site-content-style":"default","site-sidebar-style":"default","ast-global-header-display":"","ast-banner-title-visibility":"","ast-main-header-display":"","ast-hfb-above-header-display":"","ast-hfb-below-header-display":"","ast-hfb-mobile-header-display":"","site-post-title":"","ast-breadcrumbs-content":"","ast-featured-img":"","footer-sml-layout":"","ast-disable-related-posts":"","theme-transparent-header-meta":"","adv-header-id-meta":"","stick-header-meta":"","header-above-stick-meta":"","header-main-stick-meta":"","header-below-stick-meta":"","astra-migrate-meta-layouts":"default","ast-page-background-enabled":"default","ast-page-background-meta":{"desktop":{"background-color":"var(--ast-global-color-5)","background-image":"","background-repeat":"repeat","background-position":"center center","background-size":"auto","background-attachment":"scroll","background-type":"","background-media":"","overlay-type":"","overlay-color":"","overlay-opacity":"","overlay-gradient":""},"tablet":{"background-color":"","background-image":"","background-repeat":"repeat","background-position":"center center","background-size":"auto","background-attachment":"scroll","background-type":"","background-media":"","overlay-type":"","overlay-color":"","overlay-opacity":"","overlay-gradient":""},"mobile":{"background-color":"","background-image":"","background-repeat":"repeat","background-position":"center center","background-size":"auto","background-attachment":"scroll","background-type":"","background-media":"","overlay-type":"","overlay-color":"","overlay-opacity":"","overlay-gradient":""}},"ast-content-background-meta":{"desktop":{"background-color":"var(--ast-global-color-4)","background-image":"","background-repeat":"repeat","background-position":"center center","background-size":"auto","background-attachment":"scroll","background-type":"","background-media":"","overlay-type":"","overlay-color":"","overlay-opacity":"","overlay-gradient":""},"tablet":{"background-color":"var(--ast-global-color-4)","background-image":"","background-repeat":"repeat","background-position":"center center","background-size":"auto","background-attachment":"scroll","background-type":"","background-media":"","overlay-type":"","overlay-color":"","overlay-opacity":"","overlay-gradient":""},"mobile":{"background-color":"var(--ast-global-color-4)","background-image":"","background-repeat":"repeat","background-position":"center center","background-size":"auto","background-attachment":"scroll","background-type":"","background-media":"","overlay-type":"","overlay-color":"","overlay-opacity":"","overlay-gradient":""}}},"product_brand":[],"product_cat":[18,35,34],"product_tag":[],"class_list":{"0":"post-8269","1":"product","2":"type-product","3":"status-publish","4":"has-post-thumbnail","6":"product_cat-a-personnaliser-et-nos-creations","7":"product_cat-cadres-et-decorations-murales","8":"product_cat-decoration-interieur","9":"desktop-align-left","10":"tablet-align-left","11":"mobile-align-left","13":"first","14":"instock","15":"shipping-taxable","16":"purchasable","17":"product-type-simple"},"_links":{"self":[{"href":"https:\/\/woo.apylaser.com\/index.php?rest_route=\/wp\/v2\/product\/8269","targetHints":{"allow":["GET"]}}],"collection":[{"href":"https:\/\/woo.apylaser.com\/index.php?rest_route=\/wp\/v2\/product"}],"about":[{"href":"https:\/\/woo.apylaser.com\/index.php?rest_route=\/wp\/v2\/types\/product"}],"replies":[{"embeddable":true,"href":"https:\/\/woo.apylaser.com\/index.php?rest_route=%2Fwp%2Fv2%2Fcomments&post=8269"}],"wp:featuredmedia":[{"embeddable":true,"href":"https:\/\/woo.apylaser.com\/index.php?rest_route=\/wp\/v2\/media\/6257"}],"wp:attachment":[{"href":"https:\/\/woo.apylaser.com\/index.php?rest_route=%2Fwp%2Fv2%2Fmedia&parent=8269"}],"wp:term":[{"taxonomy":"product_brand","embeddable":true,"href":"https:\/\/woo.apylaser.com\/index.php?rest_route=%2Fwp%2Fv2%2Fproduct_brand&post=8269"},{"taxonomy":"product_cat","embeddable":true,"href":"https:\/\/woo.apylaser.com\/index.php?rest_route=%2Fwp%2Fv2%2Fproduct_cat&post=8269"},{"taxonomy":"product_tag","embeddable":true,"href":"https:\/\/woo.apylaser.com\/index.php?rest_route=%2Fwp%2Fv2%2Fproduct_tag&post=8269"}],"curies":[{"name":"wp","href":"https:\/\/api.w.org\/{rel}","templated":true}]}}