{"id":8274,"date":"2026-04-20T16:32:51","date_gmt":"2026-04-20T16:32:51","guid":{"rendered":"http:\/\/woo.apylaser.com\/?post_type=product&#038;p=8274"},"modified":"2026-04-20T16:47:58","modified_gmt":"2026-04-20T16:47:58","slug":"decoration-murale-machine-a-coudre-personnalisable","status":"publish","type":"product","link":"https:\/\/woo.apylaser.com\/?product=decoration-murale-machine-a-coudre-personnalisable","title":{"rendered":"D\u00e9coration murale machine \u00e0 coudre personnalisable"},"content":{"rendered":"<p>Cette d\u00e9coration murale machine \u00e0 coudre sera d\u00e9coup\u00e9e au laser<\/p>\n<p>Disponible en 2 tailles<\/p>\n<p>Largeur : 30 cm Hauteur : 19 cm<\/p>\n<p>Largeur : 40 cm Hauteur : 25 cm<\/p>\n<p>Epaisseur : 3 mm<\/p>\n<p>Mati\u00e8re : bois MDF<\/p>\n<p>Cette d\u00e9coupe de machine \u00e0 coudre ancienne ira parfaitement dans votre atelier de couture ou sur votre porte, vous pouvez la personnaliser avec du texte<\/p>\n<p>Cette d\u00e9coration murale machine \u00e0 coudre est \u00e0 peindre ou \u00e0 laisser brut<\/p>\n<p>Le mdf se peint facilement mais est aussi tr\u00e8s joli en version brut<\/p>\n<p>Si vous souhaitez une taille, un texte ou mati\u00e8re diff\u00e9rents n&rsquo;h\u00e9sitez pas \u00e0 nous envoyer un message<\/p>\n","protected":false},"excerpt":{"rendered":"<p>Cette d\u00e9coration murale sera d\u00e9coup\u00e9e au laser<\/p>\n<p>Vous pouvez choisir cette d\u00e9coration machine \u00e0 coudre avec ce texte ou mettre le texte de votre choix<\/p>\n<p>Attention choisissez bien avec personnalisation lors de la commande pour mettre votre texte<\/p>\n<p>2 mots pour le 30cm (ex: l&rsquo;atelier d&rsquo;h\u00e9l\u00e8ne) et 2-3 mots maximum pour le 40cm sinon le texte sera trop petit<\/p>\n<p>Pour commander sans personnalisation laissez le champ vide<\/p>\n<p><span style=\"color:#232323;font-family:Poppins, sans-serif;font-size:12.86875px;background-color:#ffffff;text-decoration:underline;\">En 40cm, si vous choisissez mondial relay ne prenez pas les lockers la taille est trop importante du carton l&rsquo;envoi se fait uniquement dans les boutiques, commerces qui r\u00e9ceptionnent mondial relay de m\u00eame pour les lockers la poste<\/span><\/p>\n","protected":false},"featured_media":6365,"comment_status":"open","ping_status":"closed","template":"","meta":{"site-sidebar-layout":"default","site-content-layout":"","ast-site-content-layout":"default","site-content-style":"default","site-sidebar-style":"default","ast-global-header-display":"","ast-banner-title-visibility":"","ast-main-header-display":"","ast-hfb-above-header-display":"","ast-hfb-below-header-display":"","ast-hfb-mobile-header-display":"","site-post-title":"","ast-breadcrumbs-content":"","ast-featured-img":"","footer-sml-layout":"","ast-disable-related-posts":"","theme-transparent-header-meta":"","adv-header-id-meta":"","stick-header-meta":"","header-above-stick-meta":"","header-main-stick-meta":"","header-below-stick-meta":"","astra-migrate-meta-layouts":"default","ast-page-background-enabled":"default","ast-page-background-meta":{"desktop":{"background-color":"var(--ast-global-color-5)","background-image":"","background-repeat":"repeat","background-position":"center center","background-size":"auto","background-attachment":"scroll","background-type":"","background-media":"","overlay-type":"","overlay-color":"","overlay-opacity":"","overlay-gradient":""},"tablet":{"background-color":"","background-image":"","background-repeat":"repeat","background-position":"center center","background-size":"auto","background-attachment":"scroll","background-type":"","background-media":"","overlay-type":"","overlay-color":"","overlay-opacity":"","overlay-gradient":""},"mobile":{"background-color":"","background-image":"","background-repeat":"repeat","background-position":"center center","background-size":"auto","background-attachment":"scroll","background-type":"","background-media":"","overlay-type":"","overlay-color":"","overlay-opacity":"","overlay-gradient":""}},"ast-content-background-meta":{"desktop":{"background-color":"var(--ast-global-color-4)","background-image":"","background-repeat":"repeat","background-position":"center center","background-size":"auto","background-attachment":"scroll","background-type":"","background-media":"","overlay-type":"","overlay-color":"","overlay-opacity":"","overlay-gradient":""},"tablet":{"background-color":"var(--ast-global-color-4)","background-image":"","background-repeat":"repeat","background-position":"center center","background-size":"auto","background-attachment":"scroll","background-type":"","background-media":"","overlay-type":"","overlay-color":"","overlay-opacity":"","overlay-gradient":""},"mobile":{"background-color":"var(--ast-global-color-4)","background-image":"","background-repeat":"repeat","background-position":"center center","background-size":"auto","background-attachment":"scroll","background-type":"","background-media":"","overlay-type":"","overlay-color":"","overlay-opacity":"","overlay-gradient":""}}},"product_brand":[],"product_cat":[18,35,34],"product_tag":[],"class_list":{"0":"post-8274","1":"product","2":"type-product","3":"status-publish","4":"has-post-thumbnail","6":"product_cat-a-personnaliser-et-nos-creations","7":"product_cat-cadres-et-decorations-murales","8":"product_cat-decoration-interieur","9":"desktop-align-left","10":"tablet-align-left","11":"mobile-align-left","13":"first","14":"instock","15":"shipping-taxable","16":"purchasable","17":"product-type-simple"},"_links":{"self":[{"href":"https:\/\/woo.apylaser.com\/index.php?rest_route=\/wp\/v2\/product\/8274","targetHints":{"allow":["GET"]}}],"collection":[{"href":"https:\/\/woo.apylaser.com\/index.php?rest_route=\/wp\/v2\/product"}],"about":[{"href":"https:\/\/woo.apylaser.com\/index.php?rest_route=\/wp\/v2\/types\/product"}],"replies":[{"embeddable":true,"href":"https:\/\/woo.apylaser.com\/index.php?rest_route=%2Fwp%2Fv2%2Fcomments&post=8274"}],"wp:featuredmedia":[{"embeddable":true,"href":"https:\/\/woo.apylaser.com\/index.php?rest_route=\/wp\/v2\/media\/6365"}],"wp:attachment":[{"href":"https:\/\/woo.apylaser.com\/index.php?rest_route=%2Fwp%2Fv2%2Fmedia&parent=8274"}],"wp:term":[{"taxonomy":"product_brand","embeddable":true,"href":"https:\/\/woo.apylaser.com\/index.php?rest_route=%2Fwp%2Fv2%2Fproduct_brand&post=8274"},{"taxonomy":"product_cat","embeddable":true,"href":"https:\/\/woo.apylaser.com\/index.php?rest_route=%2Fwp%2Fv2%2Fproduct_cat&post=8274"},{"taxonomy":"product_tag","embeddable":true,"href":"https:\/\/woo.apylaser.com\/index.php?rest_route=%2Fwp%2Fv2%2Fproduct_tag&post=8274"}],"curies":[{"name":"wp","href":"https:\/\/api.w.org\/{rel}","templated":true}]}}