{"id":8279,"date":"2026-04-20T16:32:51","date_gmt":"2026-04-20T16:32:51","guid":{"rendered":"http:\/\/woo.apylaser.com\/?post_type=product&#038;p=8279"},"modified":"2026-04-20T16:47:59","modified_gmt":"2026-04-20T16:47:59","slug":"decoration-ronde-fleur-avec-texte","status":"publish","type":"product","link":"https:\/\/woo.apylaser.com\/?product=decoration-ronde-fleur-avec-texte","title":{"rendered":"D\u00e9coration ronde fleur avec texte"},"content":{"rendered":"<div class=\"tab-pane fade in active\" id=\"description\">\n<div class=\"product-description\">\n<p>Cette d\u00e9coration ronde fleur avec texte d\u00e9coup\u00e9e au laser est \u00e0 personnaliser ou \u00e0 laisser brut<\/p>\n<p>Diam\u00e8tre : 30 ou 35 cm<\/p>\n<p>Epaisseur du bois : 3 mm<\/p>\n<p>Mati\u00e8re : MDF<\/p>\n<p>Cette mati\u00e8re \u00e9tant tr\u00e8s l\u00e9g\u00e8re vous pouvez le coller \u00e0 votre mur avec du scotch double face mais aussi tout simplement avec de la p\u00e2te \u00e0 fixe qui tient tr\u00e8s bien<\/p>\n<p>Cette d\u00e9coration ronde fleur avec texte en bois MDF est \u00e0 peindre ou \u00e0 laisser brut, vous pouvez poncer un peu la surface avec de la laine d&rsquo;acier ou papier \u00e0 poncer le bois<\/p>\n<p>Si vous souhaitez une taille ou le love dans une police d&rsquo;\u00e9criture diff\u00e9rente n&rsquo;h\u00e9sitez pas \u00e0 nous envoyer un message<\/p>\n<\/p><\/div>\n<\/p><\/div>\n","protected":false},"excerpt":{"rendered":"<p>D\u00e9coration ronde fleur avec texte d\u00e9coup\u00e9e au laser<\/p>\n<p>Remplissez bien le champ de personnalisation avec maxi 6 mots<\/p>\n<p>Pour plus de texte, chiffres ou phrases n&rsquo;h\u00e9sitez pas \u00e0 nous\u00a0<a href=\"https:\/\/apylaser.com\/nous-contacter\">contactez ici<\/a>\u00a0<\/p>\n","protected":false},"featured_media":6276,"comment_status":"open","ping_status":"closed","template":"","meta":{"site-sidebar-layout":"default","site-content-layout":"","ast-site-content-layout":"default","site-content-style":"default","site-sidebar-style":"default","ast-global-header-display":"","ast-banner-title-visibility":"","ast-main-header-display":"","ast-hfb-above-header-display":"","ast-hfb-below-header-display":"","ast-hfb-mobile-header-display":"","site-post-title":"","ast-breadcrumbs-content":"","ast-featured-img":"","footer-sml-layout":"","ast-disable-related-posts":"","theme-transparent-header-meta":"","adv-header-id-meta":"","stick-header-meta":"","header-above-stick-meta":"","header-main-stick-meta":"","header-below-stick-meta":"","astra-migrate-meta-layouts":"default","ast-page-background-enabled":"default","ast-page-background-meta":{"desktop":{"background-color":"var(--ast-global-color-5)","background-image":"","background-repeat":"repeat","background-position":"center center","background-size":"auto","background-attachment":"scroll","background-type":"","background-media":"","overlay-type":"","overlay-color":"","overlay-opacity":"","overlay-gradient":""},"tablet":{"background-color":"","background-image":"","background-repeat":"repeat","background-position":"center center","background-size":"auto","background-attachment":"scroll","background-type":"","background-media":"","overlay-type":"","overlay-color":"","overlay-opacity":"","overlay-gradient":""},"mobile":{"background-color":"","background-image":"","background-repeat":"repeat","background-position":"center center","background-size":"auto","background-attachment":"scroll","background-type":"","background-media":"","overlay-type":"","overlay-color":"","overlay-opacity":"","overlay-gradient":""}},"ast-content-background-meta":{"desktop":{"background-color":"var(--ast-global-color-4)","background-image":"","background-repeat":"repeat","background-position":"center center","background-size":"auto","background-attachment":"scroll","background-type":"","background-media":"","overlay-type":"","overlay-color":"","overlay-opacity":"","overlay-gradient":""},"tablet":{"background-color":"var(--ast-global-color-4)","background-image":"","background-repeat":"repeat","background-position":"center center","background-size":"auto","background-attachment":"scroll","background-type":"","background-media":"","overlay-type":"","overlay-color":"","overlay-opacity":"","overlay-gradient":""},"mobile":{"background-color":"var(--ast-global-color-4)","background-image":"","background-repeat":"repeat","background-position":"center center","background-size":"auto","background-attachment":"scroll","background-type":"","background-media":"","overlay-type":"","overlay-color":"","overlay-opacity":"","overlay-gradient":""}}},"product_brand":[],"product_cat":[18,35,34],"product_tag":[],"class_list":{"0":"post-8279","1":"product","2":"type-product","3":"status-publish","4":"has-post-thumbnail","6":"product_cat-a-personnaliser-et-nos-creations","7":"product_cat-cadres-et-decorations-murales","8":"product_cat-decoration-interieur","9":"desktop-align-left","10":"tablet-align-left","11":"mobile-align-left","13":"first","14":"instock","15":"shipping-taxable","16":"purchasable","17":"product-type-simple"},"_links":{"self":[{"href":"https:\/\/woo.apylaser.com\/index.php?rest_route=\/wp\/v2\/product\/8279","targetHints":{"allow":["GET"]}}],"collection":[{"href":"https:\/\/woo.apylaser.com\/index.php?rest_route=\/wp\/v2\/product"}],"about":[{"href":"https:\/\/woo.apylaser.com\/index.php?rest_route=\/wp\/v2\/types\/product"}],"replies":[{"embeddable":true,"href":"https:\/\/woo.apylaser.com\/index.php?rest_route=%2Fwp%2Fv2%2Fcomments&post=8279"}],"wp:featuredmedia":[{"embeddable":true,"href":"https:\/\/woo.apylaser.com\/index.php?rest_route=\/wp\/v2\/media\/6276"}],"wp:attachment":[{"href":"https:\/\/woo.apylaser.com\/index.php?rest_route=%2Fwp%2Fv2%2Fmedia&parent=8279"}],"wp:term":[{"taxonomy":"product_brand","embeddable":true,"href":"https:\/\/woo.apylaser.com\/index.php?rest_route=%2Fwp%2Fv2%2Fproduct_brand&post=8279"},{"taxonomy":"product_cat","embeddable":true,"href":"https:\/\/woo.apylaser.com\/index.php?rest_route=%2Fwp%2Fv2%2Fproduct_cat&post=8279"},{"taxonomy":"product_tag","embeddable":true,"href":"https:\/\/woo.apylaser.com\/index.php?rest_route=%2Fwp%2Fv2%2Fproduct_tag&post=8279"}],"curies":[{"name":"wp","href":"https:\/\/api.w.org\/{rel}","templated":true}]}}