{"id":8345,"date":"2026-04-20T16:33:33","date_gmt":"2026-04-20T16:33:33","guid":{"rendered":"http:\/\/woo.apylaser.com\/?post_type=product&#038;p=8345"},"modified":"2026-04-20T16:48:00","modified_gmt":"2026-04-20T16:48:00","slug":"support-dinosaure-plexiglas-lampe-led","status":"publish","type":"product","link":"https:\/\/woo.apylaser.com\/?product=support-dinosaure-plexiglas-lampe-led","title":{"rendered":"Support dinosaure plexiglas lampe led"},"content":{"rendered":"<p>Support dinosaure plexiglas lampe led \u00e0 personnaliser<\/p>\n<p>Hauteur totale : 17,5 cm<\/p>\n<p>Largeur : 16,6 cm<\/p>\n<p>Quantit\u00e9 : 1 pi\u00e8ce<\/p>\n<p>Attention en 2mm d\u2019\u00e9paisseur vous aurez besoin d&rsquo;une cale pour la largeur, l&rsquo;id\u00e9al est le 4mm, les cales sont disponibles\u00a0<a href=\"https:\/\/apylaser.com\/support-a-personnaliser\/502-cales-plexiglas-pour-lampe-led-5-pieces.html\">en cliquant ici<\/a><\/p>\n<p>Ces cales vous serviront si vous choisissez d&rsquo;utiliser du plexiglas en \u00e9paisseur de 2mm car le support standard lui est pour une \u00e9paisseur de 4mm<\/p>\n<p>Vous placerez la cale sur le bas de votre support plexiglas il est d\u00e9coup\u00e9 dans une taille qui ne fais qu&rsquo;une fois ins\u00e9r\u00e9 dans le socle de la lampe lumineuse il ne se voit pas du tout<\/p>\n<p>Le 2mm est appropri\u00e9 pour les machines de d\u00e9coupe pour faire de la gravure (scanncut, cricut \u00e0 cause de l&rsquo;\u00e9paisseur possible)<\/p>\n<p>Ce support dinosaure en plexiglas est \u00e0 personnaliser avec du vinyle, de la peinture, des paillettes, de la r\u00e9sine, des d\u00e9coupes bois&#8230;<\/p>\n<p>Le plexiglas est une mati\u00e8re qui est agr\u00e9able \u00e0 travailler et donne de tr\u00e8s jolis r\u00e9sultats<\/p>\n<p>Si vous souhaitez une taille, une forme diff\u00e9rente n&rsquo;h\u00e9sitez pas \u00e0 nous envoyer un message pour un devis<\/p>\n","protected":false},"excerpt":{"rendered":"<p>Support dinosaure plexiglas lampe led \u00e0 personnaliser avec du vinyle, de la peinture, des paillettes&#8230;<\/p>\n<p>Attention en 2mm d\u2019\u00e9paisseur vous aurez besoin d&rsquo;une cale pour la largeur, l&rsquo;id\u00e9al est le 4mm<\/p>\n<p>Le lien pour commander les cales est dans la description<\/p>\n","protected":false},"featured_media":6348,"comment_status":"open","ping_status":"closed","template":"","meta":{"site-sidebar-layout":"default","site-content-layout":"","ast-site-content-layout":"default","site-content-style":"default","site-sidebar-style":"default","ast-global-header-display":"","ast-banner-title-visibility":"","ast-main-header-display":"","ast-hfb-above-header-display":"","ast-hfb-below-header-display":"","ast-hfb-mobile-header-display":"","site-post-title":"","ast-breadcrumbs-content":"","ast-featured-img":"","footer-sml-layout":"","ast-disable-related-posts":"","theme-transparent-header-meta":"","adv-header-id-meta":"","stick-header-meta":"","header-above-stick-meta":"","header-main-stick-meta":"","header-below-stick-meta":"","astra-migrate-meta-layouts":"default","ast-page-background-enabled":"default","ast-page-background-meta":{"desktop":{"background-color":"var(--ast-global-color-5)","background-image":"","background-repeat":"repeat","background-position":"center center","background-size":"auto","background-attachment":"scroll","background-type":"","background-media":"","overlay-type":"","overlay-color":"","overlay-opacity":"","overlay-gradient":""},"tablet":{"background-color":"","background-image":"","background-repeat":"repeat","background-position":"center center","background-size":"auto","background-attachment":"scroll","background-type":"","background-media":"","overlay-type":"","overlay-color":"","overlay-opacity":"","overlay-gradient":""},"mobile":{"background-color":"","background-image":"","background-repeat":"repeat","background-position":"center center","background-size":"auto","background-attachment":"scroll","background-type":"","background-media":"","overlay-type":"","overlay-color":"","overlay-opacity":"","overlay-gradient":""}},"ast-content-background-meta":{"desktop":{"background-color":"var(--ast-global-color-4)","background-image":"","background-repeat":"repeat","background-position":"center center","background-size":"auto","background-attachment":"scroll","background-type":"","background-media":"","overlay-type":"","overlay-color":"","overlay-opacity":"","overlay-gradient":""},"tablet":{"background-color":"var(--ast-global-color-4)","background-image":"","background-repeat":"repeat","background-position":"center center","background-size":"auto","background-attachment":"scroll","background-type":"","background-media":"","overlay-type":"","overlay-color":"","overlay-opacity":"","overlay-gradient":""},"mobile":{"background-color":"var(--ast-global-color-4)","background-image":"","background-repeat":"repeat","background-position":"center center","background-size":"auto","background-attachment":"scroll","background-type":"","background-media":"","overlay-type":"","overlay-color":"","overlay-opacity":"","overlay-gradient":""}}},"product_brand":[],"product_cat":[18,53,54],"product_tag":[],"class_list":{"0":"post-8345","1":"product","2":"type-product","3":"status-publish","4":"has-post-thumbnail","6":"product_cat-a-personnaliser-et-nos-creations","7":"product_cat-formes-plexiglas-support-lampe-led","8":"product_cat-support-a-personnaliser","9":"desktop-align-left","10":"tablet-align-left","11":"mobile-align-left","13":"first","14":"instock","15":"shipping-taxable","16":"purchasable","17":"product-type-simple"},"_links":{"self":[{"href":"https:\/\/woo.apylaser.com\/index.php?rest_route=\/wp\/v2\/product\/8345","targetHints":{"allow":["GET"]}}],"collection":[{"href":"https:\/\/woo.apylaser.com\/index.php?rest_route=\/wp\/v2\/product"}],"about":[{"href":"https:\/\/woo.apylaser.com\/index.php?rest_route=\/wp\/v2\/types\/product"}],"replies":[{"embeddable":true,"href":"https:\/\/woo.apylaser.com\/index.php?rest_route=%2Fwp%2Fv2%2Fcomments&post=8345"}],"wp:featuredmedia":[{"embeddable":true,"href":"https:\/\/woo.apylaser.com\/index.php?rest_route=\/wp\/v2\/media\/6348"}],"wp:attachment":[{"href":"https:\/\/woo.apylaser.com\/index.php?rest_route=%2Fwp%2Fv2%2Fmedia&parent=8345"}],"wp:term":[{"taxonomy":"product_brand","embeddable":true,"href":"https:\/\/woo.apylaser.com\/index.php?rest_route=%2Fwp%2Fv2%2Fproduct_brand&post=8345"},{"taxonomy":"product_cat","embeddable":true,"href":"https:\/\/woo.apylaser.com\/index.php?rest_route=%2Fwp%2Fv2%2Fproduct_cat&post=8345"},{"taxonomy":"product_tag","embeddable":true,"href":"https:\/\/woo.apylaser.com\/index.php?rest_route=%2Fwp%2Fv2%2Fproduct_tag&post=8345"}],"curies":[{"name":"wp","href":"https:\/\/api.w.org\/{rel}","templated":true}]}}