{"id":8363,"date":"2026-04-20T16:33:51","date_gmt":"2026-04-20T16:33:51","guid":{"rendered":"http:\/\/woo.apylaser.com\/?post_type=product&#038;p=8363"},"modified":"2026-04-20T16:48:01","modified_gmt":"2026-04-20T16:48:01","slug":"marque-place-sur-pied-plexiglas","status":"publish","type":"product","link":"https:\/\/woo.apylaser.com\/?product=marque-place-sur-pied-plexiglas","title":{"rendered":"Marque place sur pied plexiglas"},"content":{"rendered":"<p>Marque place sur pied plexiglas \u00e0 personnaliser<\/p>\n<p>Rond :<\/p>\n<p>Diam\u00e8tre : 6 cm<\/p>\n<p>Tige :<\/p>\n<p>Hauteur 3 cm<\/p>\n<p>Largeur : 1 cm<\/p>\n<p>Socle :<\/p>\n<p>Diam\u00e8tre : 3 cm<\/p>\n<p>Epaisseur 2 mm : transparent, transparent givr\u00e9 d&rsquo;un c\u00f4t\u00e9 (pour voir cette couleur <a href=\"https:\/\/www.tiktok.com\/@apylaser\/video\/7167365158929534213?is_from_webapp=1&amp;sender_device=pc&amp;web_id=7169867422781277702\">cliquez ici<\/a>), blanc<\/p>\n<p>Epaisseur 3 mm : givr\u00e9 blanc, miroir or, cr\u00e8me<\/p>\n<\/p>\n<p>Le 2 mm vous pouvez l&rsquo;utiliser avec vos machine de d\u00e9coupe scanncut, cricut maker&#8230;. avec les accessoires de gravures<\/p>\n<p>Ces marque places en plexiglas sont \u00e0 personnaliser avec du vinyle, de la peinture, des paillettes, de la r\u00e9sine, des d\u00e9coupes bois&#8230;<\/p>\n<p>Le plexiglas est une mati\u00e8re qui est agr\u00e9able \u00e0 travailler et donne de tr\u00e8s jolis r\u00e9sultats<\/p>\n<p>Si vous souhaitez une taille, une forme diff\u00e9rente n&rsquo;h\u00e9sitez pas \u00e0 nous envoyer un message pour un devis<\/p>\n","protected":false},"excerpt":{"rendered":"<p>Marque place sur pied plexiglas<\/p>\n<p>A personnaliser de vinyle, peinture, paillettes, r\u00e9sine&#8230;.<\/p>\n<p>Id\u00e9al pour les mariages, bapt\u00eames, anniversaires<\/p>\n<p>Dans les photos vous avez un mod\u00e8le personnalis\u00e9 par une de nos clientes<\/p>\n","protected":false},"featured_media":6395,"comment_status":"open","ping_status":"closed","template":"","meta":{"site-sidebar-layout":"default","site-content-layout":"","ast-site-content-layout":"default","site-content-style":"default","site-sidebar-style":"default","ast-global-header-display":"","ast-banner-title-visibility":"","ast-main-header-display":"","ast-hfb-above-header-display":"","ast-hfb-below-header-display":"","ast-hfb-mobile-header-display":"","site-post-title":"","ast-breadcrumbs-content":"","ast-featured-img":"","footer-sml-layout":"","ast-disable-related-posts":"","theme-transparent-header-meta":"","adv-header-id-meta":"","stick-header-meta":"","header-above-stick-meta":"","header-main-stick-meta":"","header-below-stick-meta":"","astra-migrate-meta-layouts":"default","ast-page-background-enabled":"default","ast-page-background-meta":{"desktop":{"background-color":"var(--ast-global-color-5)","background-image":"","background-repeat":"repeat","background-position":"center center","background-size":"auto","background-attachment":"scroll","background-type":"","background-media":"","overlay-type":"","overlay-color":"","overlay-opacity":"","overlay-gradient":""},"tablet":{"background-color":"","background-image":"","background-repeat":"repeat","background-position":"center center","background-size":"auto","background-attachment":"scroll","background-type":"","background-media":"","overlay-type":"","overlay-color":"","overlay-opacity":"","overlay-gradient":""},"mobile":{"background-color":"","background-image":"","background-repeat":"repeat","background-position":"center center","background-size":"auto","background-attachment":"scroll","background-type":"","background-media":"","overlay-type":"","overlay-color":"","overlay-opacity":"","overlay-gradient":""}},"ast-content-background-meta":{"desktop":{"background-color":"var(--ast-global-color-4)","background-image":"","background-repeat":"repeat","background-position":"center center","background-size":"auto","background-attachment":"scroll","background-type":"","background-media":"","overlay-type":"","overlay-color":"","overlay-opacity":"","overlay-gradient":""},"tablet":{"background-color":"var(--ast-global-color-4)","background-image":"","background-repeat":"repeat","background-position":"center center","background-size":"auto","background-attachment":"scroll","background-type":"","background-media":"","overlay-type":"","overlay-color":"","overlay-opacity":"","overlay-gradient":""},"mobile":{"background-color":"var(--ast-global-color-4)","background-image":"","background-repeat":"repeat","background-position":"center center","background-size":"auto","background-attachment":"scroll","background-type":"","background-media":"","overlay-type":"","overlay-color":"","overlay-opacity":"","overlay-gradient":""}}},"product_brand":[],"product_cat":[18,68,54],"product_tag":[],"class_list":{"0":"post-8363","1":"product","2":"type-product","3":"status-publish","4":"has-post-thumbnail","6":"product_cat-a-personnaliser-et-nos-creations","7":"product_cat-presentoirs-et-marques-places","8":"product_cat-support-a-personnaliser","9":"desktop-align-left","10":"tablet-align-left","11":"mobile-align-left","13":"first","14":"instock","15":"shipping-taxable","16":"purchasable","17":"product-type-simple"},"_links":{"self":[{"href":"https:\/\/woo.apylaser.com\/index.php?rest_route=\/wp\/v2\/product\/8363","targetHints":{"allow":["GET"]}}],"collection":[{"href":"https:\/\/woo.apylaser.com\/index.php?rest_route=\/wp\/v2\/product"}],"about":[{"href":"https:\/\/woo.apylaser.com\/index.php?rest_route=\/wp\/v2\/types\/product"}],"replies":[{"embeddable":true,"href":"https:\/\/woo.apylaser.com\/index.php?rest_route=%2Fwp%2Fv2%2Fcomments&post=8363"}],"wp:featuredmedia":[{"embeddable":true,"href":"https:\/\/woo.apylaser.com\/index.php?rest_route=\/wp\/v2\/media\/6395"}],"wp:attachment":[{"href":"https:\/\/woo.apylaser.com\/index.php?rest_route=%2Fwp%2Fv2%2Fmedia&parent=8363"}],"wp:term":[{"taxonomy":"product_brand","embeddable":true,"href":"https:\/\/woo.apylaser.com\/index.php?rest_route=%2Fwp%2Fv2%2Fproduct_brand&post=8363"},{"taxonomy":"product_cat","embeddable":true,"href":"https:\/\/woo.apylaser.com\/index.php?rest_route=%2Fwp%2Fv2%2Fproduct_cat&post=8363"},{"taxonomy":"product_tag","embeddable":true,"href":"https:\/\/woo.apylaser.com\/index.php?rest_route=%2Fwp%2Fv2%2Fproduct_tag&post=8363"}],"curies":[{"name":"wp","href":"https:\/\/api.w.org\/{rel}","templated":true}]}}