{"id":8374,"date":"2026-04-20T16:33:51","date_gmt":"2026-04-20T16:33:51","guid":{"rendered":"http:\/\/woo.apylaser.com\/?post_type=product&#038;p=8374"},"modified":"2026-04-20T16:48:01","modified_gmt":"2026-04-20T16:48:01","slug":"pendentif-ile-de-la-reunion-plexiglas-a-personnaliser-lot","status":"publish","type":"product","link":"https:\/\/woo.apylaser.com\/?product=pendentif-ile-de-la-reunion-plexiglas-a-personnaliser-lot","title":{"rendered":"Pendentif \u00eele de la R\u00e9union plexiglas \u00e0 personnaliser (lot)"},"content":{"rendered":"<p>Ce pendentif \u00eele de la R\u00e9union en plexiglas est \u00e0 personnaliser<\/p>\n<p>Largeur : 6 cm<\/p>\n<p>Hauteur : 3.8 cm<\/p>\n<p>Mati\u00e8re : plexiglas<\/p>\n<p>Ce pendentif \u00eele de la R\u00e9union en plexiglas \u00e0 personnaliser est \u00e0 peindre, \u00e0 customiser avec du vinyle, de la r\u00e9sine&#8230;<\/p>\n<p>Id\u00e9al pour la cr\u00e9ation de porte-cl\u00e9s<\/p>\n<p>Pr\u00e9parez vos vinyles, paillettes, peintures paillet\u00e9es-m\u00e9tallis\u00e9es-nacr\u00e9e&#8230;.un support facile \u00e0 peindre et que vous pourrez agr\u00e9menter \u00e0 votre gout<\/p>\n<p>Vous pouvez m\u00eame y rajouter des strass autocollants, des n\u0153uds satins&#8230;..<\/p>\n<p>Attention vous la recevrez avec le film de protection, pensez bien \u00e0 le retirer de chaque c\u00f4t\u00e9<\/p>\n<p>Si vous souhaitez une taille n&rsquo;h\u00e9sitez pas \u00e0 nous envoyer un message<\/p>\n","protected":false},"excerpt":{"rendered":"<p>Pendentif \u00eele de la R\u00e9union plexiglas \u00e0 personnaliser d\u00e9coup\u00e9e au laser<\/p>\n<p>Les mod\u00e8les sont des exclusivit\u00e9s APY Laser puisque les fichiers sont con\u00e7us \u00e0 l&rsquo;atelier<\/p>\n","protected":false},"featured_media":6406,"comment_status":"open","ping_status":"closed","template":"","meta":{"site-sidebar-layout":"default","site-content-layout":"","ast-site-content-layout":"default","site-content-style":"default","site-sidebar-style":"default","ast-global-header-display":"","ast-banner-title-visibility":"","ast-main-header-display":"","ast-hfb-above-header-display":"","ast-hfb-below-header-display":"","ast-hfb-mobile-header-display":"","site-post-title":"","ast-breadcrumbs-content":"","ast-featured-img":"","footer-sml-layout":"","ast-disable-related-posts":"","theme-transparent-header-meta":"","adv-header-id-meta":"","stick-header-meta":"","header-above-stick-meta":"","header-main-stick-meta":"","header-below-stick-meta":"","astra-migrate-meta-layouts":"default","ast-page-background-enabled":"default","ast-page-background-meta":{"desktop":{"background-color":"var(--ast-global-color-5)","background-image":"","background-repeat":"repeat","background-position":"center center","background-size":"auto","background-attachment":"scroll","background-type":"","background-media":"","overlay-type":"","overlay-color":"","overlay-opacity":"","overlay-gradient":""},"tablet":{"background-color":"","background-image":"","background-repeat":"repeat","background-position":"center center","background-size":"auto","background-attachment":"scroll","background-type":"","background-media":"","overlay-type":"","overlay-color":"","overlay-opacity":"","overlay-gradient":""},"mobile":{"background-color":"","background-image":"","background-repeat":"repeat","background-position":"center center","background-size":"auto","background-attachment":"scroll","background-type":"","background-media":"","overlay-type":"","overlay-color":"","overlay-opacity":"","overlay-gradient":""}},"ast-content-background-meta":{"desktop":{"background-color":"var(--ast-global-color-4)","background-image":"","background-repeat":"repeat","background-position":"center center","background-size":"auto","background-attachment":"scroll","background-type":"","background-media":"","overlay-type":"","overlay-color":"","overlay-opacity":"","overlay-gradient":""},"tablet":{"background-color":"var(--ast-global-color-4)","background-image":"","background-repeat":"repeat","background-position":"center center","background-size":"auto","background-attachment":"scroll","background-type":"","background-media":"","overlay-type":"","overlay-color":"","overlay-opacity":"","overlay-gradient":""},"mobile":{"background-color":"var(--ast-global-color-4)","background-image":"","background-repeat":"repeat","background-position":"center center","background-size":"auto","background-attachment":"scroll","background-type":"","background-media":"","overlay-type":"","overlay-color":"","overlay-opacity":"","overlay-gradient":""}}},"product_brand":[],"product_cat":[56,64],"product_tag":[],"class_list":{"0":"post-8374","1":"product","2":"type-product","3":"status-publish","4":"has-post-thumbnail","6":"product_cat-formes-a-personnaliser","7":"product_cat-formes-diverses","8":"desktop-align-left","9":"tablet-align-left","10":"mobile-align-left","12":"first","13":"instock","14":"shipping-taxable","15":"purchasable","16":"product-type-simple"},"_links":{"self":[{"href":"https:\/\/woo.apylaser.com\/index.php?rest_route=\/wp\/v2\/product\/8374","targetHints":{"allow":["GET"]}}],"collection":[{"href":"https:\/\/woo.apylaser.com\/index.php?rest_route=\/wp\/v2\/product"}],"about":[{"href":"https:\/\/woo.apylaser.com\/index.php?rest_route=\/wp\/v2\/types\/product"}],"replies":[{"embeddable":true,"href":"https:\/\/woo.apylaser.com\/index.php?rest_route=%2Fwp%2Fv2%2Fcomments&post=8374"}],"wp:featuredmedia":[{"embeddable":true,"href":"https:\/\/woo.apylaser.com\/index.php?rest_route=\/wp\/v2\/media\/6406"}],"wp:attachment":[{"href":"https:\/\/woo.apylaser.com\/index.php?rest_route=%2Fwp%2Fv2%2Fmedia&parent=8374"}],"wp:term":[{"taxonomy":"product_brand","embeddable":true,"href":"https:\/\/woo.apylaser.com\/index.php?rest_route=%2Fwp%2Fv2%2Fproduct_brand&post=8374"},{"taxonomy":"product_cat","embeddable":true,"href":"https:\/\/woo.apylaser.com\/index.php?rest_route=%2Fwp%2Fv2%2Fproduct_cat&post=8374"},{"taxonomy":"product_tag","embeddable":true,"href":"https:\/\/woo.apylaser.com\/index.php?rest_route=%2Fwp%2Fv2%2Fproduct_tag&post=8374"}],"curies":[{"name":"wp","href":"https:\/\/api.w.org\/{rel}","templated":true}]}}