{"id":8446,"date":"2026-04-20T16:34:43","date_gmt":"2026-04-20T16:34:43","guid":{"rendered":"http:\/\/woo.apylaser.com\/?post_type=product&#038;p=8446"},"modified":"2026-04-20T16:48:03","modified_gmt":"2026-04-20T16:48:03","slug":"presentoir-a-sucettes-plexiglas","status":"publish","type":"product","link":"https:\/\/woo.apylaser.com\/?product=presentoir-a-sucettes-plexiglas","title":{"rendered":"Pr\u00e9sentoir \u00e0 sucettes plexiglas"},"content":{"rendered":"<p>Pr\u00e9sentoir \u00e0 sucettes plexiglas<\/p>\n<p>Taille des plaques sup\u00e9rieur et inf\u00e9rieur<\/p>\n<p>Longueur : 16 cm<\/p>\n<p>Largeur : 13 cm<\/p>\n<p>Hauteur : 4 cm<\/p>\n<p>Quantit\u00e9 : 1 pi\u00e8ce<\/p>\n<p>Epaisseur : 2 mm<\/p>\n<p>Ce pr\u00e9sentoir \u00e0 sucettes en plexiglas sera du plus bel effet sur votre table d&rsquo;anniversaire, pour les mariages pour des versions sal\u00e9es comme sucr\u00e9es<\/p>\n<p>Il est en 4 parties 2 plaques pour le dessous et dessous et les 2 c\u00f4t\u00e9s viennent se mettre dans les encoches du dessus et dessous<\/p>\n<p>Vous recevrez le pr\u00e9sentoir pr\u00eat \u00e0 \u00eatre mont\u00e9 et avec le film de protection, une fois retir\u00e9 celui-ci sera brillant et transparent<\/p>\n<p>Si vous souhaitez une taille, une forme diff\u00e9rente n&rsquo;h\u00e9sitez pas \u00e0 nous envoyer un message pour un devis<\/p>\n","protected":false},"excerpt":{"rendered":"<p>Pr\u00e9sentoir \u00e0 sucettes plexiglas<\/p>\n","protected":false},"featured_media":6468,"comment_status":"open","ping_status":"closed","template":"","meta":{"site-sidebar-layout":"default","site-content-layout":"","ast-site-content-layout":"default","site-content-style":"default","site-sidebar-style":"default","ast-global-header-display":"","ast-banner-title-visibility":"","ast-main-header-display":"","ast-hfb-above-header-display":"","ast-hfb-below-header-display":"","ast-hfb-mobile-header-display":"","site-post-title":"","ast-breadcrumbs-content":"","ast-featured-img":"","footer-sml-layout":"","ast-disable-related-posts":"","theme-transparent-header-meta":"","adv-header-id-meta":"","stick-header-meta":"","header-above-stick-meta":"","header-main-stick-meta":"","header-below-stick-meta":"","astra-migrate-meta-layouts":"default","ast-page-background-enabled":"default","ast-page-background-meta":{"desktop":{"background-color":"var(--ast-global-color-5)","background-image":"","background-repeat":"repeat","background-position":"center center","background-size":"auto","background-attachment":"scroll","background-type":"","background-media":"","overlay-type":"","overlay-color":"","overlay-opacity":"","overlay-gradient":""},"tablet":{"background-color":"","background-image":"","background-repeat":"repeat","background-position":"center center","background-size":"auto","background-attachment":"scroll","background-type":"","background-media":"","overlay-type":"","overlay-color":"","overlay-opacity":"","overlay-gradient":""},"mobile":{"background-color":"","background-image":"","background-repeat":"repeat","background-position":"center center","background-size":"auto","background-attachment":"scroll","background-type":"","background-media":"","overlay-type":"","overlay-color":"","overlay-opacity":"","overlay-gradient":""}},"ast-content-background-meta":{"desktop":{"background-color":"var(--ast-global-color-4)","background-image":"","background-repeat":"repeat","background-position":"center center","background-size":"auto","background-attachment":"scroll","background-type":"","background-media":"","overlay-type":"","overlay-color":"","overlay-opacity":"","overlay-gradient":""},"tablet":{"background-color":"var(--ast-global-color-4)","background-image":"","background-repeat":"repeat","background-position":"center center","background-size":"auto","background-attachment":"scroll","background-type":"","background-media":"","overlay-type":"","overlay-color":"","overlay-opacity":"","overlay-gradient":""},"mobile":{"background-color":"var(--ast-global-color-4)","background-image":"","background-repeat":"repeat","background-position":"center center","background-size":"auto","background-attachment":"scroll","background-type":"","background-media":"","overlay-type":"","overlay-color":"","overlay-opacity":"","overlay-gradient":""}}},"product_brand":[],"product_cat":[18,68,54],"product_tag":[],"class_list":{"0":"post-8446","1":"product","2":"type-product","3":"status-publish","4":"has-post-thumbnail","6":"product_cat-a-personnaliser-et-nos-creations","7":"product_cat-presentoirs-et-marques-places","8":"product_cat-support-a-personnaliser","9":"desktop-align-left","10":"tablet-align-left","11":"mobile-align-left","13":"first","14":"instock","15":"shipping-taxable","16":"purchasable","17":"product-type-simple"},"_links":{"self":[{"href":"https:\/\/woo.apylaser.com\/index.php?rest_route=\/wp\/v2\/product\/8446","targetHints":{"allow":["GET"]}}],"collection":[{"href":"https:\/\/woo.apylaser.com\/index.php?rest_route=\/wp\/v2\/product"}],"about":[{"href":"https:\/\/woo.apylaser.com\/index.php?rest_route=\/wp\/v2\/types\/product"}],"replies":[{"embeddable":true,"href":"https:\/\/woo.apylaser.com\/index.php?rest_route=%2Fwp%2Fv2%2Fcomments&post=8446"}],"wp:featuredmedia":[{"embeddable":true,"href":"https:\/\/woo.apylaser.com\/index.php?rest_route=\/wp\/v2\/media\/6468"}],"wp:attachment":[{"href":"https:\/\/woo.apylaser.com\/index.php?rest_route=%2Fwp%2Fv2%2Fmedia&parent=8446"}],"wp:term":[{"taxonomy":"product_brand","embeddable":true,"href":"https:\/\/woo.apylaser.com\/index.php?rest_route=%2Fwp%2Fv2%2Fproduct_brand&post=8446"},{"taxonomy":"product_cat","embeddable":true,"href":"https:\/\/woo.apylaser.com\/index.php?rest_route=%2Fwp%2Fv2%2Fproduct_cat&post=8446"},{"taxonomy":"product_tag","embeddable":true,"href":"https:\/\/woo.apylaser.com\/index.php?rest_route=%2Fwp%2Fv2%2Fproduct_tag&post=8446"}],"curies":[{"name":"wp","href":"https:\/\/api.w.org\/{rel}","templated":true}]}}