{"id":8450,"date":"2026-04-20T16:34:44","date_gmt":"2026-04-20T16:34:44","guid":{"rendered":"http:\/\/woo.apylaser.com\/?post_type=product&#038;p=8450"},"modified":"2026-04-20T16:48:03","modified_gmt":"2026-04-20T16:48:03","slug":"boule-de-noel-noeud-avec-prenom-3","status":"publish","type":"product","link":"https:\/\/woo.apylaser.com\/?product=boule-de-noel-noeud-avec-prenom-3","title":{"rendered":"Boule de no\u00ebl noeud avec pr\u00e9nom"},"content":{"rendered":"<p>Cette boule de no\u00ebl noeud avec pr\u00e9nom est \u00e0 personnaliser ou \u00e0 laisser brut<\/p>\n<p>N&rsquo;oubliez pas d&rsquo;inscrire le pr\u00e9nom dans le champ ci-dessous et de valider la personnalisation sinon vous ne pourrez pas l&rsquo;ajouter au panier<\/p>\n<p>V\u00e9rifiez bien l&rsquo;orthographe au moment de valider car une fois parti en cr\u00e9ation de fichier et d\u00e9coupe laser il sera trop tard pour changer<\/p>\n<p>Largeur : 90 cm<\/p>\n<p>Hauteur : 9,5 cm<\/p>\n<p>Epaisseur du bois : 3 mm<\/p>\n<p>Mati\u00e8re : MDF<\/p>\n<p>Cette boule de no\u00ebl \u00e0 personnaliser en bois MDF est \u00e0 peindre ou \u00e0 laisser brut<\/p>\n<p>Pour le peindre appliquez 2 couches de vernis transparent mat de pr\u00e9f\u00e9rence puis votre peinture, les peintures en bombes vont tr\u00e8s bien pour ce style d&rsquo;application et le rendu est vraiment tr\u00e8s joli<\/p>\n<p>Pr\u00e9parez vos paillettes, vos peintures paillet\u00e9es-m\u00e9tallis\u00e9es-nacr\u00e9e&#8230;.un support facile \u00e0 peindre et que vous pourrez agr\u00e9menter \u00e0 votre gout<\/p>\n<p>Vous pouvez m\u00eame y rajouter des strass autocollants, des noeuds satins<\/p>\n<p>Cette boule de no\u00ebl fera partie de vos souvenirs \u00e0 garder pr\u00e9cieusement, un cadeau \u00e0 offrir ou \u00e0 s&rsquo;offrir pour mettre dans le sapin de no\u00ebl<\/p>\n<p>Si vous souhaitez une taille n&rsquo;h\u00e9sitez pas \u00e0 nous envoyer un message<\/p>\n","protected":false},"excerpt":{"rendered":"<p>Boule de no\u00ebl \u00e0 personnaliser avec le pr\u00e9nom de votre enfant et d\u00e9coup\u00e9 au laser<\/p>\n<p>Indiquez le pr\u00e9nom dans le champ ci-dessous<\/p>\n<p>Les mod\u00e8les sont des exclusivit\u00e9s APY Laser puisque les fichiers sont con\u00e7us \u00e0 l&rsquo;atelier<\/p>\n","protected":false},"featured_media":6474,"comment_status":"open","ping_status":"closed","template":"","meta":{"site-sidebar-layout":"default","site-content-layout":"","ast-site-content-layout":"default","site-content-style":"default","site-sidebar-style":"default","ast-global-header-display":"","ast-banner-title-visibility":"","ast-main-header-display":"","ast-hfb-above-header-display":"","ast-hfb-below-header-display":"","ast-hfb-mobile-header-display":"","site-post-title":"","ast-breadcrumbs-content":"","ast-featured-img":"","footer-sml-layout":"","ast-disable-related-posts":"","theme-transparent-header-meta":"","adv-header-id-meta":"","stick-header-meta":"","header-above-stick-meta":"","header-main-stick-meta":"","header-below-stick-meta":"","astra-migrate-meta-layouts":"default","ast-page-background-enabled":"default","ast-page-background-meta":{"desktop":{"background-color":"var(--ast-global-color-5)","background-image":"","background-repeat":"repeat","background-position":"center center","background-size":"auto","background-attachment":"scroll","background-type":"","background-media":"","overlay-type":"","overlay-color":"","overlay-opacity":"","overlay-gradient":""},"tablet":{"background-color":"","background-image":"","background-repeat":"repeat","background-position":"center center","background-size":"auto","background-attachment":"scroll","background-type":"","background-media":"","overlay-type":"","overlay-color":"","overlay-opacity":"","overlay-gradient":""},"mobile":{"background-color":"","background-image":"","background-repeat":"repeat","background-position":"center center","background-size":"auto","background-attachment":"scroll","background-type":"","background-media":"","overlay-type":"","overlay-color":"","overlay-opacity":"","overlay-gradient":""}},"ast-content-background-meta":{"desktop":{"background-color":"var(--ast-global-color-4)","background-image":"","background-repeat":"repeat","background-position":"center center","background-size":"auto","background-attachment":"scroll","background-type":"","background-media":"","overlay-type":"","overlay-color":"","overlay-opacity":"","overlay-gradient":""},"tablet":{"background-color":"var(--ast-global-color-4)","background-image":"","background-repeat":"repeat","background-position":"center center","background-size":"auto","background-attachment":"scroll","background-type":"","background-media":"","overlay-type":"","overlay-color":"","overlay-opacity":"","overlay-gradient":""},"mobile":{"background-color":"var(--ast-global-color-4)","background-image":"","background-repeat":"repeat","background-position":"center center","background-size":"auto","background-attachment":"scroll","background-type":"","background-media":"","overlay-type":"","overlay-color":"","overlay-opacity":"","overlay-gradient":""}}},"product_brand":[],"product_cat":[18,55],"product_tag":[],"class_list":{"0":"post-8450","1":"product","2":"type-product","3":"status-publish","4":"has-post-thumbnail","6":"product_cat-a-personnaliser-et-nos-creations","7":"product_cat-decorations-evenements","8":"desktop-align-left","9":"tablet-align-left","10":"mobile-align-left","12":"first","13":"instock","14":"shipping-taxable","15":"purchasable","16":"product-type-simple"},"_links":{"self":[{"href":"https:\/\/woo.apylaser.com\/index.php?rest_route=\/wp\/v2\/product\/8450","targetHints":{"allow":["GET"]}}],"collection":[{"href":"https:\/\/woo.apylaser.com\/index.php?rest_route=\/wp\/v2\/product"}],"about":[{"href":"https:\/\/woo.apylaser.com\/index.php?rest_route=\/wp\/v2\/types\/product"}],"replies":[{"embeddable":true,"href":"https:\/\/woo.apylaser.com\/index.php?rest_route=%2Fwp%2Fv2%2Fcomments&post=8450"}],"wp:featuredmedia":[{"embeddable":true,"href":"https:\/\/woo.apylaser.com\/index.php?rest_route=\/wp\/v2\/media\/6474"}],"wp:attachment":[{"href":"https:\/\/woo.apylaser.com\/index.php?rest_route=%2Fwp%2Fv2%2Fmedia&parent=8450"}],"wp:term":[{"taxonomy":"product_brand","embeddable":true,"href":"https:\/\/woo.apylaser.com\/index.php?rest_route=%2Fwp%2Fv2%2Fproduct_brand&post=8450"},{"taxonomy":"product_cat","embeddable":true,"href":"https:\/\/woo.apylaser.com\/index.php?rest_route=%2Fwp%2Fv2%2Fproduct_cat&post=8450"},{"taxonomy":"product_tag","embeddable":true,"href":"https:\/\/woo.apylaser.com\/index.php?rest_route=%2Fwp%2Fv2%2Fproduct_tag&post=8450"}],"curies":[{"name":"wp","href":"https:\/\/api.w.org\/{rel}","templated":true}]}}