{"id":8457,"date":"2026-04-20T16:34:44","date_gmt":"2026-04-20T16:34:44","guid":{"rendered":"http:\/\/woo.apylaser.com\/?post_type=product&#038;p=8457"},"modified":"2026-04-20T16:48:03","modified_gmt":"2026-04-20T16:48:03","slug":"inter-funeraire-acrylique-a-personnaliser","status":"publish","type":"product","link":"https:\/\/woo.apylaser.com\/?product=inter-funeraire-acrylique-a-personnaliser","title":{"rendered":"Inter fun\u00e9raire acrylique \u00e0 personnaliser"},"content":{"rendered":"<p>Les inter fun\u00e9raires sont grav\u00e9s au laser<\/p>\n<p>Mod\u00e8le pour 1 ligne<\/p>\n<p>Taille standard pour plaques<\/p>\n<p>Longueur : 13,8 cm<\/p>\n<p>Largeur : 2 cm<\/p>\n<p>Epaisseur : 1.6 mm<\/p>\n<p>Couleur : dor\u00e9 avec gravure noir<\/p>\n<p>Mati\u00e8re : acrylique<\/p>\n<p>Cet inter fun\u00e9raire est adapt\u00e9 pour un usage ext\u00e9rieur prolong\u00e9, il est r\u00e9sistant aux uv et intemp\u00e9ries sans se d\u00e9colorer et la gravure ne s&rsquo;efface pas dans le temps<\/p>\n<p>Un scotch double face 3M est positionn\u00e9 au dos<\/p>\n<p>Si vous souhaitez une taille, couleur, forme ou petit motif n&rsquo;h\u00e9sitez pas \u00e0 nous contacter pour un devis<\/p>\n","protected":false},"excerpt":{"rendered":"<p>Inter fun\u00e9raire \u00e0 personnaliser<\/p>\n<p>Indiquez le texte dans le champ ci-dessous<\/p>\n<p>Attention valable pour une seule ligne<\/p><\/p>\n","protected":false},"featured_media":6494,"comment_status":"open","ping_status":"closed","template":"","meta":{"site-sidebar-layout":"default","site-content-layout":"","ast-site-content-layout":"default","site-content-style":"default","site-sidebar-style":"default","ast-global-header-display":"","ast-banner-title-visibility":"","ast-main-header-display":"","ast-hfb-above-header-display":"","ast-hfb-below-header-display":"","ast-hfb-mobile-header-display":"","site-post-title":"","ast-breadcrumbs-content":"","ast-featured-img":"","footer-sml-layout":"","ast-disable-related-posts":"","theme-transparent-header-meta":"","adv-header-id-meta":"","stick-header-meta":"","header-above-stick-meta":"","header-main-stick-meta":"","header-below-stick-meta":"","astra-migrate-meta-layouts":"default","ast-page-background-enabled":"default","ast-page-background-meta":{"desktop":{"background-color":"var(--ast-global-color-5)","background-image":"","background-repeat":"repeat","background-position":"center center","background-size":"auto","background-attachment":"scroll","background-type":"","background-media":"","overlay-type":"","overlay-color":"","overlay-opacity":"","overlay-gradient":""},"tablet":{"background-color":"","background-image":"","background-repeat":"repeat","background-position":"center center","background-size":"auto","background-attachment":"scroll","background-type":"","background-media":"","overlay-type":"","overlay-color":"","overlay-opacity":"","overlay-gradient":""},"mobile":{"background-color":"","background-image":"","background-repeat":"repeat","background-position":"center center","background-size":"auto","background-attachment":"scroll","background-type":"","background-media":"","overlay-type":"","overlay-color":"","overlay-opacity":"","overlay-gradient":""}},"ast-content-background-meta":{"desktop":{"background-color":"var(--ast-global-color-4)","background-image":"","background-repeat":"repeat","background-position":"center center","background-size":"auto","background-attachment":"scroll","background-type":"","background-media":"","overlay-type":"","overlay-color":"","overlay-opacity":"","overlay-gradient":""},"tablet":{"background-color":"var(--ast-global-color-4)","background-image":"","background-repeat":"repeat","background-position":"center center","background-size":"auto","background-attachment":"scroll","background-type":"","background-media":"","overlay-type":"","overlay-color":"","overlay-opacity":"","overlay-gradient":""},"mobile":{"background-color":"var(--ast-global-color-4)","background-image":"","background-repeat":"repeat","background-position":"center center","background-size":"auto","background-attachment":"scroll","background-type":"","background-media":"","overlay-type":"","overlay-color":"","overlay-opacity":"","overlay-gradient":""}}},"product_brand":[],"product_cat":[78,79,20],"product_tag":[],"class_list":{"0":"post-8457","1":"product","2":"type-product","3":"status-publish","4":"has-post-thumbnail","6":"product_cat-funeraires","7":"product_cat-inter-funeraire","8":"product_cat-professionnels","9":"desktop-align-left","10":"tablet-align-left","11":"mobile-align-left","13":"first","14":"instock","15":"shipping-taxable","16":"purchasable","17":"product-type-simple"},"_links":{"self":[{"href":"https:\/\/woo.apylaser.com\/index.php?rest_route=\/wp\/v2\/product\/8457","targetHints":{"allow":["GET"]}}],"collection":[{"href":"https:\/\/woo.apylaser.com\/index.php?rest_route=\/wp\/v2\/product"}],"about":[{"href":"https:\/\/woo.apylaser.com\/index.php?rest_route=\/wp\/v2\/types\/product"}],"replies":[{"embeddable":true,"href":"https:\/\/woo.apylaser.com\/index.php?rest_route=%2Fwp%2Fv2%2Fcomments&post=8457"}],"wp:featuredmedia":[{"embeddable":true,"href":"https:\/\/woo.apylaser.com\/index.php?rest_route=\/wp\/v2\/media\/6494"}],"wp:attachment":[{"href":"https:\/\/woo.apylaser.com\/index.php?rest_route=%2Fwp%2Fv2%2Fmedia&parent=8457"}],"wp:term":[{"taxonomy":"product_brand","embeddable":true,"href":"https:\/\/woo.apylaser.com\/index.php?rest_route=%2Fwp%2Fv2%2Fproduct_brand&post=8457"},{"taxonomy":"product_cat","embeddable":true,"href":"https:\/\/woo.apylaser.com\/index.php?rest_route=%2Fwp%2Fv2%2Fproduct_cat&post=8457"},{"taxonomy":"product_tag","embeddable":true,"href":"https:\/\/woo.apylaser.com\/index.php?rest_route=%2Fwp%2Fv2%2Fproduct_tag&post=8457"}],"curies":[{"name":"wp","href":"https:\/\/api.w.org\/{rel}","templated":true}]}}