{"id":8468,"date":"2026-04-20T16:34:45","date_gmt":"2026-04-20T16:34:45","guid":{"rendered":"http:\/\/woo.apylaser.com\/?post_type=product&#038;p=8468"},"modified":"2026-04-20T16:48:04","modified_gmt":"2026-04-20T16:48:04","slug":"boule-de-noel-noeud-chevreuil-a-personnaliser","status":"publish","type":"product","link":"https:\/\/woo.apylaser.com\/?product=boule-de-noel-noeud-chevreuil-a-personnaliser","title":{"rendered":"Boule de no\u00ebl noeud chevreuil \u00e0 personnaliser"},"content":{"rendered":"<p>Cette boule de no\u00ebl n\u0153ud est \u00e0 personnaliser<\/p>\n<p>Largeur : 8 cm<\/p>\n<p>Hauteur : 8,5 cm<\/p>\n<p>Epaisseur du bois : 3 mm<\/p>\n<p>Mati\u00e8re : MDF<\/p>\n<p>Vous pouvez personnaliser cette d\u00e9coration en y ajoutant un pr\u00e9nom en vinyle, en flex ou avec un feutre par exemple, beaucoup de possibilit\u00e9s de personnalisation avec ces supports<\/p>\n<p>Cette mati\u00e8re mdf se peint facilement si vous le souhaitez<\/p>\n<p>Cette boule de no\u00ebl fera partie de vos souvenirs \u00e0 garder pr\u00e9cieusement, un cadeau \u00e0 offrir ou \u00e0 s&rsquo;offrir pour mettre dans le sapin de no\u00ebl<\/p>\n<p>Si vous souhaitez une taille n&rsquo;h\u00e9sitez pas \u00e0 nous envoyer un message<\/p>\n","protected":false},"excerpt":{"rendered":"<p>Boule de no\u00ebl \u00e0 personnaliser d\u00e9coup\u00e9e au laser<\/p>\n<p>Les mod\u00e8les sont des exclusivit\u00e9s APY Laser les fichiers sont con\u00e7us \u00e0 l&rsquo;atelier<\/p>\n","protected":false},"featured_media":6520,"comment_status":"open","ping_status":"closed","template":"","meta":{"site-sidebar-layout":"default","site-content-layout":"","ast-site-content-layout":"default","site-content-style":"default","site-sidebar-style":"default","ast-global-header-display":"","ast-banner-title-visibility":"","ast-main-header-display":"","ast-hfb-above-header-display":"","ast-hfb-below-header-display":"","ast-hfb-mobile-header-display":"","site-post-title":"","ast-breadcrumbs-content":"","ast-featured-img":"","footer-sml-layout":"","ast-disable-related-posts":"","theme-transparent-header-meta":"","adv-header-id-meta":"","stick-header-meta":"","header-above-stick-meta":"","header-main-stick-meta":"","header-below-stick-meta":"","astra-migrate-meta-layouts":"default","ast-page-background-enabled":"default","ast-page-background-meta":{"desktop":{"background-color":"var(--ast-global-color-5)","background-image":"","background-repeat":"repeat","background-position":"center center","background-size":"auto","background-attachment":"scroll","background-type":"","background-media":"","overlay-type":"","overlay-color":"","overlay-opacity":"","overlay-gradient":""},"tablet":{"background-color":"","background-image":"","background-repeat":"repeat","background-position":"center center","background-size":"auto","background-attachment":"scroll","background-type":"","background-media":"","overlay-type":"","overlay-color":"","overlay-opacity":"","overlay-gradient":""},"mobile":{"background-color":"","background-image":"","background-repeat":"repeat","background-position":"center center","background-size":"auto","background-attachment":"scroll","background-type":"","background-media":"","overlay-type":"","overlay-color":"","overlay-opacity":"","overlay-gradient":""}},"ast-content-background-meta":{"desktop":{"background-color":"var(--ast-global-color-4)","background-image":"","background-repeat":"repeat","background-position":"center center","background-size":"auto","background-attachment":"scroll","background-type":"","background-media":"","overlay-type":"","overlay-color":"","overlay-opacity":"","overlay-gradient":""},"tablet":{"background-color":"var(--ast-global-color-4)","background-image":"","background-repeat":"repeat","background-position":"center center","background-size":"auto","background-attachment":"scroll","background-type":"","background-media":"","overlay-type":"","overlay-color":"","overlay-opacity":"","overlay-gradient":""},"mobile":{"background-color":"var(--ast-global-color-4)","background-image":"","background-repeat":"repeat","background-position":"center center","background-size":"auto","background-attachment":"scroll","background-type":"","background-media":"","overlay-type":"","overlay-color":"","overlay-opacity":"","overlay-gradient":""}}},"product_brand":[],"product_cat":[55,56,62,63],"product_tag":[],"class_list":{"0":"post-8468","1":"product","2":"type-product","3":"status-publish","4":"has-post-thumbnail","6":"product_cat-decorations-evenements","7":"product_cat-formes-a-personnaliser","8":"product_cat-formes-fetes-boules-noel","9":"product_cat-paques","10":"desktop-align-left","11":"tablet-align-left","12":"mobile-align-left","14":"first","15":"instock","16":"shipping-taxable","17":"purchasable","18":"product-type-simple"},"_links":{"self":[{"href":"https:\/\/woo.apylaser.com\/index.php?rest_route=\/wp\/v2\/product\/8468","targetHints":{"allow":["GET"]}}],"collection":[{"href":"https:\/\/woo.apylaser.com\/index.php?rest_route=\/wp\/v2\/product"}],"about":[{"href":"https:\/\/woo.apylaser.com\/index.php?rest_route=\/wp\/v2\/types\/product"}],"replies":[{"embeddable":true,"href":"https:\/\/woo.apylaser.com\/index.php?rest_route=%2Fwp%2Fv2%2Fcomments&post=8468"}],"wp:featuredmedia":[{"embeddable":true,"href":"https:\/\/woo.apylaser.com\/index.php?rest_route=\/wp\/v2\/media\/6520"}],"wp:attachment":[{"href":"https:\/\/woo.apylaser.com\/index.php?rest_route=%2Fwp%2Fv2%2Fmedia&parent=8468"}],"wp:term":[{"taxonomy":"product_brand","embeddable":true,"href":"https:\/\/woo.apylaser.com\/index.php?rest_route=%2Fwp%2Fv2%2Fproduct_brand&post=8468"},{"taxonomy":"product_cat","embeddable":true,"href":"https:\/\/woo.apylaser.com\/index.php?rest_route=%2Fwp%2Fv2%2Fproduct_cat&post=8468"},{"taxonomy":"product_tag","embeddable":true,"href":"https:\/\/woo.apylaser.com\/index.php?rest_route=%2Fwp%2Fv2%2Fproduct_tag&post=8468"}],"curies":[{"name":"wp","href":"https:\/\/api.w.org\/{rel}","templated":true}]}}