{"id":8501,"date":"2026-04-20T16:35:13","date_gmt":"2026-04-20T16:35:13","guid":{"rendered":"http:\/\/woo.apylaser.com\/?post_type=product&#038;p=8501"},"modified":"2026-04-20T16:48:04","modified_gmt":"2026-04-20T16:48:04","slug":"decoupe-ourson-pour-support-telephone-vectoriel-cdr-ai-dxf-svg","status":"publish","type":"product","link":"https:\/\/woo.apylaser.com\/?product=decoupe-ourson-pour-support-telephone-vectoriel-cdr-ai-dxf-svg","title":{"rendered":"D\u00e9coupe ourson pour support t\u00e9l\u00e9phone vectoriel (cdr, ai, dxf, svg)"},"content":{"rendered":"<p>Cette d\u00e9coupe ourson est un fichier vectoriel<\/p>\n<p>Il s&rsquo;adapte au support de t\u00e9l\u00e9phone en plexiglas disponible sur la boutique <a href=\"https:\/\/apylaser.com\/presentoirs-et-marques-places\/874-presentoir-ourson-avec-socle-plexiglas.html\">en cliquant ici<\/a><\/p>\n<p>Il est sous format cdr, ai, dxf, svg<\/p>\n<p>Vous pouvez les utiliser sur coreldraw, illustrator, photofiltre, gimp, inskape &#8230;&#8230;<\/p>\n<p>Une fois votre commande valid\u00e9e et pay\u00e9e, un email automatique vous sera envoy\u00e9 avec un lien de t\u00e9l\u00e9chargement<\/p>\n<p>Le fichier sera sous format zipp\u00e9, il vous suffira de le d\u00e9zipper pour avoir le fichier sous ces 4 formats<\/p>\n<p>La couleur est en rgb<\/p>\n<p>Les fichiers sont test\u00e9s en gravure et d\u00e9coupe aucunes modifications n&rsquo;est \u00e0 pr\u00e9voir sur la qualit\u00e9 du fichier<\/p>\n<p>Il ne vous reste plus qu&rsquo;a les d\u00e9couper, graver au laser sur du bois, du plexiglas, du verre, du li\u00e8ge, du m\u00e9tal&#8230;.ou sur votre plotter de d\u00e9couper dans du flex, \u00e0 lancer en impression sur une imprimante classique comme sur une imprimante \u00e0 sublimation pour agr\u00e9menter des tasses, des dessous de plats, des cadres&#8230;..<\/p>\n<p>Le filigrane APY Laser bien sur n&rsquo;est pas pr\u00e9sent sur les fichiers c&rsquo;est juste pour la pr\u00e9sentation des fichiers sur le site<\/p>\n<p>Tous les fichiers sont con\u00e7us et test\u00e9s sur machine laser chez APY Laser, merci de respecter mon travail et de ne pas partager ce fichier il vous est uniquement r\u00e9serv\u00e9<\/p><\/p>\n","protected":false},"excerpt":{"rendered":"<p>Fichier \u00e0 t\u00e9l\u00e9charger en format cdr, ai, dxf et svg<\/p>\n<p>Pour d\u00e9coupe et gravure au laser, plotter de d\u00e9coupe ou \u00e0 imprimer jet d&rsquo;encre, laser, sublimation&#8230;<\/p>\n","protected":false},"featured_media":6551,"comment_status":"open","ping_status":"closed","template":"","meta":{"site-sidebar-layout":"default","site-content-layout":"","ast-site-content-layout":"default","site-content-style":"default","site-sidebar-style":"default","ast-global-header-display":"","ast-banner-title-visibility":"","ast-main-header-display":"","ast-hfb-above-header-display":"","ast-hfb-below-header-display":"","ast-hfb-mobile-header-display":"","site-post-title":"","ast-breadcrumbs-content":"","ast-featured-img":"","footer-sml-layout":"","ast-disable-related-posts":"","theme-transparent-header-meta":"","adv-header-id-meta":"","stick-header-meta":"","header-above-stick-meta":"","header-main-stick-meta":"","header-below-stick-meta":"","astra-migrate-meta-layouts":"default","ast-page-background-enabled":"default","ast-page-background-meta":{"desktop":{"background-color":"var(--ast-global-color-5)","background-image":"","background-repeat":"repeat","background-position":"center center","background-size":"auto","background-attachment":"scroll","background-type":"","background-media":"","overlay-type":"","overlay-color":"","overlay-opacity":"","overlay-gradient":""},"tablet":{"background-color":"","background-image":"","background-repeat":"repeat","background-position":"center center","background-size":"auto","background-attachment":"scroll","background-type":"","background-media":"","overlay-type":"","overlay-color":"","overlay-opacity":"","overlay-gradient":""},"mobile":{"background-color":"","background-image":"","background-repeat":"repeat","background-position":"center center","background-size":"auto","background-attachment":"scroll","background-type":"","background-media":"","overlay-type":"","overlay-color":"","overlay-opacity":"","overlay-gradient":""}},"ast-content-background-meta":{"desktop":{"background-color":"var(--ast-global-color-4)","background-image":"","background-repeat":"repeat","background-position":"center center","background-size":"auto","background-attachment":"scroll","background-type":"","background-media":"","overlay-type":"","overlay-color":"","overlay-opacity":"","overlay-gradient":""},"tablet":{"background-color":"var(--ast-global-color-4)","background-image":"","background-repeat":"repeat","background-position":"center center","background-size":"auto","background-attachment":"scroll","background-type":"","background-media":"","overlay-type":"","overlay-color":"","overlay-opacity":"","overlay-gradient":""},"mobile":{"background-color":"var(--ast-global-color-4)","background-image":"","background-repeat":"repeat","background-position":"center center","background-size":"auto","background-attachment":"scroll","background-type":"","background-media":"","overlay-type":"","overlay-color":"","overlay-opacity":"","overlay-gradient":""}}},"product_brand":[],"product_cat":[18,48,49],"product_tag":[],"class_list":{"0":"post-8501","1":"product","2":"type-product","3":"status-publish","4":"has-post-thumbnail","6":"product_cat-a-personnaliser-et-nos-creations","7":"product_cat-fichiers-a-telecharger-pour-laser","8":"product_cat-plotter-de-decoupe","9":"desktop-align-left","10":"tablet-align-left","11":"mobile-align-left","13":"first","14":"instock","15":"shipping-taxable","16":"purchasable","17":"product-type-simple"},"_links":{"self":[{"href":"https:\/\/woo.apylaser.com\/index.php?rest_route=\/wp\/v2\/product\/8501","targetHints":{"allow":["GET"]}}],"collection":[{"href":"https:\/\/woo.apylaser.com\/index.php?rest_route=\/wp\/v2\/product"}],"about":[{"href":"https:\/\/woo.apylaser.com\/index.php?rest_route=\/wp\/v2\/types\/product"}],"replies":[{"embeddable":true,"href":"https:\/\/woo.apylaser.com\/index.php?rest_route=%2Fwp%2Fv2%2Fcomments&post=8501"}],"wp:featuredmedia":[{"embeddable":true,"href":"https:\/\/woo.apylaser.com\/index.php?rest_route=\/wp\/v2\/media\/6551"}],"wp:attachment":[{"href":"https:\/\/woo.apylaser.com\/index.php?rest_route=%2Fwp%2Fv2%2Fmedia&parent=8501"}],"wp:term":[{"taxonomy":"product_brand","embeddable":true,"href":"https:\/\/woo.apylaser.com\/index.php?rest_route=%2Fwp%2Fv2%2Fproduct_brand&post=8501"},{"taxonomy":"product_cat","embeddable":true,"href":"https:\/\/woo.apylaser.com\/index.php?rest_route=%2Fwp%2Fv2%2Fproduct_cat&post=8501"},{"taxonomy":"product_tag","embeddable":true,"href":"https:\/\/woo.apylaser.com\/index.php?rest_route=%2Fwp%2Fv2%2Fproduct_tag&post=8501"}],"curies":[{"name":"wp","href":"https:\/\/api.w.org\/{rel}","templated":true}]}}