{"id":8525,"date":"2026-04-20T16:35:30","date_gmt":"2026-04-20T16:35:30","guid":{"rendered":"http:\/\/woo.apylaser.com\/?post_type=product&#038;p=8525"},"modified":"2026-04-20T16:48:05","modified_gmt":"2026-04-20T16:48:05","slug":"gabarit-double-rond-et-pointe-macrame-plexiglas-divers-options","status":"publish","type":"product","link":"https:\/\/woo.apylaser.com\/?product=gabarit-double-rond-et-pointe-macrame-plexiglas-divers-options","title":{"rendered":"Gabarit double rond et pointe macram\u00e9 plexiglas (divers options)"},"content":{"rendered":"<p>Gabarit double rond et pointe pour macram\u00e9<\/p>\n<p>Hauteur : 8,7 cm<\/p>\n<p>Largeur : 4 cm<\/p>\n<p>Epaisseur : 2 mm<\/p>\n<p>Mati\u00e8re : plexiglas<\/p>\n<p>Ce gabarit sera votre alli\u00e9 pour la cr\u00e9ation de formes arrondies et pointues en macram\u00e9 comme pour les boucles d&rsquo;oreilles dans cette dimension<\/p>\n<p>IL permettra d&rsquo;avoir toujours de la m\u00eame taille et proportionnel<\/p>\n<p>Le fait d&rsquo;utiliser un plexiglas transparent vous permet de voir si le milieu est bien centr\u00e9 et \u00e9galement de les laver si la colle pour fixer votre fil se transfert sur le plexiglas<\/p>\n<p>Il vous suffit de passer un cutter rotatif tout autour pour avoir une jolie forme<\/p>\n<p>A utiliser sur votre feuille une fois que vous aurez fix\u00e9 votre corde avec un spray, une colle&#8230;. c&rsquo;est ainsi que vous aurez le meilleur r\u00e9sultat<\/p>\n<p>Si vous souhaitez des tailles diff\u00e9rentes n&rsquo;h\u00e9sitez pas \u00e0 nous envoyer un message pour un devis<\/p>\n","protected":false},"excerpt":{"rendered":"<p>Gabarit double rond et pointe macram\u00e9 plexiglas<\/p>\n","protected":false},"featured_media":6747,"comment_status":"open","ping_status":"closed","template":"","meta":{"site-sidebar-layout":"default","site-content-layout":"","ast-site-content-layout":"default","site-content-style":"default","site-sidebar-style":"default","ast-global-header-display":"","ast-banner-title-visibility":"","ast-main-header-display":"","ast-hfb-above-header-display":"","ast-hfb-below-header-display":"","ast-hfb-mobile-header-display":"","site-post-title":"","ast-breadcrumbs-content":"","ast-featured-img":"","footer-sml-layout":"","ast-disable-related-posts":"","theme-transparent-header-meta":"","adv-header-id-meta":"","stick-header-meta":"","header-above-stick-meta":"","header-main-stick-meta":"","header-below-stick-meta":"","astra-migrate-meta-layouts":"default","ast-page-background-enabled":"default","ast-page-background-meta":{"desktop":{"background-color":"var(--ast-global-color-5)","background-image":"","background-repeat":"repeat","background-position":"center center","background-size":"auto","background-attachment":"scroll","background-type":"","background-media":"","overlay-type":"","overlay-color":"","overlay-opacity":"","overlay-gradient":""},"tablet":{"background-color":"","background-image":"","background-repeat":"repeat","background-position":"center center","background-size":"auto","background-attachment":"scroll","background-type":"","background-media":"","overlay-type":"","overlay-color":"","overlay-opacity":"","overlay-gradient":""},"mobile":{"background-color":"","background-image":"","background-repeat":"repeat","background-position":"center center","background-size":"auto","background-attachment":"scroll","background-type":"","background-media":"","overlay-type":"","overlay-color":"","overlay-opacity":"","overlay-gradient":""}},"ast-content-background-meta":{"desktop":{"background-color":"var(--ast-global-color-4)","background-image":"","background-repeat":"repeat","background-position":"center center","background-size":"auto","background-attachment":"scroll","background-type":"","background-media":"","overlay-type":"","overlay-color":"","overlay-opacity":"","overlay-gradient":""},"tablet":{"background-color":"var(--ast-global-color-4)","background-image":"","background-repeat":"repeat","background-position":"center center","background-size":"auto","background-attachment":"scroll","background-type":"","background-media":"","overlay-type":"","overlay-color":"","overlay-opacity":"","overlay-gradient":""},"mobile":{"background-color":"var(--ast-global-color-4)","background-image":"","background-repeat":"repeat","background-position":"center center","background-size":"auto","background-attachment":"scroll","background-type":"","background-media":"","overlay-type":"","overlay-color":"","overlay-opacity":"","overlay-gradient":""}}},"product_brand":[],"product_cat":[18,34,75],"product_tag":[],"class_list":{"0":"post-8525","1":"product","2":"type-product","3":"status-publish","4":"has-post-thumbnail","6":"product_cat-a-personnaliser-et-nos-creations","7":"product_cat-decoration-interieur","8":"product_cat-supports-macrame-et-accessoires","9":"desktop-align-left","10":"tablet-align-left","11":"mobile-align-left","13":"first","14":"instock","15":"shipping-taxable","16":"purchasable","17":"product-type-simple"},"_links":{"self":[{"href":"https:\/\/woo.apylaser.com\/index.php?rest_route=\/wp\/v2\/product\/8525","targetHints":{"allow":["GET"]}}],"collection":[{"href":"https:\/\/woo.apylaser.com\/index.php?rest_route=\/wp\/v2\/product"}],"about":[{"href":"https:\/\/woo.apylaser.com\/index.php?rest_route=\/wp\/v2\/types\/product"}],"replies":[{"embeddable":true,"href":"https:\/\/woo.apylaser.com\/index.php?rest_route=%2Fwp%2Fv2%2Fcomments&post=8525"}],"wp:featuredmedia":[{"embeddable":true,"href":"https:\/\/woo.apylaser.com\/index.php?rest_route=\/wp\/v2\/media\/6747"}],"wp:attachment":[{"href":"https:\/\/woo.apylaser.com\/index.php?rest_route=%2Fwp%2Fv2%2Fmedia&parent=8525"}],"wp:term":[{"taxonomy":"product_brand","embeddable":true,"href":"https:\/\/woo.apylaser.com\/index.php?rest_route=%2Fwp%2Fv2%2Fproduct_brand&post=8525"},{"taxonomy":"product_cat","embeddable":true,"href":"https:\/\/woo.apylaser.com\/index.php?rest_route=%2Fwp%2Fv2%2Fproduct_cat&post=8525"},{"taxonomy":"product_tag","embeddable":true,"href":"https:\/\/woo.apylaser.com\/index.php?rest_route=%2Fwp%2Fv2%2Fproduct_tag&post=8525"}],"curies":[{"name":"wp","href":"https:\/\/api.w.org\/{rel}","templated":true}]}}