{"id":8552,"date":"2026-04-20T16:35:40","date_gmt":"2026-04-20T16:35:40","guid":{"rendered":"http:\/\/woo.apylaser.com\/?post_type=product&#038;p=8552"},"modified":"2026-04-20T16:48:06","modified_gmt":"2026-04-20T16:48:06","slug":"presentoir-rectangle-avec-socle-plexiglas-39cm-28cm","status":"publish","type":"product","link":"https:\/\/woo.apylaser.com\/?product=presentoir-rectangle-avec-socle-plexiglas-39cm-28cm","title":{"rendered":"Pr\u00e9sentoir rectangle avec socle plexiglas 39cm\/28cm"},"content":{"rendered":"<p>Pr\u00e9sentoir plexiglas \u00e0 personnaliser<\/p>\n<p>Taille de la plaque du pr\u00e9sentoir<\/p>\n<p>Hauteur : 39 cm<\/p>\n<p>Largeur : 28 cm<\/p>\n<p>Taille de la plaque du socle :<\/p>\n<p>Longueur : 28 cm<\/p>\n<p>Largeur : 5 cm<\/p>\n<p>Quantit\u00e9 : 1 pi\u00e8ce<\/p>\n<p>Cet pr\u00e9sentoir rectangulaire en plexiglas est \u00e0 personnaliser avec du vinyle, de la peinture, des paillettes, de la r\u00e9sine&#8230;<\/p>\n<p>Il est en 2 parties avec la plaque du dessus qui vient se mettre dans l&rsquo;encoche sur celle du socle<\/p>\n<p>Le plexiglas est une mati\u00e8re qui est agr\u00e9able \u00e0 travailler et donne de tr\u00e8s jolis r\u00e9sultats<\/p>\n<p>Si vous souhaitez une taille, une forme diff\u00e9rente n&rsquo;h\u00e9sitez pas \u00e0 nous envoyer un message pour un devis<\/p>\n<p><strong>Pr\u00e9sentoir Rectangle en Plexiglas \u2013 Design Moderne et R\u00e9sistant<\/strong><\/p>\n<p>Ce <strong>pr\u00e9sentoir rectangle en plexiglas <\/strong>est con\u00e7u pour offrir <strong>visibilit\u00e9 et \u00e9l\u00e9gance<\/strong>.<\/p>\n<p>Son design \u00e9pur\u00e9 et sa transparence en font un accessoire incontournable pour les commerces, bureaux, salons ou \u00e9v\u00e9nements.<\/p>\n<p>Fabriqu\u00e9 en <strong>plexiglas acrylique haute qualit\u00e9<\/strong>, il est \u00e0 la fois <strong>l\u00e9ger, r\u00e9sistant et facile \u00e0 entretenir<\/strong>.<\/p>\n<p>Sa forme rectangulaire assure une <strong>stabilit\u00e9 optimale<\/strong> et s\u2019adapte \u00e0 tous les espaces professionnels.<\/p>\n<p>Disponible en diff\u00e9rentes tailles sur la boutique en ligne et coloris, ce pr\u00e9sentoir est personnalisable pour r\u00e9pondre \u00e0 vos besoins sp\u00e9cifiques.<\/p><\/p>\n","protected":false},"excerpt":{"rendered":"<p>Pr\u00e9sentoir rectangle \u00e0 personnaliser avec du vinyle, de la peinture, des paillettes&#8230;<\/p>\n","protected":false},"featured_media":8570,"comment_status":"open","ping_status":"closed","template":"","meta":{"site-sidebar-layout":"default","site-content-layout":"","ast-site-content-layout":"default","site-content-style":"default","site-sidebar-style":"default","ast-global-header-display":"","ast-banner-title-visibility":"","ast-main-header-display":"","ast-hfb-above-header-display":"","ast-hfb-below-header-display":"","ast-hfb-mobile-header-display":"","site-post-title":"","ast-breadcrumbs-content":"","ast-featured-img":"","footer-sml-layout":"","ast-disable-related-posts":"","theme-transparent-header-meta":"","adv-header-id-meta":"","stick-header-meta":"","header-above-stick-meta":"","header-main-stick-meta":"","header-below-stick-meta":"","astra-migrate-meta-layouts":"default","ast-page-background-enabled":"default","ast-page-background-meta":{"desktop":{"background-color":"var(--ast-global-color-5)","background-image":"","background-repeat":"repeat","background-position":"center center","background-size":"auto","background-attachment":"scroll","background-type":"","background-media":"","overlay-type":"","overlay-color":"","overlay-opacity":"","overlay-gradient":""},"tablet":{"background-color":"","background-image":"","background-repeat":"repeat","background-position":"center center","background-size":"auto","background-attachment":"scroll","background-type":"","background-media":"","overlay-type":"","overlay-color":"","overlay-opacity":"","overlay-gradient":""},"mobile":{"background-color":"","background-image":"","background-repeat":"repeat","background-position":"center center","background-size":"auto","background-attachment":"scroll","background-type":"","background-media":"","overlay-type":"","overlay-color":"","overlay-opacity":"","overlay-gradient":""}},"ast-content-background-meta":{"desktop":{"background-color":"var(--ast-global-color-4)","background-image":"","background-repeat":"repeat","background-position":"center center","background-size":"auto","background-attachment":"scroll","background-type":"","background-media":"","overlay-type":"","overlay-color":"","overlay-opacity":"","overlay-gradient":""},"tablet":{"background-color":"var(--ast-global-color-4)","background-image":"","background-repeat":"repeat","background-position":"center center","background-size":"auto","background-attachment":"scroll","background-type":"","background-media":"","overlay-type":"","overlay-color":"","overlay-opacity":"","overlay-gradient":""},"mobile":{"background-color":"var(--ast-global-color-4)","background-image":"","background-repeat":"repeat","background-position":"center center","background-size":"auto","background-attachment":"scroll","background-type":"","background-media":"","overlay-type":"","overlay-color":"","overlay-opacity":"","overlay-gradient":""}}},"product_brand":[],"product_cat":[18,68,54],"product_tag":[],"class_list":{"0":"post-8552","1":"product","2":"type-product","3":"status-publish","4":"has-post-thumbnail","6":"product_cat-a-personnaliser-et-nos-creations","7":"product_cat-presentoirs-et-marques-places","8":"product_cat-support-a-personnaliser","9":"desktop-align-left","10":"tablet-align-left","11":"mobile-align-left","13":"first","14":"instock","15":"shipping-taxable","16":"purchasable","17":"product-type-simple"},"_links":{"self":[{"href":"https:\/\/woo.apylaser.com\/index.php?rest_route=\/wp\/v2\/product\/8552","targetHints":{"allow":["GET"]}}],"collection":[{"href":"https:\/\/woo.apylaser.com\/index.php?rest_route=\/wp\/v2\/product"}],"about":[{"href":"https:\/\/woo.apylaser.com\/index.php?rest_route=\/wp\/v2\/types\/product"}],"replies":[{"embeddable":true,"href":"https:\/\/woo.apylaser.com\/index.php?rest_route=%2Fwp%2Fv2%2Fcomments&post=8552"}],"wp:featuredmedia":[{"embeddable":true,"href":"https:\/\/woo.apylaser.com\/index.php?rest_route=\/wp\/v2\/media\/8570"}],"wp:attachment":[{"href":"https:\/\/woo.apylaser.com\/index.php?rest_route=%2Fwp%2Fv2%2Fmedia&parent=8552"}],"wp:term":[{"taxonomy":"product_brand","embeddable":true,"href":"https:\/\/woo.apylaser.com\/index.php?rest_route=%2Fwp%2Fv2%2Fproduct_brand&post=8552"},{"taxonomy":"product_cat","embeddable":true,"href":"https:\/\/woo.apylaser.com\/index.php?rest_route=%2Fwp%2Fv2%2Fproduct_cat&post=8552"},{"taxonomy":"product_tag","embeddable":true,"href":"https:\/\/woo.apylaser.com\/index.php?rest_route=%2Fwp%2Fv2%2Fproduct_tag&post=8552"}],"curies":[{"name":"wp","href":"https:\/\/api.w.org\/{rel}","templated":true}]}}