{"id":8611,"date":"2026-04-20T16:36:14","date_gmt":"2026-04-20T16:36:14","guid":{"rendered":"http:\/\/woo.apylaser.com\/?post_type=product&#038;p=8611"},"modified":"2026-04-20T16:48:07","modified_gmt":"2026-04-20T16:48:07","slug":"gabarit-plaque-rectangle-haut-arrondi-vectoriel-cdr-ai-dxf-svg","status":"publish","type":"product","link":"https:\/\/woo.apylaser.com\/?product=gabarit-plaque-rectangle-haut-arrondi-vectoriel-cdr-ai-dxf-svg","title":{"rendered":"Gabarit plaque rectangle haut arrondi vectoriel (cdr, ai, dxf, svg)"},"content":{"rendered":"<p>Ce gabarit permet de cr\u00e9er des plaques rectangle haut arrondi est un fichier vectoriel<\/p>\n<p>Il est sous format cdr, ai, dxf, svg<\/p>\n<p>Vous pouvez les utiliser sur coreldraw, illustrator, photofiltre, gimp, inskape, silhouette, cricut &#8230;&#8230;<\/p>\n<p>Une fois votre commande valid\u00e9e et pay\u00e9e, un email automatique vous sera envoy\u00e9 avec un lien de t\u00e9l\u00e9chargement<\/p>\n<p>Le fichier sera sous format zipp\u00e9, il vous suffira de le d\u00e9zipper pour avoir le fichier sous ces 4 formats<\/p>\n<p>le fichier est en couleur rouge rgb pour la d\u00e9coupe laser<\/p>\n<p>Les tailles du gabarit<\/p>\n<p>39x59cm; 28x39cm; 20x25cm; 14x20xm;13x18cm;10x13cm; 8x10cm<\/p>\n<p>Les fichiers sont test\u00e9s en gravure et d\u00e9coupe aucunes modifications n&rsquo;est \u00e0 pr\u00e9voir sur la qualit\u00e9 du fichier<\/p>\n<p>Il ne vous reste plus qu&rsquo;\u00e0 le d\u00e9couper sur du bois, du plexiglas, du contre-plaqu\u00e9, vynil&#8230;.<\/p>\n<p>Le filigrane APY Laser bien sur n&rsquo;est pas pr\u00e9sent sur les fichiers c&rsquo;est juste pour la pr\u00e9sentation des fichiers sur le site<\/p>\n<p>Tous les fichiers sont con\u00e7us et test\u00e9s sur machine laser chez APY Laser, merci de respecter mon travail et de ne pas partager ce fichier il vous est uniquement r\u00e9serv\u00e9<\/p>\n<p>Si vous souhaitez une forme ou taille diff\u00e9rentes, n&rsquo;h\u00e9sitez pas \u00e0 nous contacter pour un devis<\/p><\/p>\n","protected":false},"excerpt":{"rendered":"<p>Fichier \u00e0 t\u00e9l\u00e9charger en format cdr, ai, dxf et svg<\/p>\n<p>Pour d\u00e9coupe laser, cnc, plotter de d\u00e9coupe&#8230;<\/p>\n<p>Fichier \u00e9labor\u00e9, con\u00e7u et test\u00e9 par apy laser<\/p>\n","protected":false},"featured_media":6709,"comment_status":"open","ping_status":"closed","template":"","meta":{"site-sidebar-layout":"default","site-content-layout":"","ast-site-content-layout":"default","site-content-style":"default","site-sidebar-style":"default","ast-global-header-display":"","ast-banner-title-visibility":"","ast-main-header-display":"","ast-hfb-above-header-display":"","ast-hfb-below-header-display":"","ast-hfb-mobile-header-display":"","site-post-title":"","ast-breadcrumbs-content":"","ast-featured-img":"","footer-sml-layout":"","ast-disable-related-posts":"","theme-transparent-header-meta":"","adv-header-id-meta":"","stick-header-meta":"","header-above-stick-meta":"","header-main-stick-meta":"","header-below-stick-meta":"","astra-migrate-meta-layouts":"default","ast-page-background-enabled":"default","ast-page-background-meta":{"desktop":{"background-color":"var(--ast-global-color-5)","background-image":"","background-repeat":"repeat","background-position":"center center","background-size":"auto","background-attachment":"scroll","background-type":"","background-media":"","overlay-type":"","overlay-color":"","overlay-opacity":"","overlay-gradient":""},"tablet":{"background-color":"","background-image":"","background-repeat":"repeat","background-position":"center center","background-size":"auto","background-attachment":"scroll","background-type":"","background-media":"","overlay-type":"","overlay-color":"","overlay-opacity":"","overlay-gradient":""},"mobile":{"background-color":"","background-image":"","background-repeat":"repeat","background-position":"center center","background-size":"auto","background-attachment":"scroll","background-type":"","background-media":"","overlay-type":"","overlay-color":"","overlay-opacity":"","overlay-gradient":""}},"ast-content-background-meta":{"desktop":{"background-color":"var(--ast-global-color-4)","background-image":"","background-repeat":"repeat","background-position":"center center","background-size":"auto","background-attachment":"scroll","background-type":"","background-media":"","overlay-type":"","overlay-color":"","overlay-opacity":"","overlay-gradient":""},"tablet":{"background-color":"var(--ast-global-color-4)","background-image":"","background-repeat":"repeat","background-position":"center center","background-size":"auto","background-attachment":"scroll","background-type":"","background-media":"","overlay-type":"","overlay-color":"","overlay-opacity":"","overlay-gradient":""},"mobile":{"background-color":"var(--ast-global-color-4)","background-image":"","background-repeat":"repeat","background-position":"center center","background-size":"auto","background-attachment":"scroll","background-type":"","background-media":"","overlay-type":"","overlay-color":"","overlay-opacity":"","overlay-gradient":""}}},"product_brand":[],"product_cat":[18,48,49],"product_tag":[],"class_list":{"0":"post-8611","1":"product","2":"type-product","3":"status-publish","4":"has-post-thumbnail","6":"product_cat-a-personnaliser-et-nos-creations","7":"product_cat-fichiers-a-telecharger-pour-laser","8":"product_cat-plotter-de-decoupe","9":"desktop-align-left","10":"tablet-align-left","11":"mobile-align-left","13":"first","14":"instock","15":"shipping-taxable","16":"purchasable","17":"product-type-simple"},"_links":{"self":[{"href":"https:\/\/woo.apylaser.com\/index.php?rest_route=\/wp\/v2\/product\/8611","targetHints":{"allow":["GET"]}}],"collection":[{"href":"https:\/\/woo.apylaser.com\/index.php?rest_route=\/wp\/v2\/product"}],"about":[{"href":"https:\/\/woo.apylaser.com\/index.php?rest_route=\/wp\/v2\/types\/product"}],"replies":[{"embeddable":true,"href":"https:\/\/woo.apylaser.com\/index.php?rest_route=%2Fwp%2Fv2%2Fcomments&post=8611"}],"wp:featuredmedia":[{"embeddable":true,"href":"https:\/\/woo.apylaser.com\/index.php?rest_route=\/wp\/v2\/media\/6709"}],"wp:attachment":[{"href":"https:\/\/woo.apylaser.com\/index.php?rest_route=%2Fwp%2Fv2%2Fmedia&parent=8611"}],"wp:term":[{"taxonomy":"product_brand","embeddable":true,"href":"https:\/\/woo.apylaser.com\/index.php?rest_route=%2Fwp%2Fv2%2Fproduct_brand&post=8611"},{"taxonomy":"product_cat","embeddable":true,"href":"https:\/\/woo.apylaser.com\/index.php?rest_route=%2Fwp%2Fv2%2Fproduct_cat&post=8611"},{"taxonomy":"product_tag","embeddable":true,"href":"https:\/\/woo.apylaser.com\/index.php?rest_route=%2Fwp%2Fv2%2Fproduct_tag&post=8611"}],"curies":[{"name":"wp","href":"https:\/\/api.w.org\/{rel}","templated":true}]}}