{"id":8739,"date":"2026-04-20T16:37:00","date_gmt":"2026-04-20T16:37:00","guid":{"rendered":"http:\/\/woo.apylaser.com\/?post_type=product&#038;p=8739"},"modified":"2026-04-20T16:48:11","modified_gmt":"2026-04-20T16:48:11","slug":"plaque-rectangle-arrondi-plexiglas-250mm","status":"publish","type":"product","link":"https:\/\/woo.apylaser.com\/?product=plaque-rectangle-arrondi-plexiglas-250mm","title":{"rendered":"Plaque rectangle arrondi plexiglas 250mm"},"content":{"rendered":"<p>Plaque rectangle arrondi plexiglas \u00e0 personnaliser<\/p>\n<p>Largeur : 16,5 cm<\/p>\n<p>Longueur : 25 cm<\/p>\n<p>Quantit\u00e9 : 1 pi\u00e8ce<\/p>\n<p>Disponible en diff\u00e9rent coloris<\/p>\n<p>transparent givr\u00e9 d&rsquo;un c\u00f4t\u00e9 (pour voir cette couleur <a href=\"https:\/\/www.tiktok.com\/@apylaser\/video\/7167365158929534213?is_from_webapp=1&amp;sender_device=pc&amp;web_id=7169867422781277702\">cliquez ici<\/a>)<\/p>\n<p>Cette plaque en plexiglas est \u00e0 personnaliser avec du vinyle, de la peinture, des paillettes, de la r\u00e9sine, des d\u00e9coupes bois&#8230;<\/p>\n<p>Elle s&rsquo;utilise pour les mariage, bapt\u00eame pour r\u00e9aliser les panneaux de table, d&rsquo;entr\u00e9e avec les pr\u00e9noms des mari\u00e9s et date du mariage par exemple<\/p>\n<p>Le plexiglas est une mati\u00e8re qui est agr\u00e9able \u00e0 travailler et donne de tr\u00e8s jolis r\u00e9sultats<\/p>\n<p>Si vous souhaitez une taille, \u00e9paisseur ou une forme diff\u00e9rente n&rsquo;h\u00e9sitez pas \u00e0 nous envoyer un message pour un devis<\/p>\n","protected":false},"excerpt":{"rendered":"<p>Plaque rectangle arrondi \u00e0 personnaliser avec du vinyle, de la peinture, des paillettes&#8230;<\/p>\n<p><strong>Attention<\/strong> pour le givr\u00e9 opaque choisissez le givr\u00e9 blanc<\/p>\n<p>Sur l&rsquo;image le plexiglas a encore son film de protection mais il est bien transparent brillant<\/p><\/p>\n","protected":false},"featured_media":6862,"comment_status":"open","ping_status":"closed","template":"","meta":{"site-sidebar-layout":"default","site-content-layout":"","ast-site-content-layout":"default","site-content-style":"default","site-sidebar-style":"default","ast-global-header-display":"","ast-banner-title-visibility":"","ast-main-header-display":"","ast-hfb-above-header-display":"","ast-hfb-below-header-display":"","ast-hfb-mobile-header-display":"","site-post-title":"","ast-breadcrumbs-content":"","ast-featured-img":"","footer-sml-layout":"","ast-disable-related-posts":"","theme-transparent-header-meta":"","adv-header-id-meta":"","stick-header-meta":"","header-above-stick-meta":"","header-main-stick-meta":"","header-below-stick-meta":"","astra-migrate-meta-layouts":"default","ast-page-background-enabled":"default","ast-page-background-meta":{"desktop":{"background-color":"var(--ast-global-color-5)","background-image":"","background-repeat":"repeat","background-position":"center center","background-size":"auto","background-attachment":"scroll","background-type":"","background-media":"","overlay-type":"","overlay-color":"","overlay-opacity":"","overlay-gradient":""},"tablet":{"background-color":"","background-image":"","background-repeat":"repeat","background-position":"center center","background-size":"auto","background-attachment":"scroll","background-type":"","background-media":"","overlay-type":"","overlay-color":"","overlay-opacity":"","overlay-gradient":""},"mobile":{"background-color":"","background-image":"","background-repeat":"repeat","background-position":"center center","background-size":"auto","background-attachment":"scroll","background-type":"","background-media":"","overlay-type":"","overlay-color":"","overlay-opacity":"","overlay-gradient":""}},"ast-content-background-meta":{"desktop":{"background-color":"var(--ast-global-color-4)","background-image":"","background-repeat":"repeat","background-position":"center center","background-size":"auto","background-attachment":"scroll","background-type":"","background-media":"","overlay-type":"","overlay-color":"","overlay-opacity":"","overlay-gradient":""},"tablet":{"background-color":"var(--ast-global-color-4)","background-image":"","background-repeat":"repeat","background-position":"center center","background-size":"auto","background-attachment":"scroll","background-type":"","background-media":"","overlay-type":"","overlay-color":"","overlay-opacity":"","overlay-gradient":""},"mobile":{"background-color":"var(--ast-global-color-4)","background-image":"","background-repeat":"repeat","background-position":"center center","background-size":"auto","background-attachment":"scroll","background-type":"","background-media":"","overlay-type":"","overlay-color":"","overlay-opacity":"","overlay-gradient":""}}},"product_brand":[],"product_cat":[56,67],"product_tag":[],"class_list":{"0":"post-8739","1":"product","2":"type-product","3":"status-publish","4":"has-post-thumbnail","6":"product_cat-formes-a-personnaliser","7":"product_cat-formes-rectangles","8":"desktop-align-left","9":"tablet-align-left","10":"mobile-align-left","12":"first","13":"instock","14":"shipping-taxable","15":"purchasable","16":"product-type-simple"},"_links":{"self":[{"href":"https:\/\/woo.apylaser.com\/index.php?rest_route=\/wp\/v2\/product\/8739","targetHints":{"allow":["GET"]}}],"collection":[{"href":"https:\/\/woo.apylaser.com\/index.php?rest_route=\/wp\/v2\/product"}],"about":[{"href":"https:\/\/woo.apylaser.com\/index.php?rest_route=\/wp\/v2\/types\/product"}],"replies":[{"embeddable":true,"href":"https:\/\/woo.apylaser.com\/index.php?rest_route=%2Fwp%2Fv2%2Fcomments&post=8739"}],"wp:featuredmedia":[{"embeddable":true,"href":"https:\/\/woo.apylaser.com\/index.php?rest_route=\/wp\/v2\/media\/6862"}],"wp:attachment":[{"href":"https:\/\/woo.apylaser.com\/index.php?rest_route=%2Fwp%2Fv2%2Fmedia&parent=8739"}],"wp:term":[{"taxonomy":"product_brand","embeddable":true,"href":"https:\/\/woo.apylaser.com\/index.php?rest_route=%2Fwp%2Fv2%2Fproduct_brand&post=8739"},{"taxonomy":"product_cat","embeddable":true,"href":"https:\/\/woo.apylaser.com\/index.php?rest_route=%2Fwp%2Fv2%2Fproduct_cat&post=8739"},{"taxonomy":"product_tag","embeddable":true,"href":"https:\/\/woo.apylaser.com\/index.php?rest_route=%2Fwp%2Fv2%2Fproduct_tag&post=8739"}],"curies":[{"name":"wp","href":"https:\/\/api.w.org\/{rel}","templated":true}]}}