{"id":8746,"date":"2026-04-20T16:37:01","date_gmt":"2026-04-20T16:37:01","guid":{"rendered":"http:\/\/woo.apylaser.com\/?post_type=product&#038;p=8746"},"modified":"2026-04-20T16:48:11","modified_gmt":"2026-04-20T16:48:11","slug":"marque-place-grave-pour-verre-10pieces","status":"publish","type":"product","link":"https:\/\/woo.apylaser.com\/?product=marque-place-grave-pour-verre-10pieces","title":{"rendered":"Marque place grav\u00e9 pour verre (10pi\u00e8ces)"},"content":{"rendered":"<p>Ces marques place sont id\u00e9als pour votre mariage, bapt\u00eame, c\u00e9r\u00e9monie, vous pouvez mettre 1 pr\u00e9nom ou 2 lignes comme sur la photo (table et le num\u00e9ro ou la date de l&rsquo;\u00e9v\u00e8nement)<\/p>\n<p>Attention pas plus de texte ce format ne le permet pas pour un beau rendu<\/p>\n<p>L&rsquo;acrylique miroir donne un tr\u00e8s beau rendu si vous souhaitez le voir en vid\u00e9o <a href=\"https:\/\/www.tiktok.com\/@apylaser\/video\/7384015806851583264?is_from_webapp=1&amp;sender_device=pc&amp;web_id=7169867422781277702\" target=\"_blank\" rel=\"noreferrer noopener\">cliquez ici<\/a><\/p>\n<p>Diam\u00e8tre : 4 cm<\/p>\n<p>Quantit\u00e9 : 10 pi\u00e8ces<\/p>\n<p>Mati\u00e8re : acrylique miroir<\/p>\n<p>Epaisseur : 3 mm<\/p>\n<p>Si vous souhaitez une taille, une forme diff\u00e9rente n&rsquo;h\u00e9sitez pas \u00e0 nous envoyer un message pour un devis<\/p>\n","protected":false},"excerpt":{"rendered":"<p>Ces marques place sont id\u00e9als pour votre mariage, bapt\u00eame, c\u00e9r\u00e9monie, vous pouvez mettre 1 pr\u00e9nom ou 2 lignes comme sur la photo (table et le num\u00e9ro ou la date de l&rsquo;\u00e9v\u00e8nement)<\/p>\n<p>Attention pas plus de texte ce format ne le permet pas pour un beau rendu<\/p>\n","protected":false},"featured_media":6868,"comment_status":"open","ping_status":"closed","template":"","meta":{"site-sidebar-layout":"default","site-content-layout":"","ast-site-content-layout":"default","site-content-style":"default","site-sidebar-style":"default","ast-global-header-display":"","ast-banner-title-visibility":"","ast-main-header-display":"","ast-hfb-above-header-display":"","ast-hfb-below-header-display":"","ast-hfb-mobile-header-display":"","site-post-title":"","ast-breadcrumbs-content":"","ast-featured-img":"","footer-sml-layout":"","ast-disable-related-posts":"","theme-transparent-header-meta":"","adv-header-id-meta":"","stick-header-meta":"","header-above-stick-meta":"","header-main-stick-meta":"","header-below-stick-meta":"","astra-migrate-meta-layouts":"default","ast-page-background-enabled":"default","ast-page-background-meta":{"desktop":{"background-color":"var(--ast-global-color-5)","background-image":"","background-repeat":"repeat","background-position":"center center","background-size":"auto","background-attachment":"scroll","background-type":"","background-media":"","overlay-type":"","overlay-color":"","overlay-opacity":"","overlay-gradient":""},"tablet":{"background-color":"","background-image":"","background-repeat":"repeat","background-position":"center center","background-size":"auto","background-attachment":"scroll","background-type":"","background-media":"","overlay-type":"","overlay-color":"","overlay-opacity":"","overlay-gradient":""},"mobile":{"background-color":"","background-image":"","background-repeat":"repeat","background-position":"center center","background-size":"auto","background-attachment":"scroll","background-type":"","background-media":"","overlay-type":"","overlay-color":"","overlay-opacity":"","overlay-gradient":""}},"ast-content-background-meta":{"desktop":{"background-color":"var(--ast-global-color-4)","background-image":"","background-repeat":"repeat","background-position":"center center","background-size":"auto","background-attachment":"scroll","background-type":"","background-media":"","overlay-type":"","overlay-color":"","overlay-opacity":"","overlay-gradient":""},"tablet":{"background-color":"var(--ast-global-color-4)","background-image":"","background-repeat":"repeat","background-position":"center center","background-size":"auto","background-attachment":"scroll","background-type":"","background-media":"","overlay-type":"","overlay-color":"","overlay-opacity":"","overlay-gradient":""},"mobile":{"background-color":"var(--ast-global-color-4)","background-image":"","background-repeat":"repeat","background-position":"center center","background-size":"auto","background-attachment":"scroll","background-type":"","background-media":"","overlay-type":"","overlay-color":"","overlay-opacity":"","overlay-gradient":""}}},"product_brand":[],"product_cat":[18,68,54],"product_tag":[],"class_list":{"0":"post-8746","1":"product","2":"type-product","3":"status-publish","4":"has-post-thumbnail","6":"product_cat-a-personnaliser-et-nos-creations","7":"product_cat-presentoirs-et-marques-places","8":"product_cat-support-a-personnaliser","9":"desktop-align-left","10":"tablet-align-left","11":"mobile-align-left","13":"first","14":"instock","15":"shipping-taxable","16":"purchasable","17":"product-type-simple"},"_links":{"self":[{"href":"https:\/\/woo.apylaser.com\/index.php?rest_route=\/wp\/v2\/product\/8746","targetHints":{"allow":["GET"]}}],"collection":[{"href":"https:\/\/woo.apylaser.com\/index.php?rest_route=\/wp\/v2\/product"}],"about":[{"href":"https:\/\/woo.apylaser.com\/index.php?rest_route=\/wp\/v2\/types\/product"}],"replies":[{"embeddable":true,"href":"https:\/\/woo.apylaser.com\/index.php?rest_route=%2Fwp%2Fv2%2Fcomments&post=8746"}],"wp:featuredmedia":[{"embeddable":true,"href":"https:\/\/woo.apylaser.com\/index.php?rest_route=\/wp\/v2\/media\/6868"}],"wp:attachment":[{"href":"https:\/\/woo.apylaser.com\/index.php?rest_route=%2Fwp%2Fv2%2Fmedia&parent=8746"}],"wp:term":[{"taxonomy":"product_brand","embeddable":true,"href":"https:\/\/woo.apylaser.com\/index.php?rest_route=%2Fwp%2Fv2%2Fproduct_brand&post=8746"},{"taxonomy":"product_cat","embeddable":true,"href":"https:\/\/woo.apylaser.com\/index.php?rest_route=%2Fwp%2Fv2%2Fproduct_cat&post=8746"},{"taxonomy":"product_tag","embeddable":true,"href":"https:\/\/woo.apylaser.com\/index.php?rest_route=%2Fwp%2Fv2%2Fproduct_tag&post=8746"}],"curies":[{"name":"wp","href":"https:\/\/api.w.org\/{rel}","templated":true}]}}