{"id":8766,"date":"2026-04-20T16:37:06","date_gmt":"2026-04-20T16:37:06","guid":{"rendered":"http:\/\/woo.apylaser.com\/?post_type=product&#038;p=8766"},"modified":"2026-04-20T16:48:12","modified_gmt":"2026-04-20T16:48:12","slug":"lampe-socle-led-tactile-naissance-a-personnaliser","status":"publish","type":"product","link":"https:\/\/woo.apylaser.com\/?product=lampe-socle-led-tactile-naissance-a-personnaliser","title":{"rendered":"Lampe socle led tactile naissance \u00e0 personnaliser"},"content":{"rendered":"<p>A personnaliser avec le pr\u00e9nom, taille, poids et date<\/p>\n<p>L&rsquo;\u00e9clairage de la lampe led se refl\u00e8te dans tout ce qui est grav\u00e9 sur le plexiglas<\/p>\n<p>Vous pourrez changer les couleurs en touchant le socle sur le dessus ou laisser en al\u00e9atoire<\/p>\n<p>Elle dispose de 12 variations de couleurs<\/p>\n<p>Le socle fonctionne soit branch\u00e9 sur une prise USB sur ordinateur, console de jeux&#8230;.ou sur secteur avec un adaptateur de prise, soit sur piles<\/p>\n<p>Diam\u00e8tre : 18 cm<\/p>\n<p>Epaisseur : 4 mm<\/p>\n<p>Mati\u00e8re : plexiglas pour la d\u00e9coration et plastique noir pour le socle<\/p>\n<p>Cet ensemble comprend le socle, la d\u00e9coration plexiglas, le c\u00e2ble<\/p>\n<p>Le socle est test\u00e9 avant l&rsquo;envoi, il n&rsquo;y aura pas de garantie sur ce produit<\/p><\/p>\n","protected":false},"excerpt":{"rendered":"<p>Cette lampe led tactile sera grav\u00e9e et d\u00e9coup\u00e9e au laser<\/p>\n<p>A personnaliser avec le pr\u00e9nom, taille, poids et date<\/p>\n<p>La photo est \u00e0 titre d&rsquo;exemple et la plaque pas mise dans le socle la partie du bas ne sera pas visible une fois bien emboit\u00e9e dans le socle<\/p>\n","protected":false},"featured_media":6888,"comment_status":"open","ping_status":"closed","template":"","meta":{"site-sidebar-layout":"default","site-content-layout":"","ast-site-content-layout":"default","site-content-style":"default","site-sidebar-style":"default","ast-global-header-display":"","ast-banner-title-visibility":"","ast-main-header-display":"","ast-hfb-above-header-display":"","ast-hfb-below-header-display":"","ast-hfb-mobile-header-display":"","site-post-title":"","ast-breadcrumbs-content":"","ast-featured-img":"","footer-sml-layout":"","ast-disable-related-posts":"","theme-transparent-header-meta":"","adv-header-id-meta":"","stick-header-meta":"","header-above-stick-meta":"","header-main-stick-meta":"","header-below-stick-meta":"","astra-migrate-meta-layouts":"default","ast-page-background-enabled":"default","ast-page-background-meta":{"desktop":{"background-color":"var(--ast-global-color-5)","background-image":"","background-repeat":"repeat","background-position":"center center","background-size":"auto","background-attachment":"scroll","background-type":"","background-media":"","overlay-type":"","overlay-color":"","overlay-opacity":"","overlay-gradient":""},"tablet":{"background-color":"","background-image":"","background-repeat":"repeat","background-position":"center center","background-size":"auto","background-attachment":"scroll","background-type":"","background-media":"","overlay-type":"","overlay-color":"","overlay-opacity":"","overlay-gradient":""},"mobile":{"background-color":"","background-image":"","background-repeat":"repeat","background-position":"center center","background-size":"auto","background-attachment":"scroll","background-type":"","background-media":"","overlay-type":"","overlay-color":"","overlay-opacity":"","overlay-gradient":""}},"ast-content-background-meta":{"desktop":{"background-color":"var(--ast-global-color-4)","background-image":"","background-repeat":"repeat","background-position":"center center","background-size":"auto","background-attachment":"scroll","background-type":"","background-media":"","overlay-type":"","overlay-color":"","overlay-opacity":"","overlay-gradient":""},"tablet":{"background-color":"var(--ast-global-color-4)","background-image":"","background-repeat":"repeat","background-position":"center center","background-size":"auto","background-attachment":"scroll","background-type":"","background-media":"","overlay-type":"","overlay-color":"","overlay-opacity":"","overlay-gradient":""},"mobile":{"background-color":"var(--ast-global-color-4)","background-image":"","background-repeat":"repeat","background-position":"center center","background-size":"auto","background-attachment":"scroll","background-type":"","background-media":"","overlay-type":"","overlay-color":"","overlay-opacity":"","overlay-gradient":""}}},"product_brand":[],"product_cat":[18,41],"product_tag":[],"class_list":{"0":"post-8766","1":"product","2":"type-product","3":"status-publish","4":"has-post-thumbnail","6":"product_cat-a-personnaliser-et-nos-creations","7":"product_cat-lampes-led-lumineuse","8":"desktop-align-left","9":"tablet-align-left","10":"mobile-align-left","12":"first","13":"instock","14":"shipping-taxable","15":"purchasable","16":"product-type-simple"},"_links":{"self":[{"href":"https:\/\/woo.apylaser.com\/index.php?rest_route=\/wp\/v2\/product\/8766","targetHints":{"allow":["GET"]}}],"collection":[{"href":"https:\/\/woo.apylaser.com\/index.php?rest_route=\/wp\/v2\/product"}],"about":[{"href":"https:\/\/woo.apylaser.com\/index.php?rest_route=\/wp\/v2\/types\/product"}],"replies":[{"embeddable":true,"href":"https:\/\/woo.apylaser.com\/index.php?rest_route=%2Fwp%2Fv2%2Fcomments&post=8766"}],"wp:featuredmedia":[{"embeddable":true,"href":"https:\/\/woo.apylaser.com\/index.php?rest_route=\/wp\/v2\/media\/6888"}],"wp:attachment":[{"href":"https:\/\/woo.apylaser.com\/index.php?rest_route=%2Fwp%2Fv2%2Fmedia&parent=8766"}],"wp:term":[{"taxonomy":"product_brand","embeddable":true,"href":"https:\/\/woo.apylaser.com\/index.php?rest_route=%2Fwp%2Fv2%2Fproduct_brand&post=8766"},{"taxonomy":"product_cat","embeddable":true,"href":"https:\/\/woo.apylaser.com\/index.php?rest_route=%2Fwp%2Fv2%2Fproduct_cat&post=8766"},{"taxonomy":"product_tag","embeddable":true,"href":"https:\/\/woo.apylaser.com\/index.php?rest_route=%2Fwp%2Fv2%2Fproduct_tag&post=8766"}],"curies":[{"name":"wp","href":"https:\/\/api.w.org\/{rel}","templated":true}]}}