{"id":8771,"date":"2026-04-20T16:37:06","date_gmt":"2026-04-20T16:37:06","guid":{"rendered":"http:\/\/woo.apylaser.com\/?post_type=product&#038;p=8771"},"modified":"2026-04-20T16:48:12","modified_gmt":"2026-04-20T16:48:12","slug":"forme-pomme-vectoriel-cdr-ai-dxf-svg-fichier-a-telecharger","status":"publish","type":"product","link":"https:\/\/woo.apylaser.com\/?product=forme-pomme-vectoriel-cdr-ai-dxf-svg-fichier-a-telecharger","title":{"rendered":"Forme pomme vectoriel (cdr, ai, dxf, svg) fichier \u00e0 t\u00e9l\u00e9charger"},"content":{"rendered":"<p>Forme pomme<\/p>\n<p>Ce mod\u00e8le est un fichier vectoriel<\/p>\n<p>Il est sous format cdr, ai, dxf, svg<\/p>\n<p>Vous pouvez les utiliser sur coreldraw, illustrator, photofiltre, gimp, inskape, silhouette, cricut &#8230;&#8230;<\/p>\n<p>Une fois votre commande valid\u00e9e et pay\u00e9e, un email automatique vous sera envoy\u00e9 avec un lien de t\u00e9l\u00e9chargement<\/p>\n<p>Le fichier sera sous format zipp\u00e9, il vous suffira de le d\u00e9zipper pour avoir le fichier sous ces 4 formats, je vous met le lien d&rsquo;un logiciel gratuit pour les d\u00e9compresser\u00a0<a href=\"https:\/\/www.nchsoftware.com\/zip\/fr\/index.html\" target=\"_blank\" rel=\"noreferrer noopener\">cliquez ici<\/a><\/p>\n<p>le fichier est en couleur rouge rgb pour la d\u00e9coupe laser qui est facilement modifiable dans la couleur pour vous votre d\u00e9coupe si besoin sur le fichier vectoriel, vous aurez \u00e9galement en contour noir et en forme pleine noir<\/p>\n<p>Les fichiers sont test\u00e9s en gravure et d\u00e9coupe aucunes modifications n&rsquo;est \u00e0 pr\u00e9voir sur la qualit\u00e9 du fichier<\/p>\n<p>Il ne vous reste plus qu&rsquo;\u00e0 le d\u00e9couper sur du bois, du plexiglas, vinyle &#8230;<\/p>\n<p>Les filigranes et APY Laser bien sur ne seront pas pr\u00e9sent sur les fichiers c&rsquo;est juste pour la pr\u00e9sentation des fichiers sur le site<\/p>\n<p>Tous les fichiers sont con\u00e7us et test\u00e9s sur machine laser chez APY Laser, merci de respecter mon travail et de ne pas partager ce fichier il vous est uniquement r\u00e9serv\u00e9<\/p>\n<p>Si vous souhaitez une forme ou taille diff\u00e9rentes, n&rsquo;h\u00e9sitez pas \u00e0 nous contacter pour un devis<\/p><\/p>\n","protected":false},"excerpt":{"rendered":"<p>Fichier \u00e0 t\u00e9l\u00e9charger en format cdr, ai, dxf et svg<\/p>\n<p>Pour d\u00e9coupe laser, cnc, plotter de d\u00e9coupe&#8230;<\/p>\n<p>La forme de la pomme s&rsquo;adapte au pr\u00e9sentoir vendu sur le site <a href=\"https:\/\/apylaser.com\/presentoirs-et-marques-places\/1295-8108-presentoir-pomme-avec-socle-plexiglas.html#\/180-couleur_plexiglas-transparent_2_mm\" target=\"_blank\" rel=\"noreferrer noopener\">en cliquant ici<\/a> elle vous permettra de pouvoir bien caler vos d\u00e9coupes vinyles sur votre logiciel de cr\u00e9ation<\/p>\n<p>Fichier \u00e9labor\u00e9, con\u00e7u et test\u00e9 par apy laser<\/p>\n<p>Les filigranes et APY Laser bien sur ne seront pas pr\u00e9sent sur les fichiers c&rsquo;est juste pour la pr\u00e9sentation des fichiers sur le site<\/p>\n","protected":false},"featured_media":6899,"comment_status":"open","ping_status":"closed","template":"","meta":{"site-sidebar-layout":"default","site-content-layout":"","ast-site-content-layout":"default","site-content-style":"default","site-sidebar-style":"default","ast-global-header-display":"","ast-banner-title-visibility":"","ast-main-header-display":"","ast-hfb-above-header-display":"","ast-hfb-below-header-display":"","ast-hfb-mobile-header-display":"","site-post-title":"","ast-breadcrumbs-content":"","ast-featured-img":"","footer-sml-layout":"","ast-disable-related-posts":"","theme-transparent-header-meta":"","adv-header-id-meta":"","stick-header-meta":"","header-above-stick-meta":"","header-main-stick-meta":"","header-below-stick-meta":"","astra-migrate-meta-layouts":"default","ast-page-background-enabled":"default","ast-page-background-meta":{"desktop":{"background-color":"var(--ast-global-color-5)","background-image":"","background-repeat":"repeat","background-position":"center center","background-size":"auto","background-attachment":"scroll","background-type":"","background-media":"","overlay-type":"","overlay-color":"","overlay-opacity":"","overlay-gradient":""},"tablet":{"background-color":"","background-image":"","background-repeat":"repeat","background-position":"center center","background-size":"auto","background-attachment":"scroll","background-type":"","background-media":"","overlay-type":"","overlay-color":"","overlay-opacity":"","overlay-gradient":""},"mobile":{"background-color":"","background-image":"","background-repeat":"repeat","background-position":"center center","background-size":"auto","background-attachment":"scroll","background-type":"","background-media":"","overlay-type":"","overlay-color":"","overlay-opacity":"","overlay-gradient":""}},"ast-content-background-meta":{"desktop":{"background-color":"var(--ast-global-color-4)","background-image":"","background-repeat":"repeat","background-position":"center center","background-size":"auto","background-attachment":"scroll","background-type":"","background-media":"","overlay-type":"","overlay-color":"","overlay-opacity":"","overlay-gradient":""},"tablet":{"background-color":"var(--ast-global-color-4)","background-image":"","background-repeat":"repeat","background-position":"center center","background-size":"auto","background-attachment":"scroll","background-type":"","background-media":"","overlay-type":"","overlay-color":"","overlay-opacity":"","overlay-gradient":""},"mobile":{"background-color":"var(--ast-global-color-4)","background-image":"","background-repeat":"repeat","background-position":"center center","background-size":"auto","background-attachment":"scroll","background-type":"","background-media":"","overlay-type":"","overlay-color":"","overlay-opacity":"","overlay-gradient":""}}},"product_brand":[],"product_cat":[18,48,49],"product_tag":[],"class_list":{"0":"post-8771","1":"product","2":"type-product","3":"status-publish","4":"has-post-thumbnail","6":"product_cat-a-personnaliser-et-nos-creations","7":"product_cat-fichiers-a-telecharger-pour-laser","8":"product_cat-plotter-de-decoupe","9":"desktop-align-left","10":"tablet-align-left","11":"mobile-align-left","13":"first","14":"instock","15":"shipping-taxable","16":"purchasable","17":"product-type-simple"},"_links":{"self":[{"href":"https:\/\/woo.apylaser.com\/index.php?rest_route=\/wp\/v2\/product\/8771","targetHints":{"allow":["GET"]}}],"collection":[{"href":"https:\/\/woo.apylaser.com\/index.php?rest_route=\/wp\/v2\/product"}],"about":[{"href":"https:\/\/woo.apylaser.com\/index.php?rest_route=\/wp\/v2\/types\/product"}],"replies":[{"embeddable":true,"href":"https:\/\/woo.apylaser.com\/index.php?rest_route=%2Fwp%2Fv2%2Fcomments&post=8771"}],"wp:featuredmedia":[{"embeddable":true,"href":"https:\/\/woo.apylaser.com\/index.php?rest_route=\/wp\/v2\/media\/6899"}],"wp:attachment":[{"href":"https:\/\/woo.apylaser.com\/index.php?rest_route=%2Fwp%2Fv2%2Fmedia&parent=8771"}],"wp:term":[{"taxonomy":"product_brand","embeddable":true,"href":"https:\/\/woo.apylaser.com\/index.php?rest_route=%2Fwp%2Fv2%2Fproduct_brand&post=8771"},{"taxonomy":"product_cat","embeddable":true,"href":"https:\/\/woo.apylaser.com\/index.php?rest_route=%2Fwp%2Fv2%2Fproduct_cat&post=8771"},{"taxonomy":"product_tag","embeddable":true,"href":"https:\/\/woo.apylaser.com\/index.php?rest_route=%2Fwp%2Fv2%2Fproduct_tag&post=8771"}],"curies":[{"name":"wp","href":"https:\/\/api.w.org\/{rel}","templated":true}]}}