{"id":8776,"date":"2026-04-20T16:37:07","date_gmt":"2026-04-20T16:37:07","guid":{"rendered":"http:\/\/woo.apylaser.com\/?post_type=product&#038;p=8776"},"modified":"2026-04-20T16:48:12","modified_gmt":"2026-04-20T16:48:12","slug":"qr-code-carre-grave-sur-acrylique-plexiglas","status":"publish","type":"product","link":"https:\/\/woo.apylaser.com\/?product=qr-code-carre-grave-sur-acrylique-plexiglas","title":{"rendered":"QR Code carr\u00e9 grav\u00e9 sur acrylique  (plexiglas)"},"content":{"rendered":"<p>Ce QR Code sera grav\u00e9 au laser<\/p>\n<p>Ce mod\u00e8le est adapt\u00e9 pour les contours de 4cm propos\u00e9 sur la boutique<\/p>\n<p>Hauteur : 34 mm<\/p>\n<p>Largeur : 34 mm<\/p>\n<p>Mati\u00e8re : acrylique pmma<\/p>\n<p>Le code sera grav\u00e9 et mis en peinture, la couleur choisie est celle de la mati\u00e8re<\/p>\n<p>Pour le plexiglas transparent la gravure sera blanche<\/p>\n<p>Pour le plexiglas noir une peinture blanche sera mise dans la gravure, pour le blanc se sera une peinture noire, celle-ci est ind\u00e9l\u00e9bile une fois s\u00e8che<\/p>\n<p>La taille, forme ou coloris peuvent \u00eatre diff\u00e9rente n&rsquo;h\u00e9sitez pas \u00e0 nous demander un devis<\/p>\n<p>Des prix d\u00e9gressif pour des quantit\u00e9s sur un m\u00eame qr code<\/p><\/p>\n","protected":false},"excerpt":{"rendered":"<p>Le QR Code sera grav\u00e9 au laser sur pmma acrylique (plexiglas, optix&#8230;)<\/p>\n<p>Il vous suffit de nous fournir le qr code en format vectoriel ou de nous mettre le lien sur la fiche ici en dessous<\/p>\n<p>Attention uniquement liens vers site qui seront pris en charge pour cette gravure, tout ce qui est carte de restaurant, catalogue &#8230; la cr\u00e9ation de qr code est uniquement sur devis<\/p>\n","protected":false},"featured_media":0,"comment_status":"open","ping_status":"closed","template":"","meta":{"site-sidebar-layout":"default","site-content-layout":"","ast-site-content-layout":"default","site-content-style":"default","site-sidebar-style":"default","ast-global-header-display":"","ast-banner-title-visibility":"","ast-main-header-display":"","ast-hfb-above-header-display":"","ast-hfb-below-header-display":"","ast-hfb-mobile-header-display":"","site-post-title":"","ast-breadcrumbs-content":"","ast-featured-img":"","footer-sml-layout":"","ast-disable-related-posts":"","theme-transparent-header-meta":"","adv-header-id-meta":"","stick-header-meta":"","header-above-stick-meta":"","header-main-stick-meta":"","header-below-stick-meta":"","astra-migrate-meta-layouts":"default","ast-page-background-enabled":"default","ast-page-background-meta":{"desktop":{"background-color":"var(--ast-global-color-5)","background-image":"","background-repeat":"repeat","background-position":"center center","background-size":"auto","background-attachment":"scroll","background-type":"","background-media":"","overlay-type":"","overlay-color":"","overlay-opacity":"","overlay-gradient":""},"tablet":{"background-color":"","background-image":"","background-repeat":"repeat","background-position":"center center","background-size":"auto","background-attachment":"scroll","background-type":"","background-media":"","overlay-type":"","overlay-color":"","overlay-opacity":"","overlay-gradient":""},"mobile":{"background-color":"","background-image":"","background-repeat":"repeat","background-position":"center center","background-size":"auto","background-attachment":"scroll","background-type":"","background-media":"","overlay-type":"","overlay-color":"","overlay-opacity":"","overlay-gradient":""}},"ast-content-background-meta":{"desktop":{"background-color":"var(--ast-global-color-4)","background-image":"","background-repeat":"repeat","background-position":"center center","background-size":"auto","background-attachment":"scroll","background-type":"","background-media":"","overlay-type":"","overlay-color":"","overlay-opacity":"","overlay-gradient":""},"tablet":{"background-color":"var(--ast-global-color-4)","background-image":"","background-repeat":"repeat","background-position":"center center","background-size":"auto","background-attachment":"scroll","background-type":"","background-media":"","overlay-type":"","overlay-color":"","overlay-opacity":"","overlay-gradient":""},"mobile":{"background-color":"var(--ast-global-color-4)","background-image":"","background-repeat":"repeat","background-position":"center center","background-size":"auto","background-attachment":"scroll","background-type":"","background-media":"","overlay-type":"","overlay-color":"","overlay-opacity":"","overlay-gradient":""}}},"product_brand":[],"product_cat":[18,86],"product_tag":[],"class_list":{"0":"post-8776","1":"product","2":"type-product","3":"status-publish","5":"product_cat-a-personnaliser-et-nos-creations","6":"product_cat-qr-code","7":"desktop-align-left","8":"tablet-align-left","9":"mobile-align-left","11":"first","12":"instock","13":"shipping-taxable","14":"purchasable","15":"product-type-simple"},"_links":{"self":[{"href":"https:\/\/woo.apylaser.com\/index.php?rest_route=\/wp\/v2\/product\/8776","targetHints":{"allow":["GET"]}}],"collection":[{"href":"https:\/\/woo.apylaser.com\/index.php?rest_route=\/wp\/v2\/product"}],"about":[{"href":"https:\/\/woo.apylaser.com\/index.php?rest_route=\/wp\/v2\/types\/product"}],"replies":[{"embeddable":true,"href":"https:\/\/woo.apylaser.com\/index.php?rest_route=%2Fwp%2Fv2%2Fcomments&post=8776"}],"wp:attachment":[{"href":"https:\/\/woo.apylaser.com\/index.php?rest_route=%2Fwp%2Fv2%2Fmedia&parent=8776"}],"wp:term":[{"taxonomy":"product_brand","embeddable":true,"href":"https:\/\/woo.apylaser.com\/index.php?rest_route=%2Fwp%2Fv2%2Fproduct_brand&post=8776"},{"taxonomy":"product_cat","embeddable":true,"href":"https:\/\/woo.apylaser.com\/index.php?rest_route=%2Fwp%2Fv2%2Fproduct_cat&post=8776"},{"taxonomy":"product_tag","embeddable":true,"href":"https:\/\/woo.apylaser.com\/index.php?rest_route=%2Fwp%2Fv2%2Fproduct_tag&post=8776"}],"curies":[{"name":"wp","href":"https:\/\/api.w.org\/{rel}","templated":true}]}}