{"id":8816,"date":"2026-04-20T16:37:14","date_gmt":"2026-04-20T16:37:14","guid":{"rendered":"http:\/\/woo.apylaser.com\/?post_type=product&#038;p=8816"},"modified":"2026-04-20T16:48:14","modified_gmt":"2026-04-20T16:48:14","slug":"fleur-plexiglas-a-suspendre-divers-coloris","status":"publish","type":"product","link":"https:\/\/woo.apylaser.com\/?product=fleur-plexiglas-a-suspendre-divers-coloris","title":{"rendered":"Fleur plexiglas \u00e0 suspendre (divers coloris)"},"content":{"rendered":"<p>Fleur plexiglas \u00e0 personnaliser<\/p>\n<p>Diam\u00e8tre : 14,5 cm<\/p>\n<p>Quantit\u00e9 : 1 pi\u00e8ce<\/p>\n<p>Pour voir le transparent givr\u00e9 en vid\u00e9o\u00a0<strong><a href=\"https:\/\/www.tiktok.com\/@apylaser\/video\/7167365158929534213?is_from_webapp=1&amp;sender_device=pc&amp;web_id=7169867422781277702\" target=\"_blank\" rel=\"noreferrer noopener\">cliquez ici<\/a> <\/strong>et pour voir les couleurs cr\u00e8me et le givr\u00e9 blanc (c&rsquo;est le 3\u00e8me pr\u00e9sent\u00e9 sur la vid\u00e9o)<strong> <a href=\"https:\/\/www.tiktok.com\/@apylaser\/video\/7228576271603748123?is_from_webapp=1&amp;sender_device=pc&amp;web_id=7169867422781277702\" target=\"_blank\" rel=\"noreferrer noopener\">cliquez ici<\/a><\/strong><\/p>\n<p>Ces fleurs en plexiglas sont \u00e0 personnaliser avec du vinyle, de la peinture, des paillettes, de la r\u00e9sine, des d\u00e9coupes bois&#8230;<\/p>\n<p>Le plexiglas est une mati\u00e8re r\u00e9sistante, transparente et brillante qui sera du plus bel effet<\/p>\n<p>Si vous souhaitez une taille, une forme diff\u00e9rente n&rsquo;h\u00e9sitez pas \u00e0 nous envoyer un message pour un devis<\/p>\n<p>Apportez une touche florale et \u00e9l\u00e9gante \u00e0 votre d\u00e9coration avec cette fleur en plexiglas \u00e0 suspendre.<\/p>\n<p>L\u00e9g\u00e8re et raffin\u00e9e, elle s\u2019int\u00e8gre parfaitement \u00e0 tout int\u00e9rieur ou \u00e9v\u00e9nement.<\/p>\n<p>Disponible en plusieurs couleurs et tailles, elle illumine votre espace avec modernit\u00e9 et d\u00e9licatesse.<\/p>\n<p>Id\u00e9ale pour mariages, anniversaires, chambre d&rsquo;enfant ou d\u00e9corations personnalis\u00e9es.<\/p>\n","protected":false},"excerpt":{"rendered":"<p>Fleur plexiglas \u00e0 personnaliser avec du vinyle, de la peinture, des paillettes&#8230;<\/p>\n<p><strong>Dans la description vous avez des liens pour voir en vid\u00e9os les couleurs<\/strong><\/p>\n<p><span style=\"text-decoration:underline;color:#ed0966;\"><strong>Attention le givr\u00e9 transparent 1 c\u00f4t\u00e9 comme mis dans la description est transparent et pas opaque il vous faudra choisir le givr\u00e9 blanc<\/strong><\/span><\/p>\n","protected":false},"featured_media":6949,"comment_status":"open","ping_status":"closed","template":"","meta":{"site-sidebar-layout":"default","site-content-layout":"","ast-site-content-layout":"default","site-content-style":"default","site-sidebar-style":"default","ast-global-header-display":"","ast-banner-title-visibility":"","ast-main-header-display":"","ast-hfb-above-header-display":"","ast-hfb-below-header-display":"","ast-hfb-mobile-header-display":"","site-post-title":"","ast-breadcrumbs-content":"","ast-featured-img":"","footer-sml-layout":"","ast-disable-related-posts":"","theme-transparent-header-meta":"","adv-header-id-meta":"","stick-header-meta":"","header-above-stick-meta":"","header-main-stick-meta":"","header-below-stick-meta":"","astra-migrate-meta-layouts":"default","ast-page-background-enabled":"default","ast-page-background-meta":{"desktop":{"background-color":"var(--ast-global-color-5)","background-image":"","background-repeat":"repeat","background-position":"center center","background-size":"auto","background-attachment":"scroll","background-type":"","background-media":"","overlay-type":"","overlay-color":"","overlay-opacity":"","overlay-gradient":""},"tablet":{"background-color":"","background-image":"","background-repeat":"repeat","background-position":"center center","background-size":"auto","background-attachment":"scroll","background-type":"","background-media":"","overlay-type":"","overlay-color":"","overlay-opacity":"","overlay-gradient":""},"mobile":{"background-color":"","background-image":"","background-repeat":"repeat","background-position":"center center","background-size":"auto","background-attachment":"scroll","background-type":"","background-media":"","overlay-type":"","overlay-color":"","overlay-opacity":"","overlay-gradient":""}},"ast-content-background-meta":{"desktop":{"background-color":"var(--ast-global-color-4)","background-image":"","background-repeat":"repeat","background-position":"center center","background-size":"auto","background-attachment":"scroll","background-type":"","background-media":"","overlay-type":"","overlay-color":"","overlay-opacity":"","overlay-gradient":""},"tablet":{"background-color":"var(--ast-global-color-4)","background-image":"","background-repeat":"repeat","background-position":"center center","background-size":"auto","background-attachment":"scroll","background-type":"","background-media":"","overlay-type":"","overlay-color":"","overlay-opacity":"","overlay-gradient":""},"mobile":{"background-color":"var(--ast-global-color-4)","background-image":"","background-repeat":"repeat","background-position":"center center","background-size":"auto","background-attachment":"scroll","background-type":"","background-media":"","overlay-type":"","overlay-color":"","overlay-opacity":"","overlay-gradient":""}}},"product_brand":[],"product_cat":[56,72,60,59],"product_tag":[],"class_list":{"0":"post-8816","1":"product","2":"type-product","3":"status-publish","4":"has-post-thumbnail","6":"product_cat-formes-a-personnaliser","7":"product_cat-marques-pages","8":"product_cat-naissances","9":"product_cat-themes-enfants","10":"desktop-align-left","11":"tablet-align-left","12":"mobile-align-left","14":"first","15":"instock","16":"shipping-taxable","17":"purchasable","18":"product-type-simple"},"_links":{"self":[{"href":"https:\/\/woo.apylaser.com\/index.php?rest_route=\/wp\/v2\/product\/8816","targetHints":{"allow":["GET"]}}],"collection":[{"href":"https:\/\/woo.apylaser.com\/index.php?rest_route=\/wp\/v2\/product"}],"about":[{"href":"https:\/\/woo.apylaser.com\/index.php?rest_route=\/wp\/v2\/types\/product"}],"replies":[{"embeddable":true,"href":"https:\/\/woo.apylaser.com\/index.php?rest_route=%2Fwp%2Fv2%2Fcomments&post=8816"}],"wp:featuredmedia":[{"embeddable":true,"href":"https:\/\/woo.apylaser.com\/index.php?rest_route=\/wp\/v2\/media\/6949"}],"wp:attachment":[{"href":"https:\/\/woo.apylaser.com\/index.php?rest_route=%2Fwp%2Fv2%2Fmedia&parent=8816"}],"wp:term":[{"taxonomy":"product_brand","embeddable":true,"href":"https:\/\/woo.apylaser.com\/index.php?rest_route=%2Fwp%2Fv2%2Fproduct_brand&post=8816"},{"taxonomy":"product_cat","embeddable":true,"href":"https:\/\/woo.apylaser.com\/index.php?rest_route=%2Fwp%2Fv2%2Fproduct_cat&post=8816"},{"taxonomy":"product_tag","embeddable":true,"href":"https:\/\/woo.apylaser.com\/index.php?rest_route=%2Fwp%2Fv2%2Fproduct_tag&post=8816"}],"curies":[{"name":"wp","href":"https:\/\/api.w.org\/{rel}","templated":true}]}}