{"id":8819,"date":"2026-04-20T16:37:14","date_gmt":"2026-04-20T16:37:14","guid":{"rendered":"http:\/\/woo.apylaser.com\/?post_type=product&#038;p=8819"},"modified":"2026-04-20T16:48:14","modified_gmt":"2026-04-20T16:48:14","slug":"pendentif-coeur-acier-inoxydable-pour-gravure-laser-5pieces","status":"publish","type":"product","link":"https:\/\/woo.apylaser.com\/?product=pendentif-coeur-acier-inoxydable-pour-gravure-laser-5pieces","title":{"rendered":"Pendentif coeur acier inoxydable pour gravure laser (5pi\u00e8ces)"},"content":{"rendered":"<p>Pendentif coeur acier inoxydable pour gravure laser<\/p>\n<p>Hauteur : 40 mm<\/p>\n<p>Largeur : 33 mm<\/p>\n<p>Quantit\u00e9 : 5 pi\u00e8ces<\/p>\n<p>Mati\u00e8re : acier inoxydable<\/p>\n<p>Se grave avec laser fibr\u00e9<\/p>\n<p>Si CO2 ou diode avec produit style marque Cermark qu&rsquo;il faut appliquer sur le pendentif laissez s\u00e9cher et ensuite mettre en gravure et nettoyer le pendentif avec un peu d&rsquo;eau vous aurez une gravure bien noire.<\/p>\n<p>Explorez notre collection de pendentifs en acier inoxydable, incluant des mod\u00e8les c\u0153ur parfaits pour la gravure laser personnalis\u00e9e.<\/p>\n<p>Id\u00e9al pour cr\u00e9er des cadeaux uniques ou des souvenirs pr\u00e9cieux, chaque pendentif peut \u00eatre grav\u00e9 avec un message sp\u00e9cial, un pr\u00e9nom ou une date importante.<\/p>\n<p>Offrez un bijou personnalis\u00e9 qui allie \u00e9l\u00e9gance, durabilit\u00e9 et originalit\u00e9.<\/p>\n<p>Que ce soit pour un anniversaire, un mariage ou toute autre occasion, nos pendentifs sont con\u00e7us pour \u00eatre des souvenirs inoubliables. Commandez en ligne et personnalisez vous m\u00eame votre pendentif \u00e0 la perfection.<\/p>\n","protected":false},"excerpt":{"rendered":"<p>D\u00e9couvrez nos pendentifs c\u0153ur en acier inoxydable, parfait pour la gravure laser<\/p>\n<p>En lot de 5 pi\u00e8ces<\/p>\n<p>Se grave de chaque c\u00f4t\u00e9<\/p>\n<p>Sur la photo ils ont un rendu mat mais en r\u00e9alit\u00e9 sont bien brillant<\/p>\n<p>La 2 \u00e8me photo est \u00e0 titre d&rsquo;exemple<\/p><\/p>\n","protected":false},"featured_media":8821,"comment_status":"open","ping_status":"closed","template":"","meta":{"site-sidebar-layout":"default","site-content-layout":"","ast-site-content-layout":"default","site-content-style":"default","site-sidebar-style":"default","ast-global-header-display":"","ast-banner-title-visibility":"","ast-main-header-display":"","ast-hfb-above-header-display":"","ast-hfb-below-header-display":"","ast-hfb-mobile-header-display":"","site-post-title":"","ast-breadcrumbs-content":"","ast-featured-img":"","footer-sml-layout":"","ast-disable-related-posts":"","theme-transparent-header-meta":"","adv-header-id-meta":"","stick-header-meta":"","header-above-stick-meta":"","header-main-stick-meta":"","header-below-stick-meta":"","astra-migrate-meta-layouts":"default","ast-page-background-enabled":"default","ast-page-background-meta":{"desktop":{"background-color":"var(--ast-global-color-5)","background-image":"","background-repeat":"repeat","background-position":"center center","background-size":"auto","background-attachment":"scroll","background-type":"","background-media":"","overlay-type":"","overlay-color":"","overlay-opacity":"","overlay-gradient":""},"tablet":{"background-color":"","background-image":"","background-repeat":"repeat","background-position":"center center","background-size":"auto","background-attachment":"scroll","background-type":"","background-media":"","overlay-type":"","overlay-color":"","overlay-opacity":"","overlay-gradient":""},"mobile":{"background-color":"","background-image":"","background-repeat":"repeat","background-position":"center center","background-size":"auto","background-attachment":"scroll","background-type":"","background-media":"","overlay-type":"","overlay-color":"","overlay-opacity":"","overlay-gradient":""}},"ast-content-background-meta":{"desktop":{"background-color":"var(--ast-global-color-4)","background-image":"","background-repeat":"repeat","background-position":"center center","background-size":"auto","background-attachment":"scroll","background-type":"","background-media":"","overlay-type":"","overlay-color":"","overlay-opacity":"","overlay-gradient":""},"tablet":{"background-color":"var(--ast-global-color-4)","background-image":"","background-repeat":"repeat","background-position":"center center","background-size":"auto","background-attachment":"scroll","background-type":"","background-media":"","overlay-type":"","overlay-color":"","overlay-opacity":"","overlay-gradient":""},"mobile":{"background-color":"var(--ast-global-color-4)","background-image":"","background-repeat":"repeat","background-position":"center center","background-size":"auto","background-attachment":"scroll","background-type":"","background-media":"","overlay-type":"","overlay-color":"","overlay-opacity":"","overlay-gradient":""}}},"product_brand":[],"product_cat":[19,90],"product_tag":[],"class_list":{"0":"post-8819","1":"product","2":"type-product","3":"status-publish","4":"has-post-thumbnail","6":"product_cat-de-produits","7":"product_cat-pendentifs-pour-gravure-laser","8":"desktop-align-left","9":"tablet-align-left","10":"mobile-align-left","12":"first","13":"instock","14":"shipping-taxable","15":"purchasable","16":"product-type-simple"},"_links":{"self":[{"href":"https:\/\/woo.apylaser.com\/index.php?rest_route=\/wp\/v2\/product\/8819","targetHints":{"allow":["GET"]}}],"collection":[{"href":"https:\/\/woo.apylaser.com\/index.php?rest_route=\/wp\/v2\/product"}],"about":[{"href":"https:\/\/woo.apylaser.com\/index.php?rest_route=\/wp\/v2\/types\/product"}],"replies":[{"embeddable":true,"href":"https:\/\/woo.apylaser.com\/index.php?rest_route=%2Fwp%2Fv2%2Fcomments&post=8819"}],"wp:featuredmedia":[{"embeddable":true,"href":"https:\/\/woo.apylaser.com\/index.php?rest_route=\/wp\/v2\/media\/8821"}],"wp:attachment":[{"href":"https:\/\/woo.apylaser.com\/index.php?rest_route=%2Fwp%2Fv2%2Fmedia&parent=8819"}],"wp:term":[{"taxonomy":"product_brand","embeddable":true,"href":"https:\/\/woo.apylaser.com\/index.php?rest_route=%2Fwp%2Fv2%2Fproduct_brand&post=8819"},{"taxonomy":"product_cat","embeddable":true,"href":"https:\/\/woo.apylaser.com\/index.php?rest_route=%2Fwp%2Fv2%2Fproduct_cat&post=8819"},{"taxonomy":"product_tag","embeddable":true,"href":"https:\/\/woo.apylaser.com\/index.php?rest_route=%2Fwp%2Fv2%2Fproduct_tag&post=8819"}],"curies":[{"name":"wp","href":"https:\/\/api.w.org\/{rel}","templated":true}]}}