{"id":8834,"date":"2026-04-20T16:37:24","date_gmt":"2026-04-20T16:37:24","guid":{"rendered":"http:\/\/woo.apylaser.com\/?post_type=product&#038;p=8834"},"modified":"2026-04-20T16:48:14","modified_gmt":"2026-04-20T16:48:14","slug":"disque-etape-bebe-plexiglas-95cm-12-coeurs","status":"publish","type":"product","link":"https:\/\/woo.apylaser.com\/?product=disque-etape-bebe-plexiglas-95cm-12-coeurs","title":{"rendered":"Disque \u00e9tape b\u00e9b\u00e9 plexiglas 9,5cm + 12 coeurs"},"content":{"rendered":"<p>Disque plexiglas \u00e0 personnaliser<\/p>\n<p>Diam\u00e8tre : 9,5 cm<\/p>\n<p>\u00c9paisseur : 2 mm<\/p>\n<p>Quantit\u00e9 : 1 disque + 12 c\u0153urs <\/p>\n<p>Ce disque en plexiglas sont \u00e0 personnaliser avec du vinyle, de la peinture, des paillettes, de la r\u00e9sine, des d\u00e9coupes bois&#8230;<\/p>\n<p>Si vous souhaitez une taille, couleur ou une forme diff\u00e9rente n&rsquo;h\u00e9sitez pas \u00e0 nous envoyer un message pour un devis<\/p>\n<p>Capturez chaque moment pr\u00e9cieux de la croissance de votre b\u00e9b\u00e9 avec ce magnifique <strong>disque en plexiglas acrylique.<\/strong><\/p>\n<p>Con\u00e7u pour marquer les \u00e9tapes cl\u00e9s, ce disque est id\u00e9al pour les s\u00e9ances photo mensuelles, les souvenirs de naissance ou comme cadeau unique pour une baby shower.<\/p>\n<p>Personnalisez le disque et sur chaque coeur vous pourrez mettre les chiffres de l&rsquo;\u00e2ge de votre b\u00e9b\u00e9 \u00e0 venir poser sur le disque pour la photo<\/p>\n<p><strong>Caract\u00e9ristiques :<\/strong><br \/>Mat\u00e9riau : Plexiglas acrylique de haute qualit\u00e9<br \/> Id\u00e9al pour suivre l&rsquo;\u00e9volution de b\u00e9b\u00e9 mois apr\u00e8s mois<br \/> Parfait pour les photos souvenirs et albums<\/p>\n<p>Offrez un souvenir unique et intemporel<\/p><\/p>\n","protected":false},"excerpt":{"rendered":"<p>Disque avec 12 c\u0153urs pour les photos de votre bout de chou<\/p>\n<p>Personnalisez le disque et sur chaque coeur vous pourrez mettre les chiffres de l&rsquo;\u00e2ge de votre b\u00e9b\u00e9 \u00e0 venir poser sur le disque pour la photo<\/p><\/p>\n","protected":false},"featured_media":8853,"comment_status":"open","ping_status":"closed","template":"","meta":{"site-sidebar-layout":"default","site-content-layout":"","ast-site-content-layout":"default","site-content-style":"default","site-sidebar-style":"default","ast-global-header-display":"","ast-banner-title-visibility":"","ast-main-header-display":"","ast-hfb-above-header-display":"","ast-hfb-below-header-display":"","ast-hfb-mobile-header-display":"","site-post-title":"","ast-breadcrumbs-content":"","ast-featured-img":"","footer-sml-layout":"","ast-disable-related-posts":"","theme-transparent-header-meta":"","adv-header-id-meta":"","stick-header-meta":"","header-above-stick-meta":"","header-main-stick-meta":"","header-below-stick-meta":"","astra-migrate-meta-layouts":"default","ast-page-background-enabled":"default","ast-page-background-meta":{"desktop":{"background-color":"var(--ast-global-color-5)","background-image":"","background-repeat":"repeat","background-position":"center center","background-size":"auto","background-attachment":"scroll","background-type":"","background-media":"","overlay-type":"","overlay-color":"","overlay-opacity":"","overlay-gradient":""},"tablet":{"background-color":"","background-image":"","background-repeat":"repeat","background-position":"center center","background-size":"auto","background-attachment":"scroll","background-type":"","background-media":"","overlay-type":"","overlay-color":"","overlay-opacity":"","overlay-gradient":""},"mobile":{"background-color":"","background-image":"","background-repeat":"repeat","background-position":"center center","background-size":"auto","background-attachment":"scroll","background-type":"","background-media":"","overlay-type":"","overlay-color":"","overlay-opacity":"","overlay-gradient":""}},"ast-content-background-meta":{"desktop":{"background-color":"var(--ast-global-color-4)","background-image":"","background-repeat":"repeat","background-position":"center center","background-size":"auto","background-attachment":"scroll","background-type":"","background-media":"","overlay-type":"","overlay-color":"","overlay-opacity":"","overlay-gradient":""},"tablet":{"background-color":"var(--ast-global-color-4)","background-image":"","background-repeat":"repeat","background-position":"center center","background-size":"auto","background-attachment":"scroll","background-type":"","background-media":"","overlay-type":"","overlay-color":"","overlay-opacity":"","overlay-gradient":""},"mobile":{"background-color":"var(--ast-global-color-4)","background-image":"","background-repeat":"repeat","background-position":"center center","background-size":"auto","background-attachment":"scroll","background-type":"","background-media":"","overlay-type":"","overlay-color":"","overlay-opacity":"","overlay-gradient":""}}},"product_brand":[],"product_cat":[56,60,59],"product_tag":[],"class_list":{"0":"post-8834","1":"product","2":"type-product","3":"status-publish","4":"has-post-thumbnail","6":"product_cat-formes-a-personnaliser","7":"product_cat-naissances","8":"product_cat-themes-enfants","9":"desktop-align-left","10":"tablet-align-left","11":"mobile-align-left","13":"first","14":"instock","15":"shipping-taxable","16":"purchasable","17":"product-type-simple"},"_links":{"self":[{"href":"https:\/\/woo.apylaser.com\/index.php?rest_route=\/wp\/v2\/product\/8834","targetHints":{"allow":["GET"]}}],"collection":[{"href":"https:\/\/woo.apylaser.com\/index.php?rest_route=\/wp\/v2\/product"}],"about":[{"href":"https:\/\/woo.apylaser.com\/index.php?rest_route=\/wp\/v2\/types\/product"}],"replies":[{"embeddable":true,"href":"https:\/\/woo.apylaser.com\/index.php?rest_route=%2Fwp%2Fv2%2Fcomments&post=8834"}],"wp:featuredmedia":[{"embeddable":true,"href":"https:\/\/woo.apylaser.com\/index.php?rest_route=\/wp\/v2\/media\/8853"}],"wp:attachment":[{"href":"https:\/\/woo.apylaser.com\/index.php?rest_route=%2Fwp%2Fv2%2Fmedia&parent=8834"}],"wp:term":[{"taxonomy":"product_brand","embeddable":true,"href":"https:\/\/woo.apylaser.com\/index.php?rest_route=%2Fwp%2Fv2%2Fproduct_brand&post=8834"},{"taxonomy":"product_cat","embeddable":true,"href":"https:\/\/woo.apylaser.com\/index.php?rest_route=%2Fwp%2Fv2%2Fproduct_cat&post=8834"},{"taxonomy":"product_tag","embeddable":true,"href":"https:\/\/woo.apylaser.com\/index.php?rest_route=%2Fwp%2Fv2%2Fproduct_tag&post=8834"}],"curies":[{"name":"wp","href":"https:\/\/api.w.org\/{rel}","templated":true}]}}